{"id":6629,"date":"2025-09-18T15:07:58","date_gmt":"2025-09-18T15:07:58","guid":{"rendered":"https:\/\/zoonatie.be\/product\/yourdog-braque-francais-type-pyrenees-senior-3-kg\/"},"modified":"2025-09-22T16:49:36","modified_gmt":"2025-09-22T16:49:36","slug":"yourdog-braque-francais-type-pyrenees-senior-3-kg","status":"publish","type":"product","link":"https:\/\/zoonatie.be\/en\/product\/yourdog-braque-francais-type-pyrenees-senior-3-kg\/","title":{"rendered":"YOURDOG BRAQUE FRAN\u00c7AIS TYPE PYR\u00c9N\u00c9ES SENIOR"},"content":{"rendered":"<p>Yourdog Braque Fran\u00e7ais type pyr&#233;n&#233;es zorgt voor de holistische gezondheid en het welzijn van jouw hond. Alle Yourdog varianten bevatten smaakvolle buffel en kip. Wij combineren dit met zorgvuldig geselecteerde groenten&#44; fruit en kruiden om zo te komen tot de perfecte voeding voor jouw Braque Fran\u00e7ais type pyr&#233;n&#233;es.<\/p>\n<p><strong>Waarom Yourdog Braque Fran\u00e7ais type pyr&#233;n&#233;es <\/strong><\/p>\n<ul>\n<li>Rich in buffalo and poultry<\/li>\n<li>Speciaal gemaakt voor de Braque Fran\u00e7ais type pyr&#233;n&#233;es<\/li>\n<li>Bevat Glucosamine&#44; Chondro&#239;tine en Bosbes<\/li>\n<li>Promotes a healthy, shiny coat<\/li>\n<li>Maintain a healthy gut flora<\/li>\n<li>Free of artificial fragrances, colors or flavors<\/li>\n<li>Ook geschikt voor de gevoelige Braque Fran\u00e7ais type pyr&#233;n&#233;es<\/li>\n<\/ul>\n<p><strong>Our ingredients<\/strong><\/p>\n<p>To make our food, for a 12 kg bag, 10.6 kg of meat is dehydrated so that it can be better incorporated into our kibble. With the right amount of vegetables, fruits and herbs, Yourdog is a healthy, nutritious choice for dogs.<\/p>\n<p><i>Buffalo<\/i><\/p>\n<p>At Yourdog, we use meat from freely raised and grass-fed buffalo. Known for its creamy, fresh flavor and rich color, buffalo meat is packed with vitamins and minerals. With lower cholesterol and fat and fewer calories, this tender meat is packed with health benefits.<\/p>\n<\/p>\n<p><i>Poultry<\/i><\/p>\n<p>At Yourdog we use duck, chicken and turkey which together provide a delicious taste and aroma of the kibble. The highly digestible proteins in the poultry ensure good muscle building and are rich in vitamins and minerals.<\/p>\n<\/p>\n<p><i>Vegetable<\/i><\/p>\n<p>To provide the dog with additional valuable nutrients, super-healthy vegetables have been added to our food. Thus, vegetables are not only nutritious, but also have other healthy properties. The crude fiber in vegetables is good for the intestines and can contribute to digestion, among other things.<\/p>\n<\/p>\n<p><i>Fruit<\/i><\/p>\n<p>We add a unique combination of fruits to Yourdog, giving the dog all the essential, natural antioxidants. So fruit can be good for the dog's immune system, but it can also contribute to fresh breath or maintaining healthy digestion. These natural ingredients promote the dog's health.<\/p>\n<p><i>Herbs<\/i><\/p>\n<p>The healthy herbs that enrich our feed come from plants from Europe. The use of herbs, roots, flowers, plants and seaweeds, among others, traces its origins back thousands of years. These ingredients support natural processes in the dog's body, such as digestion. Every ingredient we add to our dog food is carefully selected for its positive properties. Depending on the dog's size, breed or breed group, ingredients are given extra attention. Breed-specific complaints can be reduced through the use of herbs, roots, flowers and plants.<\/p>\n<\/p>\n<p><strong>Braque Fran\u00e7ais type pyr&#233;n&#233;es specifieke groente&#44; kruiden en fruit<\/strong><\/p>\n<p>Wij hebben zorgvuldig de raseigenschappen van de Braque Fran\u00e7ais type pyr&#233;n&#233;es onderzocht. Ook hebben we onderzoek gedaan naar de eigenschappen van de FCI-ras sectie en de FCI-rasgroep waar de Braque Fran\u00e7ais type pyr&#233;n&#233;es toe behoort. Uit deze onderzoeken zijn&#44; in overleg met vooraanstaande Nederlandse voedingsdeskundige&#44; ingredi&#235;nten geselecteerd die de gezondheid en het welzijn van de Braque Fran\u00e7ais type pyr&#233;n&#233;es optimaal ten goede komen.<\/p>\n<p>Glucosamine <\/p>\n<p>Glucosamine is een lichaamseigen stof die te vinden is in gewrichten&#44; kraakbeen&#44; gewrichtsvloeistof en pezen. Glucosamine stimuleert het aanmaken van kraakbeen en het soepel houden van gewrichten.<\/p>\n<\/p>\n<p>Glucosamine is een van de meest gebruikte supplementen voor honden met artrose en\/of gewrichtsproblemen. Dit is niet alleen het geval bij oudere honden&#44; of (te) zware honden&#44; maar ook steeds meer bij jongere&#44; zeer beweeglijke honden. Bijvoorbeeld door een erfelijke aanleg voor gewrichtsproblemen. Om deze en andere redenen wordt er glucosamine toegevoegd aan ons hondenvoer.<\/p>\n<p>Chondro&#239;tine <\/p>\n<p>Chondro&#239;tine komt van nature voor in het lichaam van de hond en is een van de belangrijkste bestanddelen van het kraakbeenweefsel. Bij honden is chondro&#239;tine in staat om het vocht aan te trekken en vast te houden&#44; dit zou voor een sponsachtige vering moeten zorgen in het kraakbeen.<\/p>\n<p>Chondro&#239;tine verbetert de soepelheid van het kraakbeen en heeft hiernaast een pijnstillende en ontstekingsremmende werking. Hiernaast stimuleert het ook de productie van de bouwstenen die dienen voor gezond kraakbeen.<\/p>\n<p>Indien chondro&#239;tine in combinatie met glucosamine wordt gegeven&#44; ondersteunt en versterkt het de werking van glucosamine. Het wordt dan ook vaak als voedingssupplement gegeven voor mensen en dieren die lijden aan artrose.<\/p>\n<p>Bosbes <\/p>\n<p>Bosbessen behoren tot de heidefamilie van de planten en groeien voornamelijk in de open bossen in het noordelijk halfrond. De plant wordt al voor langere tijd gebruikt in de traditionele Europese geneeskunde en zou bekend staan om de positieve effecten bij ziektes van het maagdarmstelsel en diabetes.<\/p>\n<p>Bosbessen kunnen worden toegevoegd aan ons hondenvoer omdat ze rijk zijn aan antioxidanten&#44; welke het lichaam beschermen tegen vrije radicalen. Daarnaast bevatten ze goede vezels voor de spijsvertering en zijn de bessen rijk aan vitamine C en K. Het zou ondersteunend kunnen werken op het immuunsysteem en kunnen bijdragen aan de algehele gezondheid van de hond.<\/p>\n<p><strong>Pup, adult or senior?<\/strong><\/p>\n<p>Om je te helpen bij het maken van de juiste keuze tussen onze varianten Braque Fran\u00e7ais type pyr&#233;n&#233;es hondenvoer kun je gebruik maken van de volgende richtlijnen. Is jouw Braque Fran\u00e7ais type pyr&#233;n&#233;es jonger dan 11 maanden&#44; kies dan voor de Puppy variant. Voor een Braque Fran\u00e7ais type pyr&#233;n&#233;es ouder dan 7 jaar adviseren we de Yourdog Braque Fran\u00e7ais type pyr&#233;n&#233;es senior. Is jouw hond ouder dan 11 maanden en jonger dan 7 jaar&#44; dan kun je de Adult variant kiezen.<\/p>\n<\/p>\n<p><strong>Palatability Guarantee <\/strong><\/p>\n<p>Wij zijn overtuigd van de kwaliteit van onze voeding. Daarom geven wij op alle Yourdog verpakkingen een smakelijkheidsgarantie. Lijkt jouw Braque Fran\u00e7ais type pyr&#233;n&#233;es zijn Yourdog hondenvoer toch niet lekker te vinden&#44; neem dan contact met ons op. Wij helpen je bij het analyseren van de problemen. Komen we er samen niet uit dan krijg je van ons het aankoopbedrag terug.<\/p>\n<\/p>\n<p><strong>Nutritional advice<\/strong><\/p>\n<table>\n<tr>\n<td>Body weight (kg)<\/td>\n<td>Daily amount (g)<\/td>\n<\/tr>\n<tr>\n<td>10 &#8211; 20<\/td>\n<td>190 &#8211; 315<\/td>\n<\/tr>\n<tr>\n<td>20 &#8211; 40<\/td>\n<td>315 &#8211; 525<\/td>\n<\/tr>\n<tr>\n<td>40 &#8211; 60<\/td>\n<td>525 &#8211; 750<\/td>\n<\/tr>\n<\/table>\n<p><strong>Switching advice<\/strong><\/p>\n<p>Stap je over op Yourdog vanaf een ander voermerk dan adviseren wij de volgende stappen te volgen. Voor de eerste stap voer je 25% Yourdog en 75% van het oude hondenvoer. De hond kan hier gedurende twee dagen aan wennen. Vervolgens voer je 50% Yourdog en 50% van het oude hondenvoer. Het is belangrijk dat je de hond ook hier weer twee of drie dagen aan laat wennen. Daarna meng je 75% Yourdog en 25% van het oude hondenvoer. De hond is nu bijna helemaal over op Yourdog. Doe dit gedurende 2 dagen. Naar eigen inzicht kun je hierna 100% Yourdog Braque Fran\u00e7ais type pyr&#233;n&#233;es hondenvoer gaan voeren.<\/p>\n<p><strong>Storage advice<\/strong><\/p>\n<p>After opening the Yourdog packaging, the food is exposed to oxygen, moisture and light, which can affect its shelf life and taste. Therefore, it is important to store the food properly after opening the bag, preferably in an airtight storage box or barrel in a dry, cool and dark place. It is best not to put the food loose in the barrel, but put it in the barrel with the whole bag, which you reseal as best you can.<\/p>\n<p><strong>Composition<\/strong><\/p>\n<p>Ma&#239;s&#44; gedroogde kip (23%)&#44; gerst&#44; erwten&#44; gedroogde buffel (3.5%)&#44; gevogeltevet&#44; choline chloride&#44; glucosamine&#44; chondroitine&#44; groentemix (met o.a. tomaat)&#44; fruitmix (met o.a. bosbes)&#44; kruidenmix (met o.a. zoethoutwortel) <\/p>\n<\/p>\n<p><strong>Analytical constituents<\/strong><\/p>\n<p>Crude protein 24%, crude fat 8%, crude fiber 3.9%, crude ash 6%, Calcium 1.4%, Phosphorus 1.1%<\/p>\n<p><strong>Nutritional values<\/strong><\/p>\n<p>Vitamin A 20,000 IU (E672), vitamin D3 1.400 IU (E671), vitamin E as all rac-alpha-tocopheryl acetate (3a700) 500 mg, E1 Fe as iron(II) sulfate, monohydrate: 50 mg, E2 I as calcium iodate, anhydrous:1.5 mg, E4 Cu as copper(II) sulfate, pentahydrate: 5.0 mg, E5 Mn as manganese(II) oxide: 35 mg, E6 Zn as zinc oxide: 65 mg, E8 Se as sodium selenite: 0.2 mg.<\/p>","protected":false},"excerpt":{"rendered":"<p>Yourdog Braque Fran\u00e7ais type pyr&#233;n&#233;es zorgt voor de holistische gezondheid en het welzijn van jouw hond. Alle Yourdog varianten bevatten smaakvolle buffel en kip. Wij combineren dit met zorgvuldig geselecteerde groenten&#44; fruit en kruiden om zo te komen tot de perfecte voeding voor jouw Braque Fran\u00e7ais type pyr&#233;n&#233;es.<\/p>\n<p><strong>Waarom Yourdog Braque Fran\u00e7ais type pyr&#233;n&#233;es <\/strong><\/p>\n<ul>\n<li>Rich in buffalo and poultry<\/li>\n<li>Speciaal gemaakt voor de Braque Fran\u00e7ais type pyr&#233;n&#233;es<\/li>\n<li>Bevat Glucosamine&#44; Chondro&#239;tine en Bosbes<\/li>\n<li>Promotes a healthy, shiny coat<\/li>\n<li>Maintain a healthy gut flora<\/li>\n<li>Free of artificial fragrances, colors or flavors<\/li>\n<li>Ook geschikt voor de gevoelige Braque Fran\u00e7ais type pyr&#233;n&#233;es<\/li>\n<\/ul>\n<p><strong>Our ingredients<\/strong><\/p>\n<p>To make our food, for a 12 kg bag, 10.6 kg of meat is dehydrated so that it can be better incorporated into our kibble. With the right amount of vegetables, fruits and herbs, Yourdog is a healthy, nutritious choice for dogs.<\/p>\n<p><i>Buffalo<\/i><\/p>\n<p>At Yourdog, we use meat from freely raised and grass-fed buffalo. Known for its creamy, fresh flavor and rich color, buffalo meat is packed with vitamins and minerals. With lower cholesterol and fat and fewer calories, this tender meat is packed with health benefits.<\/p>\n<\/p>\n<p><i>Poultry<\/i><\/p>\n<p>At Yourdog we use duck, chicken and turkey which together provide a delicious taste and aroma of the kibble. The highly digestible proteins in the poultry ensure good muscle building and are rich in vitamins and minerals.<\/p>\n<\/p>\n<p><i>Vegetable<\/i><\/p>\n<p>To provide the dog with additional valuable nutrients, super-healthy vegetables have been added to our food. Thus, vegetables are not only nutritious, but also have other healthy properties. The crude fiber in vegetables is good for the intestines and can contribute to digestion, among other things.<\/p>\n<\/p>\n<p><i>Fruit<\/i><\/p>\n<p>We add a unique combination of fruits to Yourdog, giving the dog all the essential, natural antioxidants. So fruit can be good for the dog's immune system, but it can also contribute to fresh breath or maintaining healthy digestion. These natural ingredients promote the dog's health.<\/p>\n<p><i>Herbs<\/i><\/p>\n<p>The healthy herbs that enrich our feed come from plants from Europe. The use of herbs, roots, flowers, plants and seaweeds, among others, traces its origins back thousands of years. These ingredients support natural processes in the dog's body, such as digestion. Every ingredient we add to our dog food is carefully selected for its positive properties. Depending on the dog's size, breed or breed group, ingredients are given extra attention. Breed-specific complaints can be reduced through the use of herbs, roots, flowers and plants.<\/p>\n<\/p>\n<p><strong>Braque Fran\u00e7ais type pyr&#233;n&#233;es specifieke groente&#44; kruiden en fruit<\/strong><\/p>\n<p>Wij hebben zorgvuldig de raseigenschappen van de Braque Fran\u00e7ais type pyr&#233;n&#233;es onderzocht. Ook hebben we onderzoek gedaan naar de eigenschappen van de FCI-ras sectie en de FCI-rasgroep waar de Braque Fran\u00e7ais type pyr&#233;n&#233;es toe behoort. Uit deze onderzoeken zijn&#44; in overleg met vooraanstaande Nederlandse voedingsdeskundige&#44; ingredi&#235;nten geselecteerd die de gezondheid en het welzijn van de Braque Fran\u00e7ais type pyr&#233;n&#233;es optimaal ten goede komen.<\/p>\n<p>Glucosamine <\/p>\n<p>Glucosamine is een lichaamseigen stof die te vinden is in gewrichten&#44; kraakbeen&#44; gewrichtsvloeistof en pezen. Glucosamine stimuleert het aanmaken van kraakbeen en het soepel houden van gewrichten.<\/p>\n<\/p>\n<p>Glucosamine is een van de meest gebruikte supplementen voor honden met artrose en\/of gewrichtsproblemen. Dit is niet alleen het geval bij oudere honden&#44; of (te) zware honden&#44; maar ook steeds meer bij jongere&#44; zeer beweeglijke honden. Bijvoorbeeld door een erfelijke aanleg voor gewrichtsproblemen. Om deze en andere redenen wordt er glucosamine toegevoegd aan ons hondenvoer.<\/p>\n<p>Chondro&#239;tine <\/p>\n<p>Chondro&#239;tine komt van nature voor in het lichaam van de hond en is een van de belangrijkste bestanddelen van het kraakbeenweefsel. Bij honden is chondro&#239;tine in staat om het vocht aan te trekken en vast te houden&#44; dit zou voor een sponsachtige vering moeten zorgen in het kraakbeen.<\/p>\n<p>Chondro&#239;tine verbetert de soepelheid van het kraakbeen en heeft hiernaast een pijnstillende en ontstekingsremmende werking. Hiernaast stimuleert het ook de productie van de bouwstenen die dienen voor gezond kraakbeen.<\/p>\n<p>Indien chondro&#239;tine in combinatie met glucosamine wordt gegeven&#44; ondersteunt en versterkt het de werking van glucosamine. Het wordt dan ook vaak als voedingssupplement gegeven voor mensen en dieren die lijden aan artrose.<\/p>\n<p>Bosbes <\/p>\n<p>Bosbessen behoren tot de heidefamilie van de planten en groeien voornamelijk in de open bossen in het noordelijk halfrond. De plant wordt al voor langere tijd gebruikt in de traditionele Europese geneeskunde en zou bekend staan om de positieve effecten bij ziektes van het maagdarmstelsel en diabetes.<\/p>\n<p>Bosbessen kunnen worden toegevoegd aan ons hondenvoer omdat ze rijk zijn aan antioxidanten&#44; welke het lichaam beschermen tegen vrije radicalen. Daarnaast bevatten ze goede vezels voor de spijsvertering en zijn de bessen rijk aan vitamine C en K. Het zou ondersteunend kunnen werken op het immuunsysteem en kunnen bijdragen aan de algehele gezondheid van de hond.<\/p>\n<p><strong>Pup, adult or senior?<\/strong><\/p>\n<p>Om je te helpen bij het maken van de juiste keuze tussen onze varianten Braque Fran\u00e7ais type pyr&#233;n&#233;es hondenvoer kun je gebruik maken van de volgende richtlijnen. Is jouw Braque Fran\u00e7ais type pyr&#233;n&#233;es jonger dan 11 maanden&#44; kies dan voor de Puppy variant. Voor een Braque Fran\u00e7ais type pyr&#233;n&#233;es ouder dan 7 jaar adviseren we de Yourdog Braque Fran\u00e7ais type pyr&#233;n&#233;es senior. Is jouw hond ouder dan 11 maanden en jonger dan 7 jaar&#44; dan kun je de Adult variant kiezen.<\/p>\n<\/p>\n<p><strong>Palatability Guarantee <\/strong><\/p>\n<p>Wij zijn overtuigd van de kwaliteit van onze voeding. Daarom geven wij op alle Yourdog verpakkingen een smakelijkheidsgarantie. Lijkt jouw Braque Fran\u00e7ais type pyr&#233;n&#233;es zijn Yourdog hondenvoer toch niet lekker te vinden&#44; neem dan contact met ons op. Wij helpen je bij het analyseren van de problemen. Komen we er samen niet uit dan krijg je van ons het aankoopbedrag terug.<\/p>\n<\/p>\n<p><strong>Nutritional advice<\/strong><\/p>\n<table>\n<tr>\n<td>Body weight (kg)<\/td>\n<td>Daily amount (g)<\/td>\n<\/tr>\n<tr>\n<td>10 &#8211; 20<\/td>\n<td>190 &#8211; 315<\/td>\n<\/tr>\n<tr>\n<td>20 &#8211; 40<\/td>\n<td>315 &#8211; 525<\/td>\n<\/tr>\n<tr>\n<td>40 &#8211; 60<\/td>\n<td>525 &#8211; 750<\/td>\n<\/tr>\n<\/table>\n<p><strong>Switching advice<\/strong><\/p>\n<p>Stap je over op Yourdog vanaf een ander voermerk dan adviseren wij de volgende stappen te volgen. Voor de eerste stap voer je 25% Yourdog en 75% van het oude hondenvoer. De hond kan hier gedurende twee dagen aan wennen. Vervolgens voer je 50% Yourdog en 50% van het oude hondenvoer. Het is belangrijk dat je de hond ook hier weer twee of drie dagen aan laat wennen. Daarna meng je 75% Yourdog en 25% van het oude hondenvoer. De hond is nu bijna helemaal over op Yourdog. Doe dit gedurende 2 dagen. Naar eigen inzicht kun je hierna 100% Yourdog Braque Fran\u00e7ais type pyr&#233;n&#233;es hondenvoer gaan voeren.<\/p>\n<p><strong>Storage advice<\/strong><\/p>\n<p>After opening the Yourdog packaging, the food is exposed to oxygen, moisture and light, which can affect its shelf life and taste. Therefore, it is important to store the food properly after opening the bag, preferably in an airtight storage box or barrel in a dry, cool and dark place. It is best not to put the food loose in the barrel, but put it in the barrel with the whole bag, which you reseal as best you can.<\/p>\n<p><strong>Composition<\/strong><\/p>\n<p>Ma&#239;s&#44; gedroogde kip (23%)&#44; gerst&#44; erwten&#44; gedroogde buffel (3.5%)&#44; gevogeltevet&#44; choline chloride&#44; glucosamine&#44; chondroitine&#44; groentemix (met o.a. tomaat)&#44; fruitmix (met o.a. bosbes)&#44; kruidenmix (met o.a. zoethoutwortel) <\/p>\n<\/p>\n<p><strong>Analytical constituents<\/strong><\/p>\n<p>Crude protein 24%, crude fat 8%, crude fiber 3.9%, crude ash 6%, Calcium 1.4%, Phosphorus 1.1%<\/p>\n<p><strong>Nutritional values<\/strong><\/p>\n<p>Vitamin A 20,000 IU (E672), vitamin D3 1.400 IU (E671), vitamin E as all rac-alpha-tocopheryl acetate (3a700) 500 mg, E1 Fe as iron(II) sulfate, monohydrate: 50 mg, E2 I as calcium iodate, anhydrous:1.5 mg, E4 Cu as copper(II) sulfate, pentahydrate: 5.0 mg, E5 Mn as manganese(II) oxide: 35 mg, E6 Zn as zinc oxide: 65 mg, E8 Se as sodium selenite: 0.2 mg.<\/p>","protected":false},"featured_media":8801,"comment_status":"closed","ping_status":"open","template":"","meta":[],"product_brand":[189],"product_cat":[190,86],"product_tag":[2121,3925,3960,3961,3747],"class_list":{"0":"post-6629","1":"product","2":"type-product","3":"status-publish","4":"has-post-thumbnail","6":"product_brand-yourdog","7":"product_cat-droogvoer-hond","8":"product_cat-honden","9":"product_tag-aan","10":"product_tag-braque","11":"product_tag-francais","12":"product_tag-type","13":"product_tag-yourdog","14":"product_shipping_class-pakket","16":"first","17":"instock","18":"purchasable","19":"product-type-simple"},"_links":{"self":[{"href":"https:\/\/zoonatie.be\/en\/wp-json\/wp\/v2\/product\/6629","targetHints":{"allow":["GET"]}}],"collection":[{"href":"https:\/\/zoonatie.be\/en\/wp-json\/wp\/v2\/product"}],"about":[{"href":"https:\/\/zoonatie.be\/en\/wp-json\/wp\/v2\/types\/product"}],"replies":[{"embeddable":true,"href":"https:\/\/zoonatie.be\/en\/wp-json\/wp\/v2\/comments?post=6629"}],"version-history":[{"count":0,"href":"https:\/\/zoonatie.be\/en\/wp-json\/wp\/v2\/product\/6629\/revisions"}],"wp:featuredmedia":[{"embeddable":true,"href":"https:\/\/zoonatie.be\/en\/wp-json\/wp\/v2\/media\/8801"}],"wp:attachment":[{"href":"https:\/\/zoonatie.be\/en\/wp-json\/wp\/v2\/media?parent=6629"}],"wp:term":[{"taxonomy":"product_brand","embeddable":true,"href":"https:\/\/zoonatie.be\/en\/wp-json\/wp\/v2\/product_brand?post=6629"},{"taxonomy":"product_cat","embeddable":true,"href":"https:\/\/zoonatie.be\/en\/wp-json\/wp\/v2\/product_cat?post=6629"},{"taxonomy":"product_tag","embeddable":true,"href":"https:\/\/zoonatie.be\/en\/wp-json\/wp\/v2\/product_tag?post=6629"}],"curies":[{"name":"wp","href":"https:\/\/api.w.org\/{rel}","templated":true}]}}