{"id":7077,"date":"2025-09-18T15:08:42","date_gmt":"2025-09-18T15:08:42","guid":{"rendered":"https:\/\/zoonatie.be\/product\/yourdog-chien-francais-tricolore-pup-3-kg\/"},"modified":"2025-09-22T16:50:25","modified_gmt":"2025-09-22T16:50:25","slug":"yourdog-chien-francais-tricolore-pup-3-kg","status":"publish","type":"product","link":"https:\/\/zoonatie.be\/en\/product\/yourdog-chien-francais-tricolore-pup-3-kg\/","title":{"rendered":"YOURDOG CHIEN FRAN\u00c7AIS TRICOLORE PUP"},"content":{"rendered":"<p>Yourdog Chien fran\u00e7ais tricolore zorgt voor de holistische gezondheid en het welzijn van jouw hond. Alle Yourdog varianten bevatten smaakvolle buffel en kip. Wij combineren dit met zorgvuldig geselecteerde groenten&#44; fruit en kruiden om zo te komen tot de perfecte voeding voor jouw Chien fran\u00e7ais tricolore.<\/p>\n<p><strong>Waarom Yourdog Chien fran\u00e7ais tricolore <\/strong><\/p>\n<ul>\n<li>Rich in buffalo and poultry<\/li>\n<li>Speciaal gemaakt voor de Chien fran\u00e7ais tricolore<\/li>\n<li>Bevat Glucosamine&#44; Pruimen en Appel<\/li>\n<li>Promotes a healthy, shiny coat<\/li>\n<li>Maintain a healthy gut flora<\/li>\n<li>Free of artificial fragrances, colors or flavors<\/li>\n<li>Ook geschikt voor de gevoelige Chien fran\u00e7ais tricolore<\/li>\n<\/ul>\n<p><strong>Our ingredients<\/strong><\/p>\n<p>To make our food, for a 12 kg bag, 10.6 kg of meat is dehydrated so that it can be better incorporated into our kibble. With the right amount of vegetables, fruits and herbs, Yourdog is a healthy, nutritious choice for dogs.<\/p>\n<p><i>Buffalo<\/i><\/p>\n<p>At Yourdog, we use meat from freely raised and grass-fed buffalo. Known for its creamy, fresh flavor and rich color, buffalo meat is packed with vitamins and minerals. With lower cholesterol and fat and fewer calories, this tender meat is packed with health benefits.<\/p>\n<\/p>\n<p><i>Poultry<\/i><\/p>\n<p>At Yourdog we use duck, chicken and turkey which together provide a delicious taste and aroma of the kibble. The highly digestible proteins in the poultry ensure good muscle building and are rich in vitamins and minerals.<\/p>\n<\/p>\n<p><i>Vegetable<\/i><\/p>\n<p>To provide the dog with additional valuable nutrients, super-healthy vegetables have been added to our food. Thus, vegetables are not only nutritious, but also have other healthy properties. The crude fiber in vegetables is good for the intestines and can contribute to digestion, among other things.<\/p>\n<\/p>\n<p><i>Fruit<\/i><\/p>\n<p>We add a unique combination of fruits to Yourdog, giving the dog all the essential, natural antioxidants. So fruit can be good for the dog's immune system, but it can also contribute to fresh breath or maintaining healthy digestion. These natural ingredients promote the dog's health.<\/p>\n<p><i>Herbs<\/i><\/p>\n<p>The healthy herbs that enrich our feed come from plants from Europe. The use of herbs, roots, flowers, plants and seaweeds, among others, traces its origins back thousands of years. These ingredients support natural processes in the dog's body, such as digestion. Every ingredient we add to our dog food is carefully selected for its positive properties. Depending on the dog's size, breed or breed group, ingredients are given extra attention. Breed-specific complaints can be reduced through the use of herbs, roots, flowers and plants.<\/p>\n<\/p>\n<p><strong>Chien fran\u00e7ais tricolore specifieke groente&#44; kruiden en fruit<\/strong><\/p>\n<p>Wij hebben zorgvuldig de raseigenschappen van de Chien fran\u00e7ais tricolore onderzocht. Ook hebben we onderzoek gedaan naar de eigenschappen van de FCI-ras sectie en de FCI-rasgroep waar de Chien fran\u00e7ais tricolore toe behoort. Uit deze onderzoeken zijn&#44; in overleg met vooraanstaande Nederlandse voedingsdeskundige&#44; ingredi&#235;nten geselecteerd die de gezondheid en het welzijn van de Chien fran\u00e7ais tricolore optimaal ten goede komen.<\/p>\n<p>Glucosamine <\/p>\n<p>Glucosamine is een lichaamseigen stof die te vinden is in gewrichten&#44; kraakbeen&#44; gewrichtsvloeistof en pezen. Glucosamine stimuleert het aanmaken van kraakbeen en het soepel houden van gewrichten.<\/p>\n<p>Glucosamine is een van de meest gebruikte supplementen voor honden met artrose en\/of gewrichtsproblemen. Dit is niet alleen het geval bij oudere honden&#44; of (te) zware honden&#44; maar ook steeds meer bij jongere&#44; zeer beweeglijke honden. Bijvoorbeeld door een erfelijke aanleg voor gewrichtsproblemen. Om deze en andere redenen wordt er glucosamine toegevoegd aan ons hondenvoer.<\/p>\n<p>Pruimen <\/p>\n<p>De pruim is een boomvrucht uit de rozenfamilie en valt onder de categorie steenvruchten. De pruimenbomen staan bekend om hun mooie bloesem in het voorjaar en de zoetsappige vrucht werd al vroeg in de Romeinse tijd gegeten.<\/p>\n<p>Pruimen bevatten tal van gezonde voedingsstoffen&#44; antioxidanten&#44; vitaminen en mineralen. Zo zijn pruimen rijk aan vitamine A&#44; B6&#44; B12&#44; C en D en de mineralen kalium&#44; magnesium en ijzer. Hiernaast zijn pruimen caloriearm en staan ze bekend om hun laxerend effect.<\/p>\n<p>Apple <\/p>\n<p>The apple tree is a tree of the genus Malus, from which grow the hand apples commonly known especially in the northern hemisphere. The apple grows in temperate regions.<\/p>\n<p>Dietary fiber has a versatile action in the digestive tract. They are able to absorb moisture, making stools soft and flexible. Also, dietary fiber increases volume in the intestines. This not only stimulates the functioning of the intestines, but also ensures thorough elimination of waste products.<\/p>\n<p>Apples are packed with vitamins, minerals, antioxidants and fiber. In addition, apples are rich in pectin. Pectin is a soluble fiber that helps support healthy intestinal flora. It also contributes to the palatability of the kibble and apples are low in calories.<\/p>\n<\/p>\n<p>Rich in vitamins A and C. Vitamin A is good for the skin and coat and strengthens the immune system. Vitamin C ensures muscle and bone development during the young years.<\/p>\n<p><strong>Pup, adult or senior?<\/strong><\/p>\n<p>Om je te helpen bij het maken van de juiste keuze tussen onze varianten Chien fran\u00e7ais tricolore hondenvoer kun je gebruik maken van de volgende richtlijnen. Is jouw Chien fran\u00e7ais tricolore jonger dan 11 maanden&#44; kies dan voor de Puppy variant. Voor een Chien fran\u00e7ais tricolore ouder dan 7 jaar adviseren we de Yourdog Chien fran\u00e7ais tricolore senior. Is jouw hond ouder dan 11 maanden en jonger dan 7 jaar&#44; dan kun je de Adult variant kiezen.<\/p>\n<\/p>\n<p><strong>Palatability Guarantee <\/strong><\/p>\n<p>Wij zijn overtuigd van de kwaliteit van onze voeding. Daarom geven wij op alle Yourdog verpakkingen een smakelijkheidsgarantie. Lijkt jouw Chien fran\u00e7ais tricolore zijn Yourdog hondenvoer toch niet lekker te vinden&#44; neem dan contact met ons op. Wij helpen je bij het analyseren van de problemen. Komen we er samen niet uit dan krijg je van ons het aankoopbedrag terug.<\/p>\n<\/p>\n<p><strong>Nutritional advice<\/strong><\/p>\n<table>\n<tr>\n<td><\/td>\n<td>Leeftijd in maanden<\/td>\n<\/tr>\n<tr>\n<td>Volwassen gewicht (kg)<\/td>\n<td>1<\/td>\n<td>2<\/td>\n<td>3<\/td>\n<td>4<\/td>\n<td>6<\/td>\n<td>12<\/td>\n<td>18<\/td>\n<\/tr>\n<tr>\n<td>2.5<\/td>\n<td>30<\/td>\n<td>60<\/td>\n<td>70<\/td>\n<td>65<\/td>\n<td>55<\/td>\n<td>x<\/td>\n<\/tr>\n<tr>\n<td>5<\/td>\n<td>55<\/td>\n<td>100<\/td>\n<td>100<\/td>\n<td>115<\/td>\n<td>110<\/td>\n<td>95<\/td>\n<td>x<\/td>\n<\/tr>\n<tr>\n<td>7.5<\/td>\n<td>75<\/td>\n<td>135<\/td>\n<td>140<\/td>\n<td>155<\/td>\n<td>145<\/td>\n<td>125<\/td>\n<td>x<\/td>\n<\/tr>\n<tr>\n<td>15<\/td>\n<td>100<\/td>\n<td>180<\/td>\n<td>235<\/td>\n<td>235<\/td>\n<td>290<\/td>\n<td>265<\/td>\n<td>215<\/td>\n<\/tr>\n<tr>\n<td>25<\/td>\n<td>105<\/td>\n<td>190<\/td>\n<td>285<\/td>\n<td>305<\/td>\n<td>380<\/td>\n<td>385<\/td>\n<td>315<\/td>\n<\/tr>\n<tr>\n<td>30<\/td>\n<td>110<\/td>\n<td>215<\/td>\n<td>320<\/td>\n<td>410<\/td>\n<td>425<\/td>\n<td>395<\/td>\n<td>360<\/td>\n<\/tr>\n<tr>\n<td>35<\/td>\n<td>115<\/td>\n<td>230<\/td>\n<td>345<\/td>\n<td>445<\/td>\n<td>470<\/td>\n<td>440<\/td>\n<td>405<\/td>\n<\/tr>\n<tr>\n<td>45<\/td>\n<td>135<\/td>\n<td>250<\/td>\n<td>385<\/td>\n<td>500<\/td>\n<td>550<\/td>\n<td>530<\/td>\n<td>485<\/td>\n<\/tr>\n<tr>\n<td>60<\/td>\n<td>140<\/td>\n<td>265<\/td>\n<td>420<\/td>\n<td>560<\/td>\n<td>665<\/td>\n<td>815<\/td>\n<td>605<\/td>\n<\/tr>\n<tr>\n<td>80<\/td>\n<td>150<\/td>\n<td>255<\/td>\n<td>460<\/td>\n<td>580<\/td>\n<td>760<\/td>\n<td>1010<\/td>\n<td>750<\/td>\n<\/tr>\n<\/table>\n<p><strong>Switching advice<\/strong><\/p>\n<p>Stap je over op Yourdog vanaf een ander voermerk dan adviseren wij de volgende stappen te volgen. Voor de eerste stap voer je 25% Yourdog en 75% van het oude hondenvoer. De hond kan hier gedurende twee dagen aan wennen. Vervolgens voer je 50% Yourdog en 50% van het oude hondenvoer. Het is belangrijk dat je de hond ook hier weer twee of drie dagen aan laat wennen. Daarna meng je 75% Yourdog en 25% van het oude hondenvoer. De hond is nu bijna helemaal over op Yourdog. Doe dit gedurende 2 dagen. Naar eigen inzicht kun je hierna 100% Yourdog Chien fran\u00e7ais tricolore hondenvoer gaan voeren.<\/p>\n<p><strong>Storage advice<\/strong><\/p>\n<p>After opening the Yourdog packaging, the food is exposed to oxygen, moisture and light, which can affect its shelf life and taste. Therefore, it is important to store the food properly after opening the bag, preferably in an airtight storage box or barrel in a dry, cool and dark place. It is best not to put the food loose in the barrel, but put it in the barrel with the whole bag, which you reseal as best you can.<\/p>\n<p><strong>Composition<\/strong><\/p>\n<p>Ma&#239;s&#44; gedroogde kip (30%)&#44; gevogeltevet&#44; erwten&#44; gedroogde buffel (3.5%)&#44; choline chloride&#44; glucosamine&#44; chondroitine&#44; groentemix (met o.a. wortel)&#44; fruitmix (met o.a. pruimen&#44; appel)&#44; kruidenmix (met o.a. yucca) <\/p>\n<p><strong>Analytical constituents<\/strong><\/p>\n<p>Ruw eiwit 28%&#44; ruw vet 16%&#44; ruwe celstof 3&#44;3%&#44; ruw as 6&#44;8%&#44; Calcium 1&#44;7%&#44; Fosfor 1&#44;3%<\/p>\n<p><strong>Nutritional values<\/strong><\/p>\n<p>Vitamine A 20.000 IE (E672)&#44; vitamine D3 1.400 IE (E671)&#44; vitamine E als all rac-alpha-tocopherylacetat (3a700) 500 mg&#44; E1 Fe als ijzer(II)sulfaat&#44; monohydraat: 50 mg&#44; E2 I als calciumjodaat&#44; watervrij:1&#44;5 mg&#44; E4 Cu als koper(II)sulfaat&#44; pentahydraat: 5&#44;0 mg&#44; E5 Mn als mangaan(II)oxide: 35 mg&#44; E6 Zn als zinkoxide: 70 mg&#44; E8 Se als natriumseleniet: 0&#44;2 mg.<\/p>","protected":false},"excerpt":{"rendered":"<p>Yourdog Chien fran\u00e7ais tricolore zorgt voor de holistische gezondheid en het welzijn van jouw hond. Alle Yourdog varianten bevatten smaakvolle buffel en kip. Wij combineren dit met zorgvuldig geselecteerde groenten&#44; fruit en kruiden om zo te komen tot de perfecte voeding voor jouw Chien fran\u00e7ais tricolore.<\/p>\n<p><strong>Waarom Yourdog Chien fran\u00e7ais tricolore <\/strong><\/p>\n<ul>\n<li>Rich in buffalo and poultry<\/li>\n<li>Speciaal gemaakt voor de Chien fran\u00e7ais tricolore<\/li>\n<li>Bevat Glucosamine&#44; Pruimen en Appel<\/li>\n<li>Promotes a healthy, shiny coat<\/li>\n<li>Maintain a healthy gut flora<\/li>\n<li>Free of artificial fragrances, colors or flavors<\/li>\n<li>Ook geschikt voor de gevoelige Chien fran\u00e7ais tricolore<\/li>\n<\/ul>\n<p><strong>Our ingredients<\/strong><\/p>\n<p>To make our food, for a 12 kg bag, 10.6 kg of meat is dehydrated so that it can be better incorporated into our kibble. With the right amount of vegetables, fruits and herbs, Yourdog is a healthy, nutritious choice for dogs.<\/p>\n<p><i>Buffalo<\/i><\/p>\n<p>At Yourdog, we use meat from freely raised and grass-fed buffalo. Known for its creamy, fresh flavor and rich color, buffalo meat is packed with vitamins and minerals. With lower cholesterol and fat and fewer calories, this tender meat is packed with health benefits.<\/p>\n<\/p>\n<p><i>Poultry<\/i><\/p>\n<p>At Yourdog we use duck, chicken and turkey which together provide a delicious taste and aroma of the kibble. The highly digestible proteins in the poultry ensure good muscle building and are rich in vitamins and minerals.<\/p>\n<\/p>\n<p><i>Vegetable<\/i><\/p>\n<p>To provide the dog with additional valuable nutrients, super-healthy vegetables have been added to our food. Thus, vegetables are not only nutritious, but also have other healthy properties. The crude fiber in vegetables is good for the intestines and can contribute to digestion, among other things.<\/p>\n<\/p>\n<p><i>Fruit<\/i><\/p>\n<p>We add a unique combination of fruits to Yourdog, giving the dog all the essential, natural antioxidants. So fruit can be good for the dog's immune system, but it can also contribute to fresh breath or maintaining healthy digestion. These natural ingredients promote the dog's health.<\/p>\n<p><i>Herbs<\/i><\/p>\n<p>The healthy herbs that enrich our feed come from plants from Europe. The use of herbs, roots, flowers, plants and seaweeds, among others, traces its origins back thousands of years. These ingredients support natural processes in the dog's body, such as digestion. Every ingredient we add to our dog food is carefully selected for its positive properties. Depending on the dog's size, breed or breed group, ingredients are given extra attention. Breed-specific complaints can be reduced through the use of herbs, roots, flowers and plants.<\/p>\n<\/p>\n<p><strong>Chien fran\u00e7ais tricolore specifieke groente&#44; kruiden en fruit<\/strong><\/p>\n<p>Wij hebben zorgvuldig de raseigenschappen van de Chien fran\u00e7ais tricolore onderzocht. Ook hebben we onderzoek gedaan naar de eigenschappen van de FCI-ras sectie en de FCI-rasgroep waar de Chien fran\u00e7ais tricolore toe behoort. Uit deze onderzoeken zijn&#44; in overleg met vooraanstaande Nederlandse voedingsdeskundige&#44; ingredi&#235;nten geselecteerd die de gezondheid en het welzijn van de Chien fran\u00e7ais tricolore optimaal ten goede komen.<\/p>\n<p>Glucosamine <\/p>\n<p>Glucosamine is een lichaamseigen stof die te vinden is in gewrichten&#44; kraakbeen&#44; gewrichtsvloeistof en pezen. Glucosamine stimuleert het aanmaken van kraakbeen en het soepel houden van gewrichten.<\/p>\n<p>Glucosamine is een van de meest gebruikte supplementen voor honden met artrose en\/of gewrichtsproblemen. Dit is niet alleen het geval bij oudere honden&#44; of (te) zware honden&#44; maar ook steeds meer bij jongere&#44; zeer beweeglijke honden. Bijvoorbeeld door een erfelijke aanleg voor gewrichtsproblemen. Om deze en andere redenen wordt er glucosamine toegevoegd aan ons hondenvoer.<\/p>\n<p>Pruimen <\/p>\n<p>De pruim is een boomvrucht uit de rozenfamilie en valt onder de categorie steenvruchten. De pruimenbomen staan bekend om hun mooie bloesem in het voorjaar en de zoetsappige vrucht werd al vroeg in de Romeinse tijd gegeten.<\/p>\n<p>Pruimen bevatten tal van gezonde voedingsstoffen&#44; antioxidanten&#44; vitaminen en mineralen. Zo zijn pruimen rijk aan vitamine A&#44; B6&#44; B12&#44; C en D en de mineralen kalium&#44; magnesium en ijzer. Hiernaast zijn pruimen caloriearm en staan ze bekend om hun laxerend effect.<\/p>\n<p>Apple <\/p>\n<p>The apple tree is a tree of the genus Malus, from which grow the hand apples commonly known especially in the northern hemisphere. The apple grows in temperate regions.<\/p>\n<p>Dietary fiber has a versatile action in the digestive tract. They are able to absorb moisture, making stools soft and flexible. Also, dietary fiber increases volume in the intestines. This not only stimulates the functioning of the intestines, but also ensures thorough elimination of waste products.<\/p>\n<p>Apples are packed with vitamins, minerals, antioxidants and fiber. In addition, apples are rich in pectin. Pectin is a soluble fiber that helps support healthy intestinal flora. It also contributes to the palatability of the kibble and apples are low in calories.<\/p>\n<\/p>\n<p>Rich in vitamins A and C. Vitamin A is good for the skin and coat and strengthens the immune system. Vitamin C ensures muscle and bone development during the young years.<\/p>\n<p><strong>Pup, adult or senior?<\/strong><\/p>\n<p>Om je te helpen bij het maken van de juiste keuze tussen onze varianten Chien fran\u00e7ais tricolore hondenvoer kun je gebruik maken van de volgende richtlijnen. Is jouw Chien fran\u00e7ais tricolore jonger dan 11 maanden&#44; kies dan voor de Puppy variant. Voor een Chien fran\u00e7ais tricolore ouder dan 7 jaar adviseren we de Yourdog Chien fran\u00e7ais tricolore senior. Is jouw hond ouder dan 11 maanden en jonger dan 7 jaar&#44; dan kun je de Adult variant kiezen.<\/p>\n<\/p>\n<p><strong>Palatability Guarantee <\/strong><\/p>\n<p>Wij zijn overtuigd van de kwaliteit van onze voeding. Daarom geven wij op alle Yourdog verpakkingen een smakelijkheidsgarantie. Lijkt jouw Chien fran\u00e7ais tricolore zijn Yourdog hondenvoer toch niet lekker te vinden&#44; neem dan contact met ons op. Wij helpen je bij het analyseren van de problemen. Komen we er samen niet uit dan krijg je van ons het aankoopbedrag terug.<\/p>\n<\/p>\n<p><strong>Nutritional advice<\/strong><\/p>\n<table>\n<tr>\n<td><\/td>\n<td>Leeftijd in maanden<\/td>\n<\/tr>\n<tr>\n<td>Volwassen gewicht (kg)<\/td>\n<td>1<\/td>\n<td>2<\/td>\n<td>3<\/td>\n<td>4<\/td>\n<td>6<\/td>\n<td>12<\/td>\n<td>18<\/td>\n<\/tr>\n<tr>\n<td>2.5<\/td>\n<td>30<\/td>\n<td>60<\/td>\n<td>70<\/td>\n<td>65<\/td>\n<td>55<\/td>\n<td>x<\/td>\n<\/tr>\n<tr>\n<td>5<\/td>\n<td>55<\/td>\n<td>100<\/td>\n<td>100<\/td>\n<td>115<\/td>\n<td>110<\/td>\n<td>95<\/td>\n<td>x<\/td>\n<\/tr>\n<tr>\n<td>7.5<\/td>\n<td>75<\/td>\n<td>135<\/td>\n<td>140<\/td>\n<td>155<\/td>\n<td>145<\/td>\n<td>125<\/td>\n<td>x<\/td>\n<\/tr>\n<tr>\n<td>15<\/td>\n<td>100<\/td>\n<td>180<\/td>\n<td>235<\/td>\n<td>235<\/td>\n<td>290<\/td>\n<td>265<\/td>\n<td>215<\/td>\n<\/tr>\n<tr>\n<td>25<\/td>\n<td>105<\/td>\n<td>190<\/td>\n<td>285<\/td>\n<td>305<\/td>\n<td>380<\/td>\n<td>385<\/td>\n<td>315<\/td>\n<\/tr>\n<tr>\n<td>30<\/td>\n<td>110<\/td>\n<td>215<\/td>\n<td>320<\/td>\n<td>410<\/td>\n<td>425<\/td>\n<td>395<\/td>\n<td>360<\/td>\n<\/tr>\n<tr>\n<td>35<\/td>\n<td>115<\/td>\n<td>230<\/td>\n<td>345<\/td>\n<td>445<\/td>\n<td>470<\/td>\n<td>440<\/td>\n<td>405<\/td>\n<\/tr>\n<tr>\n<td>45<\/td>\n<td>135<\/td>\n<td>250<\/td>\n<td>385<\/td>\n<td>500<\/td>\n<td>550<\/td>\n<td>530<\/td>\n<td>485<\/td>\n<\/tr>\n<tr>\n<td>60<\/td>\n<td>140<\/td>\n<td>265<\/td>\n<td>420<\/td>\n<td>560<\/td>\n<td>665<\/td>\n<td>815<\/td>\n<td>605<\/td>\n<\/tr>\n<tr>\n<td>80<\/td>\n<td>150<\/td>\n<td>255<\/td>\n<td>460<\/td>\n<td>580<\/td>\n<td>760<\/td>\n<td>1010<\/td>\n<td>750<\/td>\n<\/tr>\n<\/table>\n<p><strong>Switching advice<\/strong><\/p>\n<p>Stap je over op Yourdog vanaf een ander voermerk dan adviseren wij de volgende stappen te volgen. Voor de eerste stap voer je 25% Yourdog en 75% van het oude hondenvoer. De hond kan hier gedurende twee dagen aan wennen. Vervolgens voer je 50% Yourdog en 50% van het oude hondenvoer. Het is belangrijk dat je de hond ook hier weer twee of drie dagen aan laat wennen. Daarna meng je 75% Yourdog en 25% van het oude hondenvoer. De hond is nu bijna helemaal over op Yourdog. Doe dit gedurende 2 dagen. Naar eigen inzicht kun je hierna 100% Yourdog Chien fran\u00e7ais tricolore hondenvoer gaan voeren.<\/p>\n<p><strong>Storage advice<\/strong><\/p>\n<p>After opening the Yourdog packaging, the food is exposed to oxygen, moisture and light, which can affect its shelf life and taste. Therefore, it is important to store the food properly after opening the bag, preferably in an airtight storage box or barrel in a dry, cool and dark place. It is best not to put the food loose in the barrel, but put it in the barrel with the whole bag, which you reseal as best you can.<\/p>\n<p><strong>Composition<\/strong><\/p>\n<p>Ma&#239;s&#44; gedroogde kip (30%)&#44; gevogeltevet&#44; erwten&#44; gedroogde buffel (3.5%)&#44; choline chloride&#44; glucosamine&#44; chondroitine&#44; groentemix (met o.a. wortel)&#44; fruitmix (met o.a. pruimen&#44; appel)&#44; kruidenmix (met o.a. yucca) <\/p>\n<p><strong>Analytical constituents<\/strong><\/p>\n<p>Ruw eiwit 28%&#44; ruw vet 16%&#44; ruwe celstof 3&#44;3%&#44; ruw as 6&#44;8%&#44; Calcium 1&#44;7%&#44; Fosfor 1&#44;3%<\/p>\n<p><strong>Nutritional values<\/strong><\/p>\n<p>Vitamine A 20.000 IE (E672)&#44; vitamine D3 1.400 IE (E671)&#44; vitamine E als all rac-alpha-tocopherylacetat (3a700) 500 mg&#44; E1 Fe als ijzer(II)sulfaat&#44; monohydraat: 50 mg&#44; E2 I als calciumjodaat&#44; watervrij:1&#44;5 mg&#44; E4 Cu als koper(II)sulfaat&#44; pentahydraat: 5&#44;0 mg&#44; E5 Mn als mangaan(II)oxide: 35 mg&#44; E6 Zn als zinkoxide: 70 mg&#44; E8 Se als natriumseleniet: 0&#44;2 mg.<\/p>","protected":false},"featured_media":8834,"comment_status":"closed","ping_status":"open","template":"","meta":[],"product_brand":[189],"product_cat":[190,86],"product_tag":[2121,4012,3960,4079,3747],"class_list":{"0":"post-7077","1":"product","2":"type-product","3":"status-publish","4":"has-post-thumbnail","6":"product_brand-yourdog","7":"product_cat-droogvoer-hond","8":"product_cat-honden","9":"product_tag-aan","10":"product_tag-chien","11":"product_tag-francais","12":"product_tag-tricolore","13":"product_tag-yourdog","14":"product_shipping_class-pakket","16":"first","17":"instock","18":"purchasable","19":"product-type-simple"},"_links":{"self":[{"href":"https:\/\/zoonatie.be\/en\/wp-json\/wp\/v2\/product\/7077","targetHints":{"allow":["GET"]}}],"collection":[{"href":"https:\/\/zoonatie.be\/en\/wp-json\/wp\/v2\/product"}],"about":[{"href":"https:\/\/zoonatie.be\/en\/wp-json\/wp\/v2\/types\/product"}],"replies":[{"embeddable":true,"href":"https:\/\/zoonatie.be\/en\/wp-json\/wp\/v2\/comments?post=7077"}],"version-history":[{"count":0,"href":"https:\/\/zoonatie.be\/en\/wp-json\/wp\/v2\/product\/7077\/revisions"}],"wp:featuredmedia":[{"embeddable":true,"href":"https:\/\/zoonatie.be\/en\/wp-json\/wp\/v2\/media\/8834"}],"wp:attachment":[{"href":"https:\/\/zoonatie.be\/en\/wp-json\/wp\/v2\/media?parent=7077"}],"wp:term":[{"taxonomy":"product_brand","embeddable":true,"href":"https:\/\/zoonatie.be\/en\/wp-json\/wp\/v2\/product_brand?post=7077"},{"taxonomy":"product_cat","embeddable":true,"href":"https:\/\/zoonatie.be\/en\/wp-json\/wp\/v2\/product_cat?post=7077"},{"taxonomy":"product_tag","embeddable":true,"href":"https:\/\/zoonatie.be\/en\/wp-json\/wp\/v2\/product_tag?post=7077"}],"curies":[{"name":"wp","href":"https:\/\/api.w.org\/{rel}","templated":true}]}}