{"id":16185,"date":"2025-09-18T19:48:01","date_gmt":"2025-09-18T19:48:01","guid":{"rendered":"https:\/\/zoonatie.be\/product\/zoonatie-vogelkooi-2135x2175x2115-cm-gegalvaniseerd-staal-antraciet\/"},"modified":"2025-09-23T09:47:59","modified_gmt":"2025-09-23T09:47:59","slug":"zoonatie-vogelkooi-2135x2175x2115-cm-gegalvaniseerd-staal-antraciet","status":"publish","type":"product","link":"https:\/\/zoonatie.be\/fr\/produit\/zoonatie-vogelkooi-2135x2175x2115-cm-gegalvaniseerd-staal-antraciet\/","title":{"rendered":"Zoonatie Vogelkooi 213,5&#215;217,5&#215;211,5 cm gegalvaniseerd staal antraciet"},"content":{"rendered":"<p>Deze vogelkooi biedt uw vogels een grote, gezellige plek om veilig te vliegen en te spelen.<\/p>\n<\/p>\n<ul>\n<li>Alles-in-\u00e9\u00e9n vogelvoli\u00e8re: De veelzijdige kooi is multifunctioneel: spelen, bewegen, trainen of gewoon uw vogels veilig houden. Het wordt het perfecte speelparadijs voor uw vogels!<\/li>\n<li>Stevige constructie: Dankzij de stevige gegalvaniseerde stalen constructie is deze parkietenkooi duurzaam en gebouwd om lang mee te gaan.<\/li>\n<li>Extra veiligheid: De scharnierende deur met een afsluitbaar grendelsysteem van de papegaaienkooi zorgt voor extra veiligheid en zekerheid voor uw vogels.<\/li>\n<li>Geventileerd ontwerp: De grote vogelkooi heeft een gaasontwerp, waardoor hij goed geventileerd is en de lucht fris en schoon blijft. De buitenvoli\u00e8re is dus goed voor de gezondheid van uw geliefde kleine vriendjes.<\/li>\n<\/ul>\n<p>Let op:<\/p>\n<ul>\n<li>Elk product wordt geleverd met een montagehandleiding in de doos, zodat u het eenvoudig in elkaar kunt zetten.<\/li>\n<\/ul>\n<p>Goed om te weten:<\/p>\n<ul>\n<li>Om schade door zware sneeuwophoping te voorkomen, raden wij u aan het dak in de winter regelmatig schoon te maken.<\/li>\n<\/ul>\n<ul>\n<li>Kleur: antraciet<\/li>\n<li>Materiaal: gegalvaniseerd staal<\/li>\n<li>Afmetingen: 213,5 x 217,5 x 211,5 cm (B x D x H)<\/li>\n<li>Afmetingen poort: 48 x 152,5 cm (B x H)<\/li>\n<\/ul>","protected":false},"excerpt":{"rendered":"<ul>\n<li>Kleur: antraciet<\/li>\n<li>Materiaal: gegalvaniseerd staal<\/li>\n<li>Afmetingen: 213,5 x 217,5 x 211,5 cm (B x D x H)<\/li>\n<li>Afmetingen poort: 48 x 152,5 cm (B x H)<\/li>\n<\/ul>","protected":false},"featured_media":16184,"comment_status":"open","ping_status":"closed","template":"","meta":[],"product_brand":[329],"product_cat":[15,175,130,131,94,4222],"product_tag":[3164,432,3654,2936,2423],"class_list":{"0":"post-16185","1":"product","2":"type-product","3":"status-publish","4":"has-post-thumbnail","6":"product_brand-digitalnatie","7":"product_cat-uncategorized","8":"product_cat-outdoor-tuin","9":"product_cat-tuin","10":"product_cat-voederhuis","11":"product_cat-vogel","12":"product_cat-volieres","13":"product_tag-afmetingen","14":"product_tag-antraciet","15":"product_tag-gegalvaniseerd","16":"product_tag-kleur","17":"product_tag-materiaal","18":"product_shipping_class-parcel","20":"first","21":"instock","22":"shipping-taxable","23":"purchasable","24":"product-type-simple"},"_links":{"self":[{"href":"https:\/\/zoonatie.be\/fr\/wp-json\/wp\/v2\/product\/16185","targetHints":{"allow":["GET"]}}],"collection":[{"href":"https:\/\/zoonatie.be\/fr\/wp-json\/wp\/v2\/product"}],"about":[{"href":"https:\/\/zoonatie.be\/fr\/wp-json\/wp\/v2\/types\/product"}],"replies":[{"embeddable":true,"href":"https:\/\/zoonatie.be\/fr\/wp-json\/wp\/v2\/comments?post=16185"}],"version-history":[{"count":0,"href":"https:\/\/zoonatie.be\/fr\/wp-json\/wp\/v2\/product\/16185\/revisions"}],"wp:featuredmedia":[{"embeddable":true,"href":"https:\/\/zoonatie.be\/fr\/wp-json\/wp\/v2\/media\/16184"}],"wp:attachment":[{"href":"https:\/\/zoonatie.be\/fr\/wp-json\/wp\/v2\/media?parent=16185"}],"wp:term":[{"taxonomy":"product_brand","embeddable":true,"href":"https:\/\/zoonatie.be\/fr\/wp-json\/wp\/v2\/product_brand?post=16185"},{"taxonomy":"product_cat","embeddable":true,"href":"https:\/\/zoonatie.be\/fr\/wp-json\/wp\/v2\/product_cat?post=16185"},{"taxonomy":"product_tag","embeddable":true,"href":"https:\/\/zoonatie.be\/fr\/wp-json\/wp\/v2\/product_tag?post=16185"}],"curies":[{"name":"wp","href":"https:\/\/api.w.org\/{rel}","templated":true}]}}