{"id":17244,"date":"2025-09-18T19:55:35","date_gmt":"2025-09-18T19:55:35","guid":{"rendered":"https:\/\/zoonatie.be\/product\/zoonatie-kattenmeubel-met-sisal-krabpalen-82-cm-donkergrijs-4\/"},"modified":"2025-09-23T09:48:30","modified_gmt":"2025-09-23T09:48:30","slug":"zoonatie-kattenmeubel-met-sisal-krabpalen-82-cm-donkergrijs-4","status":"publish","type":"product","link":"https:\/\/zoonatie.be\/fr\/produit\/zoonatie-kattenmeubel-met-sisal-krabpalen-82-cm-donkergrijs-4\/","title":{"rendered":"Zoonatie Meubles pour chats avec griffoirs en sisal 82 cm gris fonc\u00e9"},"content":{"rendered":"<p>Houd je geliefde katten eindeloos bezig met dit alles-in-\u00e9\u00e9n kattenmeubel!<\/p>\n<\/p>\n<ul>\n<li>Alles-in-\u00e9\u00e9n kattenmeubel: het kattenmeubel beschikt over 2 huisjes, 1 trapje en platforms, waardoor je katten een perfecte plek hebben om te klimmen, te zitten, te krabben, zich te verstoppen en ook te ontspannen.<\/li>\n<li>Zacht pluche materiaal: het extra dikke en zachte pluche is goed ventilerend, krabbestendig en heerlijk comfortabel en warm.<\/li>\n<li>Natuurlijke sisal krabpalen: de veerkrachtige en sterke, natuurlijke sisal krabpalen zijn perfect om aan het krabinstinct van je geliefde katten te voldoen en om te voorkomen dat ze aan je meubels gaan krabben.<\/li>\n<\/ul>\n<ul>\n<li>Couleur : gris fonc\u00e9<\/li>\n<li>Mat\u00e9riau : bois sculpt\u00e9, peluche et sisal.<\/li>\n<li>Afmetingen: 61 x 55 x 82 cm (L x B x H)<\/li>\n<li>Montage n\u00e9cessaire : oui<\/li>\n<\/ul>","protected":false},"excerpt":{"rendered":"<ul>\n<li>Couleur : gris fonc\u00e9<\/li>\n<li>Mat\u00e9riau : bois sculpt\u00e9, peluche et sisal.<\/li>\n<li>Afmetingen: 61 x 55 x 82 cm (L x B x H)<\/li>\n<li>Montage n\u00e9cessaire : oui<\/li>\n<\/ul>","protected":false},"featured_media":17243,"comment_status":"open","ping_status":"closed","template":"","meta":[],"product_brand":[329],"product_cat":[15,97,2065],"product_tag":[4195,1126,2936,2423,1002],"class_list":{"0":"post-17244","1":"product","2":"type-product","3":"status-publish","4":"has-post-thumbnail","6":"product_brand-digitalnatie","7":"product_cat-uncategorized","8":"product_cat-katten","9":"product_cat-kattenmeubels","10":"product_tag-bewerkt","11":"product_tag-donkergrijs","12":"product_tag-kleur","13":"product_tag-materiaal","14":"product_tag-pluche","15":"product_shipping_class-parcel","17":"first","18":"instock","19":"shipping-taxable","20":"purchasable","21":"product-type-simple"},"_links":{"self":[{"href":"https:\/\/zoonatie.be\/fr\/wp-json\/wp\/v2\/product\/17244","targetHints":{"allow":["GET"]}}],"collection":[{"href":"https:\/\/zoonatie.be\/fr\/wp-json\/wp\/v2\/product"}],"about":[{"href":"https:\/\/zoonatie.be\/fr\/wp-json\/wp\/v2\/types\/product"}],"replies":[{"embeddable":true,"href":"https:\/\/zoonatie.be\/fr\/wp-json\/wp\/v2\/comments?post=17244"}],"version-history":[{"count":0,"href":"https:\/\/zoonatie.be\/fr\/wp-json\/wp\/v2\/product\/17244\/revisions"}],"wp:featuredmedia":[{"embeddable":true,"href":"https:\/\/zoonatie.be\/fr\/wp-json\/wp\/v2\/media\/17243"}],"wp:attachment":[{"href":"https:\/\/zoonatie.be\/fr\/wp-json\/wp\/v2\/media?parent=17244"}],"wp:term":[{"taxonomy":"product_brand","embeddable":true,"href":"https:\/\/zoonatie.be\/fr\/wp-json\/wp\/v2\/product_brand?post=17244"},{"taxonomy":"product_cat","embeddable":true,"href":"https:\/\/zoonatie.be\/fr\/wp-json\/wp\/v2\/product_cat?post=17244"},{"taxonomy":"product_tag","embeddable":true,"href":"https:\/\/zoonatie.be\/fr\/wp-json\/wp\/v2\/product_tag?post=17244"}],"curies":[{"name":"wp","href":"https:\/\/api.w.org\/{rel}","templated":true}]}}