{"id":6345,"date":"2025-09-18T15:07:18","date_gmt":"2025-09-18T15:07:18","guid":{"rendered":"https:\/\/zoonatie.be\/product\/yourdog-basenji-senior-3-kg\/"},"modified":"2025-09-22T16:49:07","modified_gmt":"2025-09-22T16:49:07","slug":"yourdog-basenji-senior-3-kg","status":"publish","type":"product","link":"https:\/\/zoonatie.be\/fr\/produit\/yourdog-basenji-senior-3-kg\/","title":{"rendered":"YOURDOG BASENJI SENIOR"},"content":{"rendered":"<p>Yourdog Basenji zorgt voor de holistische gezondheid en het welzijn van jouw hond. Alle Yourdog varianten bevatten smaakvolle buffel en kip. Wij combineren dit met zorgvuldig geselecteerde groenten&#44; fruit en kruiden om zo te komen tot de perfecte voeding voor jouw Basenji.<\/p>\n<p><strong>Waarom Yourdog Basenji <\/strong><\/p>\n<ul>\n<li>Riche en buffles et en volailles<\/li>\n<li>Speciaal gemaakt voor de Basenji<\/li>\n<li>Bevat Venkel&#44; Cranberry en Mango<\/li>\n<li>Favorise un pelage sain et brillant<\/li>\n<li>Maintenir une flore intestinale saine<\/li>\n<li>Sans parfums, colorants ou ar\u00f4mes artificiels<\/li>\n<li>Ook geschikt voor de gevoelige Basenji<\/li>\n<\/ul>\n<p><strong>Nos ingr\u00e9dients<\/strong><\/p>\n<p>Pour fabriquer nos aliments, 10,6 kg de viande sont d\u00e9shydrat\u00e9s pour un sac de 12 kg afin de faciliter leur incorporation dans nos croquettes. Avec la bonne quantit\u00e9 de l\u00e9gumes, de fruits et d'herbes, Yourdog est un choix sain et nutritif pour les chiens.<\/p>\n<p><i>Buffalo<\/i><\/p>\n<p>Chez Yourdog, nous utilisons de la viande de buffle \u00e9lev\u00e9e en libert\u00e9 et nourrie \u00e0 l'herbe. Connue pour sa saveur cr\u00e9meuse et fra\u00eeche et sa couleur riche, la viande de buffle regorge de vitamines et de min\u00e9raux. Avec une teneur en cholest\u00e9rol et en graisse plus faible et moins de calories, cette viande tendre est pleine de bienfaits pour la sant\u00e9.<\/p>\n<\/p>\n<p><i>Volaille<\/i><\/p>\n<p>Chez Yourdog, nous utilisons du canard, du poulet et de la dinde qui, ensemble, donnent une saveur et un ar\u00f4me d\u00e9licieux aux croquettes. Les prot\u00e9ines hautement digestibles de la volaille assurent une bonne construction musculaire et sont riches en vitamines et en min\u00e9raux.<\/p>\n<\/p>\n<p><i>L\u00e9gumes<\/i><\/p>\n<p>Pour fournir aux chiens des nutriments pr\u00e9cieux suppl\u00e9mentaires, des l\u00e9gumes tr\u00e8s sains ont \u00e9t\u00e9 ajout\u00e9s \u00e0 notre alimentation. Ainsi, les l\u00e9gumes ne sont pas seulement nutritifs, ils ont aussi d'autres propri\u00e9t\u00e9s b\u00e9n\u00e9fiques pour la sant\u00e9. Les fibres brutes contenues dans les l\u00e9gumes sont b\u00e9n\u00e9fiques pour les intestins et peuvent notamment contribuer \u00e0 la digestion.<\/p>\n<\/p>\n<p><i>Fruits<\/i><\/p>\n<p>Nous ajoutons une combinaison unique de fruits \u00e0 Yourdog, ce qui donne au chien tous les antioxydants naturels essentiels. Les fruits peuvent donc \u00eatre b\u00e9n\u00e9fiques pour le syst\u00e8me immunitaire du chien, mais ils peuvent aussi contribuer \u00e0 lui donner une haleine fra\u00eeche ou \u00e0 maintenir une bonne digestion. Ces ingr\u00e9dients naturels favorisent la sant\u00e9 du chien.<\/p>\n<p><i>Herbes<\/i><\/p>\n<p>Les herbes saines qui enrichissent notre alimentation proviennent de plantes d'Europe. L'utilisation d'herbes, de racines, de fleurs, de plantes et d'algues, entre autres, remonte \u00e0 des milliers d'ann\u00e9es. Ces ingr\u00e9dients favorisent les processus naturels de l'organisme du chien, comme la digestion. Chaque ingr\u00e9dient que nous ajoutons \u00e0 nos aliments pour chiens est soigneusement s\u00e9lectionn\u00e9 pour ses propri\u00e9t\u00e9s positives. En fonction de la taille, de la race ou du groupe de races du chien, les ingr\u00e9dients font l'objet d'une attention particuli\u00e8re. L'utilisation d'herbes, de racines, de fleurs et de plantes permet d'att\u00e9nuer les probl\u00e8mes sp\u00e9cifiques \u00e0 la race.<\/p>\n<\/p>\n<p><strong>Basenji specifieke groente&#44; kruiden en fruit<\/strong><\/p>\n<p>Wij hebben zorgvuldig de raseigenschappen van de Basenji onderzocht. Ook hebben we onderzoek gedaan naar de eigenschappen van de FCI-ras sectie en de FCI-rasgroep waar de Basenji toe behoort. Uit deze onderzoeken zijn&#44; in overleg met vooraanstaande Nederlandse voedingsdeskundige&#44; ingredi&#235;nten geselecteerd die de gezondheid en het welzijn van de Basenji optimaal ten goede komen.<\/p>\n<p>Venkel <\/p>\n<p>Venkel is een plant uit de schermbloemenfamilie en is te herkennen aan de anijssmaak. De draadvormige vertakkingen van de bladeren worden vaak als kruid gebruikt en de zaden als specerij. Deze zaden staan al eeuwenlang bekend om de geneeskrachtige eigenschappen.<\/p>\n<p>Zoals veel kruiden en zaden&#44; is ook venkel rijk aan verschillende vitaminen en mineralen. Zo bevat het veel vitamine A en C en de mineralen ijzer en kalium.<\/p>\n<\/p>\n<p>Venkel kan door ons worden toegevoegd aan het hondenvoer omdat het de spijsvertering kan ondersteunen en een opgeblazen gevoel in de maag en darmen kan tegengaan. Het kan bijdragen aan een gezond hart- en vaatstelsel en kan een positieve invloed hebben bij gewrichtsproblemen. Ook zou venkel een frisse adem bevorderen.<\/p>\n<p>Cranberry <\/p>\n<p>De cranberry is een plant uit de heidefamilie. Deze plant is in Nederland voornamelijk te vinden op de Waddeneilanden en zeer zeldzaam in de rest van Nederland. Oorspronkelijk komt de plant uit Noord-Amerika en zou deze rond 1845 voor het eerst naar Nederland zijn gekomen.<\/p>\n<p>Cranberries bevatten een unieke mix van voedingsstoffen die een krachtige gezondheidsboost kunnen bieden aan honden. De besjes zijn onder andere rijk aan mineralen zoals kalium&#44; die zorgt voor een gezond niveau van de vitale vloeistoffen in het lichaam. Ook zitten deze besjes vol met vitamine A&#44; B en C en antioxidanten om het immuunsysteem te ondersteunen. Vitamine C maakt de urine zuurder wat ervoor zorgt dat het milieu in de blaas onaantrekkelijker wordt voor bacteri&#235;n. Ook kan het toevoegen van cranberry een pijnverlichtende en ontstekingsremmende werking hebben. De gezonde vezels in cranberries hebben een gezonde invloed op de spijsvertering en zorgen voor een langer vol gevoel.<\/p>\n<\/p>\n<p>Cranberry wordt toegevoegd aan ons hondenvoer omdat dit een positieve bijdrage zou kunnen leveren aan het voorkomen van rasspecifieke klachten in relatie tot onder andere de spijsvertering&#44; huid&#44; gewrichten&#44; botten en zenuwfuncties.<\/p>\n<p>Mango <\/p>\n<p>Mango behoort tot het geslacht Mangifera en stamt waarschijnlijk uit het noordoosten van India en Zuidoost-Azi&#235;. Het is een steenvrucht met vari&#235;rende vormen en groeit aan een boom die een hoogte van 40 meter kan bereiken.<\/p>\n<p>Deze lekkere zomerse traktatie zit boordevol essenti&#235;le vitamines en mineralen. Zo bevat hij vitamine A&#44; B6&#44; C en E &#233;n is hij rijk aan kalium&#44; b&#232;tacaroteen en alfa-caroteen. Verder bevat mango veel gezonde voedingsvezels die bijdragen aan de versterking van het immuunsysteem en de spijsvertering. De natuurlijke antioxidant (vitamine C) draagt bij aan de ondersteuning van vitale lichaamsfuncties. Vitamine A zit vol met b&#232;tacaroteen&#44; wat kan helpen het gezichtsvermogen te behouden en te verbeteren.<\/p>\n<p>Wij voegen mango toe aan ons hondenvoer&#44; omdat dit een positieve bijdrage kan leveren aan het ondersteunen van de weerstand van de hond en een gezonde spijsvertering. Hiernaast kan mango het gezichtsvermogen van de hond ondersteunen.<\/p>\n<p><strong>Chiot, adulte ou personne \u00e2g\u00e9e ?<\/strong><\/p>\n<p>Om je te helpen bij het maken van de juiste keuze tussen onze varianten Basenji hondenvoer kun je gebruik maken van de volgende richtlijnen. Is jouw Basenji jonger dan 11 maanden&#44; kies dan voor de Puppy variant. Voor een Basenji ouder dan 7 jaar adviseren we de Yourdog Basenji senior. Is jouw hond ouder dan 11 maanden en jonger dan 7 jaar&#44; dan kun je de Adult variant kiezen.<\/p>\n<\/p>\n<p><strong>Garantie d'app\u00e9tence <\/strong><\/p>\n<p>Wij zijn overtuigd van de kwaliteit van onze voeding. Daarom geven wij op alle Yourdog verpakkingen een smakelijkheidsgarantie. Lijkt jouw Basenji zijn Yourdog hondenvoer toch niet lekker te vinden&#44; neem dan contact met ons op. Wij helpen je bij het analyseren van de problemen. Komen we er samen niet uit dan krijg je van ons het aankoopbedrag terug.<\/p>\n<\/p>\n<p><strong>Conseils nutritionnels<\/strong><\/p>\n<table>\n<tr>\n<td>Poids corporel (kg)<\/td>\n<td>Quantit\u00e9 journali\u00e8re (g)<\/td>\n<\/tr>\n<tr>\n<td>10 &#8211; 20<\/td>\n<td>190 &#8211; 315<\/td>\n<\/tr>\n<tr>\n<td>20 &#8211; 40<\/td>\n<td>315 &#8211; 525<\/td>\n<\/tr>\n<tr>\n<td>40 &#8211; 60<\/td>\n<td>525 &#8211; 750<\/td>\n<\/tr>\n<\/table>\n<p><strong>Conseils pour le passage \u00e0 l'euro<\/strong><\/p>\n<p>Stap je over op Yourdog vanaf een ander voermerk dan adviseren wij de volgende stappen te volgen. Voor de eerste stap voer je 25% Yourdog en 75% van het oude hondenvoer. De hond kan hier gedurende twee dagen aan wennen. Vervolgens voer je 50% Yourdog en 50% van het oude hondenvoer. Het is belangrijk dat je de hond ook hier weer twee of drie dagen aan laat wennen. Daarna meng je 75% Yourdog en 25% van het oude hondenvoer. De hond is nu bijna helemaal over op Yourdog. Doe dit gedurende 2 dagen. Naar eigen inzicht kun je hierna 100% Yourdog Basenji hondenvoer gaan voeren.<\/p>\n<p><strong>Conseils de stockage<\/strong><\/p>\n<p>Apr\u00e8s ouverture de l'emballage Yourdog, les aliments sont expos\u00e9s \u00e0 l'oxyg\u00e8ne, \u00e0 l'humidit\u00e9 et \u00e0 la lumi\u00e8re, ce qui peut affecter leur dur\u00e9e de conservation et leur go\u00fbt. Il est donc important de conserver les aliments correctement apr\u00e8s l'ouverture du sac, de pr\u00e9f\u00e9rence dans une bo\u00eete de stockage herm\u00e9tique ou un tonneau dans un endroit sec, frais et sombre. Il est pr\u00e9f\u00e9rable de ne pas mettre les aliments en vrac dans le tonneau, mais de les mettre dans le tonneau avec le sac entier, que vous refermerez le mieux possible.<\/p>\n<p><strong>Composition<\/strong><\/p>\n<p>Ma&#239;s&#44; gedroogde kip (23%)&#44; gerst&#44; erwten&#44; gedroogde buffel (3.5%)&#44; gevogeltevet&#44; choline chloride&#44; glucosamine&#44; chondroitine&#44; groentemix (met o.a. selderij)&#44; fruitmix (met o.a. cranberry&#44; mango)&#44; kruidenmix (met o.a. venkel) <\/p>\n<\/p>\n<p><strong>Constituants analytiques<\/strong><\/p>\n<p>Prot\u00e9ines brutes 24%, mati\u00e8res grasses brutes 8%, fibres brutes 3,9%, cendres brutes 6%, calcium 1,4%, phosphore 1,1%.<\/p>\n<p><strong>Valeurs nutritionnelles<\/strong><\/p>\n<p>Vitamine A 20 000 UI (E672), vitamine D3 1.400 UI (E671), vitamine E sous forme d'ac\u00e9tate de rac-alpha-tocoph\u00e9ryle (3a700) 500 mg, E1 Fe sous forme de sulfate de fer (II), monohydrat\u00e9 : 50 mg, E2 I sous forme d'iodate de calcium, anhydre :1,5 mg, E4 Cu comme sulfate de cuivre (II), pentahydrat\u00e9 : 5,0 mg, E5 Mn comme oxyde de mangan\u00e8se (II) : 35 mg, E6 Zn comme oxyde de zinc : 65 mg, E8 Se comme s\u00e9l\u00e9nite de sodium : 0,2 mg.<\/p>","protected":false},"excerpt":{"rendered":"<p>Yourdog Basenji zorgt voor de holistische gezondheid en het welzijn van jouw hond. Alle Yourdog varianten bevatten smaakvolle buffel en kip. Wij combineren dit met zorgvuldig geselecteerde groenten&#44; fruit en kruiden om zo te komen tot de perfecte voeding voor jouw Basenji.<\/p>\n<p><strong>Waarom Yourdog Basenji <\/strong><\/p>\n<ul>\n<li>Riche en buffles et en volailles<\/li>\n<li>Speciaal gemaakt voor de Basenji<\/li>\n<li>Bevat Venkel&#44; Cranberry en Mango<\/li>\n<li>Favorise un pelage sain et brillant<\/li>\n<li>Maintenir une flore intestinale saine<\/li>\n<li>Sans parfums, colorants ou ar\u00f4mes artificiels<\/li>\n<li>Ook geschikt voor de gevoelige Basenji<\/li>\n<\/ul>\n<p><strong>Nos ingr\u00e9dients<\/strong><\/p>\n<p>Pour fabriquer nos aliments, 10,6 kg de viande sont d\u00e9shydrat\u00e9s pour un sac de 12 kg afin de faciliter leur incorporation dans nos croquettes. Avec la bonne quantit\u00e9 de l\u00e9gumes, de fruits et d'herbes, Yourdog est un choix sain et nutritif pour les chiens.<\/p>\n<p><i>Buffalo<\/i><\/p>\n<p>Chez Yourdog, nous utilisons de la viande de buffle \u00e9lev\u00e9e en libert\u00e9 et nourrie \u00e0 l'herbe. Connue pour sa saveur cr\u00e9meuse et fra\u00eeche et sa couleur riche, la viande de buffle regorge de vitamines et de min\u00e9raux. Avec une teneur en cholest\u00e9rol et en graisse plus faible et moins de calories, cette viande tendre est pleine de bienfaits pour la sant\u00e9.<\/p>\n<\/p>\n<p><i>Volaille<\/i><\/p>\n<p>Chez Yourdog, nous utilisons du canard, du poulet et de la dinde qui, ensemble, donnent une saveur et un ar\u00f4me d\u00e9licieux aux croquettes. Les prot\u00e9ines hautement digestibles de la volaille assurent une bonne construction musculaire et sont riches en vitamines et en min\u00e9raux.<\/p>\n<\/p>\n<p><i>L\u00e9gumes<\/i><\/p>\n<p>Pour fournir aux chiens des nutriments pr\u00e9cieux suppl\u00e9mentaires, des l\u00e9gumes tr\u00e8s sains ont \u00e9t\u00e9 ajout\u00e9s \u00e0 notre alimentation. Ainsi, les l\u00e9gumes ne sont pas seulement nutritifs, ils ont aussi d'autres propri\u00e9t\u00e9s b\u00e9n\u00e9fiques pour la sant\u00e9. Les fibres brutes contenues dans les l\u00e9gumes sont b\u00e9n\u00e9fiques pour les intestins et peuvent notamment contribuer \u00e0 la digestion.<\/p>\n<\/p>\n<p><i>Fruits<\/i><\/p>\n<p>Nous ajoutons une combinaison unique de fruits \u00e0 Yourdog, ce qui donne au chien tous les antioxydants naturels essentiels. Les fruits peuvent donc \u00eatre b\u00e9n\u00e9fiques pour le syst\u00e8me immunitaire du chien, mais ils peuvent aussi contribuer \u00e0 lui donner une haleine fra\u00eeche ou \u00e0 maintenir une bonne digestion. Ces ingr\u00e9dients naturels favorisent la sant\u00e9 du chien.<\/p>\n<p><i>Herbes<\/i><\/p>\n<p>Les herbes saines qui enrichissent notre alimentation proviennent de plantes d'Europe. L'utilisation d'herbes, de racines, de fleurs, de plantes et d'algues, entre autres, remonte \u00e0 des milliers d'ann\u00e9es. Ces ingr\u00e9dients favorisent les processus naturels de l'organisme du chien, comme la digestion. Chaque ingr\u00e9dient que nous ajoutons \u00e0 nos aliments pour chiens est soigneusement s\u00e9lectionn\u00e9 pour ses propri\u00e9t\u00e9s positives. En fonction de la taille, de la race ou du groupe de races du chien, les ingr\u00e9dients font l'objet d'une attention particuli\u00e8re. L'utilisation d'herbes, de racines, de fleurs et de plantes permet d'att\u00e9nuer les probl\u00e8mes sp\u00e9cifiques \u00e0 la race.<\/p>\n<\/p>\n<p><strong>Basenji specifieke groente&#44; kruiden en fruit<\/strong><\/p>\n<p>Wij hebben zorgvuldig de raseigenschappen van de Basenji onderzocht. Ook hebben we onderzoek gedaan naar de eigenschappen van de FCI-ras sectie en de FCI-rasgroep waar de Basenji toe behoort. Uit deze onderzoeken zijn&#44; in overleg met vooraanstaande Nederlandse voedingsdeskundige&#44; ingredi&#235;nten geselecteerd die de gezondheid en het welzijn van de Basenji optimaal ten goede komen.<\/p>\n<p>Venkel <\/p>\n<p>Venkel is een plant uit de schermbloemenfamilie en is te herkennen aan de anijssmaak. De draadvormige vertakkingen van de bladeren worden vaak als kruid gebruikt en de zaden als specerij. Deze zaden staan al eeuwenlang bekend om de geneeskrachtige eigenschappen.<\/p>\n<p>Zoals veel kruiden en zaden&#44; is ook venkel rijk aan verschillende vitaminen en mineralen. Zo bevat het veel vitamine A en C en de mineralen ijzer en kalium.<\/p>\n<\/p>\n<p>Venkel kan door ons worden toegevoegd aan het hondenvoer omdat het de spijsvertering kan ondersteunen en een opgeblazen gevoel in de maag en darmen kan tegengaan. Het kan bijdragen aan een gezond hart- en vaatstelsel en kan een positieve invloed hebben bij gewrichtsproblemen. Ook zou venkel een frisse adem bevorderen.<\/p>\n<p>Cranberry <\/p>\n<p>De cranberry is een plant uit de heidefamilie. Deze plant is in Nederland voornamelijk te vinden op de Waddeneilanden en zeer zeldzaam in de rest van Nederland. Oorspronkelijk komt de plant uit Noord-Amerika en zou deze rond 1845 voor het eerst naar Nederland zijn gekomen.<\/p>\n<p>Cranberries bevatten een unieke mix van voedingsstoffen die een krachtige gezondheidsboost kunnen bieden aan honden. De besjes zijn onder andere rijk aan mineralen zoals kalium&#44; die zorgt voor een gezond niveau van de vitale vloeistoffen in het lichaam. Ook zitten deze besjes vol met vitamine A&#44; B en C en antioxidanten om het immuunsysteem te ondersteunen. Vitamine C maakt de urine zuurder wat ervoor zorgt dat het milieu in de blaas onaantrekkelijker wordt voor bacteri&#235;n. Ook kan het toevoegen van cranberry een pijnverlichtende en ontstekingsremmende werking hebben. De gezonde vezels in cranberries hebben een gezonde invloed op de spijsvertering en zorgen voor een langer vol gevoel.<\/p>\n<\/p>\n<p>Cranberry wordt toegevoegd aan ons hondenvoer omdat dit een positieve bijdrage zou kunnen leveren aan het voorkomen van rasspecifieke klachten in relatie tot onder andere de spijsvertering&#44; huid&#44; gewrichten&#44; botten en zenuwfuncties.<\/p>\n<p>Mango <\/p>\n<p>Mango behoort tot het geslacht Mangifera en stamt waarschijnlijk uit het noordoosten van India en Zuidoost-Azi&#235;. Het is een steenvrucht met vari&#235;rende vormen en groeit aan een boom die een hoogte van 40 meter kan bereiken.<\/p>\n<p>Deze lekkere zomerse traktatie zit boordevol essenti&#235;le vitamines en mineralen. Zo bevat hij vitamine A&#44; B6&#44; C en E &#233;n is hij rijk aan kalium&#44; b&#232;tacaroteen en alfa-caroteen. Verder bevat mango veel gezonde voedingsvezels die bijdragen aan de versterking van het immuunsysteem en de spijsvertering. De natuurlijke antioxidant (vitamine C) draagt bij aan de ondersteuning van vitale lichaamsfuncties. Vitamine A zit vol met b&#232;tacaroteen&#44; wat kan helpen het gezichtsvermogen te behouden en te verbeteren.<\/p>\n<p>Wij voegen mango toe aan ons hondenvoer&#44; omdat dit een positieve bijdrage kan leveren aan het ondersteunen van de weerstand van de hond en een gezonde spijsvertering. Hiernaast kan mango het gezichtsvermogen van de hond ondersteunen.<\/p>\n<p><strong>Chiot, adulte ou personne \u00e2g\u00e9e ?<\/strong><\/p>\n<p>Om je te helpen bij het maken van de juiste keuze tussen onze varianten Basenji hondenvoer kun je gebruik maken van de volgende richtlijnen. Is jouw Basenji jonger dan 11 maanden&#44; kies dan voor de Puppy variant. Voor een Basenji ouder dan 7 jaar adviseren we de Yourdog Basenji senior. Is jouw hond ouder dan 11 maanden en jonger dan 7 jaar&#44; dan kun je de Adult variant kiezen.<\/p>\n<\/p>\n<p><strong>Garantie d'app\u00e9tence <\/strong><\/p>\n<p>Wij zijn overtuigd van de kwaliteit van onze voeding. Daarom geven wij op alle Yourdog verpakkingen een smakelijkheidsgarantie. Lijkt jouw Basenji zijn Yourdog hondenvoer toch niet lekker te vinden&#44; neem dan contact met ons op. Wij helpen je bij het analyseren van de problemen. Komen we er samen niet uit dan krijg je van ons het aankoopbedrag terug.<\/p>\n<\/p>\n<p><strong>Conseils nutritionnels<\/strong><\/p>\n<table>\n<tr>\n<td>Poids corporel (kg)<\/td>\n<td>Quantit\u00e9 journali\u00e8re (g)<\/td>\n<\/tr>\n<tr>\n<td>10 &#8211; 20<\/td>\n<td>190 &#8211; 315<\/td>\n<\/tr>\n<tr>\n<td>20 &#8211; 40<\/td>\n<td>315 &#8211; 525<\/td>\n<\/tr>\n<tr>\n<td>40 &#8211; 60<\/td>\n<td>525 &#8211; 750<\/td>\n<\/tr>\n<\/table>\n<p><strong>Conseils pour le passage \u00e0 l'euro<\/strong><\/p>\n<p>Stap je over op Yourdog vanaf een ander voermerk dan adviseren wij de volgende stappen te volgen. Voor de eerste stap voer je 25% Yourdog en 75% van het oude hondenvoer. De hond kan hier gedurende twee dagen aan wennen. Vervolgens voer je 50% Yourdog en 50% van het oude hondenvoer. Het is belangrijk dat je de hond ook hier weer twee of drie dagen aan laat wennen. Daarna meng je 75% Yourdog en 25% van het oude hondenvoer. De hond is nu bijna helemaal over op Yourdog. Doe dit gedurende 2 dagen. Naar eigen inzicht kun je hierna 100% Yourdog Basenji hondenvoer gaan voeren.<\/p>\n<p><strong>Conseils de stockage<\/strong><\/p>\n<p>Apr\u00e8s ouverture de l'emballage Yourdog, les aliments sont expos\u00e9s \u00e0 l'oxyg\u00e8ne, \u00e0 l'humidit\u00e9 et \u00e0 la lumi\u00e8re, ce qui peut affecter leur dur\u00e9e de conservation et leur go\u00fbt. Il est donc important de conserver les aliments correctement apr\u00e8s l'ouverture du sac, de pr\u00e9f\u00e9rence dans une bo\u00eete de stockage herm\u00e9tique ou un tonneau dans un endroit sec, frais et sombre. Il est pr\u00e9f\u00e9rable de ne pas mettre les aliments en vrac dans le tonneau, mais de les mettre dans le tonneau avec le sac entier, que vous refermerez le mieux possible.<\/p>\n<p><strong>Composition<\/strong><\/p>\n<p>Ma&#239;s&#44; gedroogde kip (23%)&#44; gerst&#44; erwten&#44; gedroogde buffel (3.5%)&#44; gevogeltevet&#44; choline chloride&#44; glucosamine&#44; chondroitine&#44; groentemix (met o.a. selderij)&#44; fruitmix (met o.a. cranberry&#44; mango)&#44; kruidenmix (met o.a. venkel) <\/p>\n<\/p>\n<p><strong>Constituants analytiques<\/strong><\/p>\n<p>Prot\u00e9ines brutes 24%, mati\u00e8res grasses brutes 8%, fibres brutes 3,9%, cendres brutes 6%, calcium 1,4%, phosphore 1,1%.<\/p>\n<p><strong>Valeurs nutritionnelles<\/strong><\/p>\n<p>Vitamine A 20 000 UI (E672), vitamine D3 1.400 UI (E671), vitamine E sous forme d'ac\u00e9tate de rac-alpha-tocoph\u00e9ryle (3a700) 500 mg, E1 Fe sous forme de sulfate de fer (II), monohydrat\u00e9 : 50 mg, E2 I sous forme d'iodate de calcium, anhydre :1,5 mg, E4 Cu comme sulfate de cuivre (II), pentahydrat\u00e9 : 5,0 mg, E5 Mn comme oxyde de mangan\u00e8se (II) : 35 mg, E6 Zn comme oxyde de zinc : 65 mg, E8 Se comme s\u00e9l\u00e9nite de sodium : 0,2 mg.<\/p>","protected":false},"featured_media":8734,"comment_status":"closed","ping_status":"open","template":"","meta":[],"product_brand":[189],"product_cat":[190,86],"product_tag":[2121,3888,203,2322,3747],"class_list":{"0":"post-6345","1":"product","2":"type-product","3":"status-publish","4":"has-post-thumbnail","6":"product_brand-yourdog","7":"product_cat-droogvoer-hond","8":"product_cat-honden","9":"product_tag-aan","10":"product_tag-basenji","11":"product_tag-hond","12":"product_tag-kan","13":"product_tag-yourdog","14":"product_shipping_class-pakket","16":"first","17":"instock","18":"purchasable","19":"product-type-simple"},"_links":{"self":[{"href":"https:\/\/zoonatie.be\/fr\/wp-json\/wp\/v2\/product\/6345","targetHints":{"allow":["GET"]}}],"collection":[{"href":"https:\/\/zoonatie.be\/fr\/wp-json\/wp\/v2\/product"}],"about":[{"href":"https:\/\/zoonatie.be\/fr\/wp-json\/wp\/v2\/types\/product"}],"replies":[{"embeddable":true,"href":"https:\/\/zoonatie.be\/fr\/wp-json\/wp\/v2\/comments?post=6345"}],"version-history":[{"count":0,"href":"https:\/\/zoonatie.be\/fr\/wp-json\/wp\/v2\/product\/6345\/revisions"}],"wp:featuredmedia":[{"embeddable":true,"href":"https:\/\/zoonatie.be\/fr\/wp-json\/wp\/v2\/media\/8734"}],"wp:attachment":[{"href":"https:\/\/zoonatie.be\/fr\/wp-json\/wp\/v2\/media?parent=6345"}],"wp:term":[{"taxonomy":"product_brand","embeddable":true,"href":"https:\/\/zoonatie.be\/fr\/wp-json\/wp\/v2\/product_brand?post=6345"},{"taxonomy":"product_cat","embeddable":true,"href":"https:\/\/zoonatie.be\/fr\/wp-json\/wp\/v2\/product_cat?post=6345"},{"taxonomy":"product_tag","embeddable":true,"href":"https:\/\/zoonatie.be\/fr\/wp-json\/wp\/v2\/product_tag?post=6345"}],"curies":[{"name":"wp","href":"https:\/\/api.w.org\/{rel}","templated":true}]}}