{"id":6481,"date":"2025-09-18T15:07:38","date_gmt":"2025-09-18T15:07:38","guid":{"rendered":"https:\/\/zoonatie.be\/product\/yourdog-braque-du-bourbonnais-volwassen-3-kg\/"},"modified":"2025-09-22T16:49:21","modified_gmt":"2025-09-22T16:49:21","slug":"yourdog-braque-du-bourbonnais-volwassen-3-kg","status":"publish","type":"product","link":"https:\/\/zoonatie.be\/fr\/produit\/yourdog-braque-du-bourbonnais-volwassen-3-kg\/","title":{"rendered":"YOURDOG BRAQUE DU BOURBONNAIS VOLWASSEN"},"content":{"rendered":"<p>Yourdog Braque du bourbonnais zorgt voor de holistische gezondheid en het welzijn van jouw hond. Alle Yourdog varianten bevatten smaakvolle buffel en kip. Wij combineren dit met zorgvuldig geselecteerde groenten&#44; fruit en kruiden om zo te komen tot de perfecte voeding voor jouw Braque du bourbonnais.<\/p>\n<p><strong>Waarom Yourdog Braque du bourbonnais <\/strong><\/p>\n<ul>\n<li>Riche en buffles et en volailles<\/li>\n<li>Speciaal gemaakt voor de Braque du bourbonnais<\/li>\n<li>Bevat Fenegriek&#44; Banaan en Bosbes<\/li>\n<li>Favorise un pelage sain et brillant<\/li>\n<li>Maintenir une flore intestinale saine<\/li>\n<li>Sans parfums, colorants ou ar\u00f4mes artificiels<\/li>\n<li>Ook geschikt voor de gevoelige Braque du bourbonnais<\/li>\n<\/ul>\n<p><strong>Nos ingr\u00e9dients<\/strong><\/p>\n<p>Pour fabriquer nos aliments, 10,6 kg de viande sont d\u00e9shydrat\u00e9s pour un sac de 12 kg afin de faciliter leur incorporation dans nos croquettes. Avec la bonne quantit\u00e9 de l\u00e9gumes, de fruits et d'herbes, Yourdog est un choix sain et nutritif pour les chiens.<\/p>\n<p><i>Buffalo<\/i><\/p>\n<p>Chez Yourdog, nous utilisons de la viande de buffle \u00e9lev\u00e9e en libert\u00e9 et nourrie \u00e0 l'herbe. Connue pour sa saveur cr\u00e9meuse et fra\u00eeche et sa couleur riche, la viande de buffle regorge de vitamines et de min\u00e9raux. Avec une teneur en cholest\u00e9rol et en graisse plus faible et moins de calories, cette viande tendre est pleine de bienfaits pour la sant\u00e9.<\/p>\n<\/p>\n<p><i>Volaille<\/i><\/p>\n<p>Chez Yourdog, nous utilisons du canard, du poulet et de la dinde qui, ensemble, donnent une saveur et un ar\u00f4me d\u00e9licieux aux croquettes. Les prot\u00e9ines hautement digestibles de la volaille assurent une bonne construction musculaire et sont riches en vitamines et en min\u00e9raux.<\/p>\n<\/p>\n<p><i>L\u00e9gumes<\/i><\/p>\n<p>Pour fournir aux chiens des nutriments pr\u00e9cieux suppl\u00e9mentaires, des l\u00e9gumes tr\u00e8s sains ont \u00e9t\u00e9 ajout\u00e9s \u00e0 notre alimentation. Ainsi, les l\u00e9gumes ne sont pas seulement nutritifs, ils ont aussi d'autres propri\u00e9t\u00e9s b\u00e9n\u00e9fiques pour la sant\u00e9. Les fibres brutes contenues dans les l\u00e9gumes sont b\u00e9n\u00e9fiques pour les intestins et peuvent notamment contribuer \u00e0 la digestion.<\/p>\n<\/p>\n<p><i>Fruits<\/i><\/p>\n<p>Nous ajoutons une combinaison unique de fruits \u00e0 Yourdog, ce qui donne au chien tous les antioxydants naturels essentiels. Les fruits peuvent donc \u00eatre b\u00e9n\u00e9fiques pour le syst\u00e8me immunitaire du chien, mais ils peuvent aussi contribuer \u00e0 lui donner une haleine fra\u00eeche ou \u00e0 maintenir une bonne digestion. Ces ingr\u00e9dients naturels favorisent la sant\u00e9 du chien.<\/p>\n<p><i>Herbes<\/i><\/p>\n<p>Les herbes saines qui enrichissent notre alimentation proviennent de plantes d'Europe. L'utilisation d'herbes, de racines, de fleurs, de plantes et d'algues, entre autres, remonte \u00e0 des milliers d'ann\u00e9es. Ces ingr\u00e9dients favorisent les processus naturels de l'organisme du chien, comme la digestion. Chaque ingr\u00e9dient que nous ajoutons \u00e0 nos aliments pour chiens est soigneusement s\u00e9lectionn\u00e9 pour ses propri\u00e9t\u00e9s positives. En fonction de la taille, de la race ou du groupe de races du chien, les ingr\u00e9dients font l'objet d'une attention particuli\u00e8re. L'utilisation d'herbes, de racines, de fleurs et de plantes permet d'att\u00e9nuer les probl\u00e8mes sp\u00e9cifiques \u00e0 la race.<\/p>\n<\/p>\n<p><strong>Braque du bourbonnais specifieke groente&#44; kruiden en fruit<\/strong><\/p>\n<p>Wij hebben zorgvuldig de raseigenschappen van de Braque du bourbonnais onderzocht. Ook hebben we onderzoek gedaan naar de eigenschappen van de FCI-ras sectie en de FCI-rasgroep waar de Braque du bourbonnais toe behoort. Uit deze onderzoeken zijn&#44; in overleg met vooraanstaande Nederlandse voedingsdeskundige&#44; ingredi&#235;nten geselecteerd die de gezondheid en het welzijn van de Braque du bourbonnais optimaal ten goede komen.<\/p>\n<p>Fenegriek <\/p>\n<p>Fenegriek is net als de erwt een plant uit de vlinderbloemenfamilie. De plant wordt ook wel foenegriek of &#039;Grieks hooi&#039; genoemd. Het komt oorspronkelijk uit Mesopotami&#235; en was in de oudheid reeds bekend in het Middellandse Zeegebied. Tegenwoordig wordt fenegriek ook geteeld in Centraal-Azi&#235;.<\/p>\n<p>Fenegriek is rijk aan ijzer en koper. Fenegriek bevat saponine en coumarinen&#44; waardoor het kan helpen bij aderproblemen. Verder heeft het ontstekingswerende eigenschappen (natuurlijke ontstekingsremmer) en bevordert het de galproductie.<\/p>\n<p>Fenegriek kan door ons aan het voer worden toegevoegd ter voorkoming van artritis&#44; astma&#44; huidproblemen. Ook de maag en darmen genieten van de positieve effecten van de toevoeging van fenegriek en het ondersteunt een gezonde spijsvertering.<\/p>\n<p>Banane <\/p>\n<p>Le bananier pousse dans les r\u00e9gions tropicales o\u00f9 les temp\u00e9ratures ne descendent pas en dessous de 10 degr\u00e9s Celsius. Il existe m\u00eame des preuves que la banane aurait \u00e9t\u00e9 cultiv\u00e9e en Nouvelle-Guin\u00e9e il y a environ 7 000 ans. Le nom est d\u00e9riv\u00e9 du mot Obanaana de la langue du peuple Wolof.<\/p>\n<p>Les bananes sont riches en vitamines et en min\u00e9raux. Elles contiennent notamment des vitamines A, C et B11 (acide folique), ainsi que des min\u00e9raux tels que le potassium, le magn\u00e9sium, le fer et le zinc. La vitamine C, antioxydant naturel, peut renforcer l'immunit\u00e9. La vitamine B11, ou acide folique, peut soutenir le syst\u00e8me immunitaire et contribuer au bon fonctionnement du syst\u00e8me nerveux. Elle peut \u00e9galement r\u00e9duire le risque de maladies cardiovasculaires. Le potassium peut \u00e9galement contribuer \u00e0 abaisser la tension art\u00e9rielle chez les chiens souffrant d'hypertension, le magn\u00e9sium peut aider \u00e0 d\u00e9tendre les muscles et favoriser la croissance osseuse. En outre, la banane contient beaucoup de bonnes fibres et favorise la pr\u00e9sence de bonnes bact\u00e9ries dans les intestins.<\/p>\n<p>Bosbes <\/p>\n<p>Bosbessen behoren tot de heidefamilie van de planten en groeien voornamelijk in de open bossen in het noordelijk halfrond. De plant wordt al voor langere tijd gebruikt in de traditionele Europese geneeskunde en zou bekend staan om de positieve effecten bij ziektes van het maagdarmstelsel en diabetes.<\/p>\n<p>Bosbessen kunnen worden toegevoegd aan ons hondenvoer omdat ze rijk zijn aan antioxidanten&#44; welke het lichaam beschermen tegen vrije radicalen. Daarnaast bevatten ze goede vezels voor de spijsvertering en zijn de bessen rijk aan vitamine C en K. Het zou ondersteunend kunnen werken op het immuunsysteem en kunnen bijdragen aan de algehele gezondheid van de hond.<\/p>\n<p><strong>Chiot, adulte ou personne \u00e2g\u00e9e ?<\/strong><\/p>\n<p>Om je te helpen bij het maken van de juiste keuze tussen onze varianten Braque du bourbonnais hondenvoer kun je gebruik maken van de volgende richtlijnen. Is jouw Braque du bourbonnais jonger dan 11 maanden&#44; kies dan voor de Puppy variant. Voor een Braque du bourbonnais ouder dan 7 jaar adviseren we de Yourdog Braque du bourbonnais senior. Is jouw hond ouder dan 11 maanden en jonger dan 7 jaar&#44; dan kun je de Adult variant kiezen.<\/p>\n<\/p>\n<p><strong>Garantie d'app\u00e9tence <\/strong><\/p>\n<p>Wij zijn overtuigd van de kwaliteit van onze voeding. Daarom geven wij op alle Yourdog verpakkingen een smakelijkheidsgarantie. Lijkt jouw Braque du bourbonnais zijn Yourdog hondenvoer toch niet lekker te vinden&#44; neem dan contact met ons op. Wij helpen je bij het analyseren van de problemen. Komen we er samen niet uit dan krijg je van ons het aankoopbedrag terug.<\/p>\n<\/p>\n<p><strong>Conseils nutritionnels<\/strong><\/p>\n<table>\n<tr>\n<td>Poids corporel (kg)<\/td>\n<td>Quantit\u00e9 journali\u00e8re (g)<\/td>\n<\/tr>\n<tr>\n<td>10 &#8211; 20<\/td>\n<td>190 &#8211; 315<\/td>\n<\/tr>\n<tr>\n<td>20 &#8211; 40<\/td>\n<td>315 &#8211; 525<\/td>\n<\/tr>\n<tr>\n<td>40 &#8211; 60<\/td>\n<td>525 &#8211; 750<\/td>\n<\/tr>\n<\/table>\n<p><strong>Conseils pour le passage \u00e0 l'euro<\/strong><\/p>\n<p>Stap je over op Yourdog vanaf een ander voermerk dan adviseren wij de volgende stappen te volgen. Voor de eerste stap voer je 25% Yourdog en 75% van het oude hondenvoer. De hond kan hier gedurende twee dagen aan wennen. Vervolgens voer je 50% Yourdog en 50% van het oude hondenvoer. Het is belangrijk dat je de hond ook hier weer twee of drie dagen aan laat wennen. Daarna meng je 75% Yourdog en 25% van het oude hondenvoer. De hond is nu bijna helemaal over op Yourdog. Doe dit gedurende 2 dagen. Naar eigen inzicht kun je hierna 100% Yourdog Braque du bourbonnais hondenvoer gaan voeren.<\/p>\n<p><strong>Conseils de stockage<\/strong><\/p>\n<p>Apr\u00e8s ouverture de l'emballage Yourdog, les aliments sont expos\u00e9s \u00e0 l'oxyg\u00e8ne, \u00e0 l'humidit\u00e9 et \u00e0 la lumi\u00e8re, ce qui peut affecter leur dur\u00e9e de conservation et leur go\u00fbt. Il est donc important de conserver les aliments correctement apr\u00e8s l'ouverture du sac, de pr\u00e9f\u00e9rence dans une bo\u00eete de stockage herm\u00e9tique ou un tonneau dans un endroit sec, frais et sombre. Il est pr\u00e9f\u00e9rable de ne pas mettre les aliments en vrac dans le tonneau, mais de les mettre dans le tonneau avec le sac entier, que vous refermerez le mieux possible.<\/p>\n<p><strong>Composition<\/strong><\/p>\n<p>Ma&#239;s&#44; gedroogde kip (23%)&#44; gerst&#44; erwten&#44; gedroogde buffel (3.5%)&#44; gevogeltevet&#44; choline chloride&#44; glucosamine&#44; chondroitine&#44; groentemix (met o.a. tomaat)&#44; fruitmix (met o.a. banaan&#44; bosbes)&#44; kruidenmix (met o.a. fenegriek) <\/p>\n<\/p>\n<p><strong>Constituants analytiques<\/strong><\/p>\n<p>Ruw eiwit 25%&#44; ruw vet 9%&#44; ruwe celstof 3&#44;9%&#44; ruw as 6%&#44; Calcium 1&#44;4%&#44; Fosfor 1&#44;1%<\/p>\n<p><strong>Valeurs nutritionnelles<\/strong><\/p>\n<p>Vitamine A 20 000 UI (E672), vitamine D3 1.400 UI (E671), vitamine E sous forme d'ac\u00e9tate de rac-alpha-tocoph\u00e9ryle (3a700) 500 mg, E1 Fe sous forme de sulfate de fer (II), monohydrat\u00e9 : 50 mg, E2 I sous forme d'iodate de calcium, anhydre :1,5 mg, E4 Cu comme sulfate de cuivre (II), pentahydrat\u00e9 : 5,0 mg, E5 Mn comme oxyde de mangan\u00e8se (II) : 35 mg, E6 Zn comme oxyde de zinc : 65 mg, E8 Se comme s\u00e9l\u00e9nite de sodium : 0,2 mg.<\/p>","protected":false},"excerpt":{"rendered":"<p>Yourdog Braque du bourbonnais zorgt voor de holistische gezondheid en het welzijn van jouw hond. Alle Yourdog varianten bevatten smaakvolle buffel en kip. Wij combineren dit met zorgvuldig geselecteerde groenten&#44; fruit en kruiden om zo te komen tot de perfecte voeding voor jouw Braque du bourbonnais.<\/p>\n<p><strong>Waarom Yourdog Braque du bourbonnais <\/strong><\/p>\n<ul>\n<li>Riche en buffles et en volailles<\/li>\n<li>Speciaal gemaakt voor de Braque du bourbonnais<\/li>\n<li>Bevat Fenegriek&#44; Banaan en Bosbes<\/li>\n<li>Favorise un pelage sain et brillant<\/li>\n<li>Maintenir une flore intestinale saine<\/li>\n<li>Sans parfums, colorants ou ar\u00f4mes artificiels<\/li>\n<li>Ook geschikt voor de gevoelige Braque du bourbonnais<\/li>\n<\/ul>\n<p><strong>Nos ingr\u00e9dients<\/strong><\/p>\n<p>Pour fabriquer nos aliments, 10,6 kg de viande sont d\u00e9shydrat\u00e9s pour un sac de 12 kg afin de faciliter leur incorporation dans nos croquettes. Avec la bonne quantit\u00e9 de l\u00e9gumes, de fruits et d'herbes, Yourdog est un choix sain et nutritif pour les chiens.<\/p>\n<p><i>Buffalo<\/i><\/p>\n<p>Chez Yourdog, nous utilisons de la viande de buffle \u00e9lev\u00e9e en libert\u00e9 et nourrie \u00e0 l'herbe. Connue pour sa saveur cr\u00e9meuse et fra\u00eeche et sa couleur riche, la viande de buffle regorge de vitamines et de min\u00e9raux. Avec une teneur en cholest\u00e9rol et en graisse plus faible et moins de calories, cette viande tendre est pleine de bienfaits pour la sant\u00e9.<\/p>\n<\/p>\n<p><i>Volaille<\/i><\/p>\n<p>Chez Yourdog, nous utilisons du canard, du poulet et de la dinde qui, ensemble, donnent une saveur et un ar\u00f4me d\u00e9licieux aux croquettes. Les prot\u00e9ines hautement digestibles de la volaille assurent une bonne construction musculaire et sont riches en vitamines et en min\u00e9raux.<\/p>\n<\/p>\n<p><i>L\u00e9gumes<\/i><\/p>\n<p>Pour fournir aux chiens des nutriments pr\u00e9cieux suppl\u00e9mentaires, des l\u00e9gumes tr\u00e8s sains ont \u00e9t\u00e9 ajout\u00e9s \u00e0 notre alimentation. Ainsi, les l\u00e9gumes ne sont pas seulement nutritifs, ils ont aussi d'autres propri\u00e9t\u00e9s b\u00e9n\u00e9fiques pour la sant\u00e9. Les fibres brutes contenues dans les l\u00e9gumes sont b\u00e9n\u00e9fiques pour les intestins et peuvent notamment contribuer \u00e0 la digestion.<\/p>\n<\/p>\n<p><i>Fruits<\/i><\/p>\n<p>Nous ajoutons une combinaison unique de fruits \u00e0 Yourdog, ce qui donne au chien tous les antioxydants naturels essentiels. Les fruits peuvent donc \u00eatre b\u00e9n\u00e9fiques pour le syst\u00e8me immunitaire du chien, mais ils peuvent aussi contribuer \u00e0 lui donner une haleine fra\u00eeche ou \u00e0 maintenir une bonne digestion. Ces ingr\u00e9dients naturels favorisent la sant\u00e9 du chien.<\/p>\n<p><i>Herbes<\/i><\/p>\n<p>Les herbes saines qui enrichissent notre alimentation proviennent de plantes d'Europe. L'utilisation d'herbes, de racines, de fleurs, de plantes et d'algues, entre autres, remonte \u00e0 des milliers d'ann\u00e9es. Ces ingr\u00e9dients favorisent les processus naturels de l'organisme du chien, comme la digestion. Chaque ingr\u00e9dient que nous ajoutons \u00e0 nos aliments pour chiens est soigneusement s\u00e9lectionn\u00e9 pour ses propri\u00e9t\u00e9s positives. En fonction de la taille, de la race ou du groupe de races du chien, les ingr\u00e9dients font l'objet d'une attention particuli\u00e8re. L'utilisation d'herbes, de racines, de fleurs et de plantes permet d'att\u00e9nuer les probl\u00e8mes sp\u00e9cifiques \u00e0 la race.<\/p>\n<\/p>\n<p><strong>Braque du bourbonnais specifieke groente&#44; kruiden en fruit<\/strong><\/p>\n<p>Wij hebben zorgvuldig de raseigenschappen van de Braque du bourbonnais onderzocht. Ook hebben we onderzoek gedaan naar de eigenschappen van de FCI-ras sectie en de FCI-rasgroep waar de Braque du bourbonnais toe behoort. Uit deze onderzoeken zijn&#44; in overleg met vooraanstaande Nederlandse voedingsdeskundige&#44; ingredi&#235;nten geselecteerd die de gezondheid en het welzijn van de Braque du bourbonnais optimaal ten goede komen.<\/p>\n<p>Fenegriek <\/p>\n<p>Fenegriek is net als de erwt een plant uit de vlinderbloemenfamilie. De plant wordt ook wel foenegriek of &#039;Grieks hooi&#039; genoemd. Het komt oorspronkelijk uit Mesopotami&#235; en was in de oudheid reeds bekend in het Middellandse Zeegebied. Tegenwoordig wordt fenegriek ook geteeld in Centraal-Azi&#235;.<\/p>\n<p>Fenegriek is rijk aan ijzer en koper. Fenegriek bevat saponine en coumarinen&#44; waardoor het kan helpen bij aderproblemen. Verder heeft het ontstekingswerende eigenschappen (natuurlijke ontstekingsremmer) en bevordert het de galproductie.<\/p>\n<p>Fenegriek kan door ons aan het voer worden toegevoegd ter voorkoming van artritis&#44; astma&#44; huidproblemen. Ook de maag en darmen genieten van de positieve effecten van de toevoeging van fenegriek en het ondersteunt een gezonde spijsvertering.<\/p>\n<p>Banane <\/p>\n<p>Le bananier pousse dans les r\u00e9gions tropicales o\u00f9 les temp\u00e9ratures ne descendent pas en dessous de 10 degr\u00e9s Celsius. Il existe m\u00eame des preuves que la banane aurait \u00e9t\u00e9 cultiv\u00e9e en Nouvelle-Guin\u00e9e il y a environ 7 000 ans. Le nom est d\u00e9riv\u00e9 du mot Obanaana de la langue du peuple Wolof.<\/p>\n<p>Les bananes sont riches en vitamines et en min\u00e9raux. Elles contiennent notamment des vitamines A, C et B11 (acide folique), ainsi que des min\u00e9raux tels que le potassium, le magn\u00e9sium, le fer et le zinc. La vitamine C, antioxydant naturel, peut renforcer l'immunit\u00e9. La vitamine B11, ou acide folique, peut soutenir le syst\u00e8me immunitaire et contribuer au bon fonctionnement du syst\u00e8me nerveux. Elle peut \u00e9galement r\u00e9duire le risque de maladies cardiovasculaires. Le potassium peut \u00e9galement contribuer \u00e0 abaisser la tension art\u00e9rielle chez les chiens souffrant d'hypertension, le magn\u00e9sium peut aider \u00e0 d\u00e9tendre les muscles et favoriser la croissance osseuse. En outre, la banane contient beaucoup de bonnes fibres et favorise la pr\u00e9sence de bonnes bact\u00e9ries dans les intestins.<\/p>\n<p>Bosbes <\/p>\n<p>Bosbessen behoren tot de heidefamilie van de planten en groeien voornamelijk in de open bossen in het noordelijk halfrond. De plant wordt al voor langere tijd gebruikt in de traditionele Europese geneeskunde en zou bekend staan om de positieve effecten bij ziektes van het maagdarmstelsel en diabetes.<\/p>\n<p>Bosbessen kunnen worden toegevoegd aan ons hondenvoer omdat ze rijk zijn aan antioxidanten&#44; welke het lichaam beschermen tegen vrije radicalen. Daarnaast bevatten ze goede vezels voor de spijsvertering en zijn de bessen rijk aan vitamine C en K. Het zou ondersteunend kunnen werken op het immuunsysteem en kunnen bijdragen aan de algehele gezondheid van de hond.<\/p>\n<p><strong>Chiot, adulte ou personne \u00e2g\u00e9e ?<\/strong><\/p>\n<p>Om je te helpen bij het maken van de juiste keuze tussen onze varianten Braque du bourbonnais hondenvoer kun je gebruik maken van de volgende richtlijnen. Is jouw Braque du bourbonnais jonger dan 11 maanden&#44; kies dan voor de Puppy variant. Voor een Braque du bourbonnais ouder dan 7 jaar adviseren we de Yourdog Braque du bourbonnais senior. Is jouw hond ouder dan 11 maanden en jonger dan 7 jaar&#44; dan kun je de Adult variant kiezen.<\/p>\n<\/p>\n<p><strong>Garantie d'app\u00e9tence <\/strong><\/p>\n<p>Wij zijn overtuigd van de kwaliteit van onze voeding. Daarom geven wij op alle Yourdog verpakkingen een smakelijkheidsgarantie. Lijkt jouw Braque du bourbonnais zijn Yourdog hondenvoer toch niet lekker te vinden&#44; neem dan contact met ons op. Wij helpen je bij het analyseren van de problemen. Komen we er samen niet uit dan krijg je van ons het aankoopbedrag terug.<\/p>\n<\/p>\n<p><strong>Conseils nutritionnels<\/strong><\/p>\n<table>\n<tr>\n<td>Poids corporel (kg)<\/td>\n<td>Quantit\u00e9 journali\u00e8re (g)<\/td>\n<\/tr>\n<tr>\n<td>10 &#8211; 20<\/td>\n<td>190 &#8211; 315<\/td>\n<\/tr>\n<tr>\n<td>20 &#8211; 40<\/td>\n<td>315 &#8211; 525<\/td>\n<\/tr>\n<tr>\n<td>40 &#8211; 60<\/td>\n<td>525 &#8211; 750<\/td>\n<\/tr>\n<\/table>\n<p><strong>Conseils pour le passage \u00e0 l'euro<\/strong><\/p>\n<p>Stap je over op Yourdog vanaf een ander voermerk dan adviseren wij de volgende stappen te volgen. Voor de eerste stap voer je 25% Yourdog en 75% van het oude hondenvoer. De hond kan hier gedurende twee dagen aan wennen. Vervolgens voer je 50% Yourdog en 50% van het oude hondenvoer. Het is belangrijk dat je de hond ook hier weer twee of drie dagen aan laat wennen. Daarna meng je 75% Yourdog en 25% van het oude hondenvoer. De hond is nu bijna helemaal over op Yourdog. Doe dit gedurende 2 dagen. Naar eigen inzicht kun je hierna 100% Yourdog Braque du bourbonnais hondenvoer gaan voeren.<\/p>\n<p><strong>Conseils de stockage<\/strong><\/p>\n<p>Apr\u00e8s ouverture de l'emballage Yourdog, les aliments sont expos\u00e9s \u00e0 l'oxyg\u00e8ne, \u00e0 l'humidit\u00e9 et \u00e0 la lumi\u00e8re, ce qui peut affecter leur dur\u00e9e de conservation et leur go\u00fbt. Il est donc important de conserver les aliments correctement apr\u00e8s l'ouverture du sac, de pr\u00e9f\u00e9rence dans une bo\u00eete de stockage herm\u00e9tique ou un tonneau dans un endroit sec, frais et sombre. Il est pr\u00e9f\u00e9rable de ne pas mettre les aliments en vrac dans le tonneau, mais de les mettre dans le tonneau avec le sac entier, que vous refermerez le mieux possible.<\/p>\n<p><strong>Composition<\/strong><\/p>\n<p>Ma&#239;s&#44; gedroogde kip (23%)&#44; gerst&#44; erwten&#44; gedroogde buffel (3.5%)&#44; gevogeltevet&#44; choline chloride&#44; glucosamine&#44; chondroitine&#44; groentemix (met o.a. tomaat)&#44; fruitmix (met o.a. banaan&#44; bosbes)&#44; kruidenmix (met o.a. fenegriek) <\/p>\n<\/p>\n<p><strong>Constituants analytiques<\/strong><\/p>\n<p>Ruw eiwit 25%&#44; ruw vet 9%&#44; ruwe celstof 3&#44;9%&#44; ruw as 6%&#44; Calcium 1&#44;4%&#44; Fosfor 1&#44;1%<\/p>\n<p><strong>Valeurs nutritionnelles<\/strong><\/p>\n<p>Vitamine A 20 000 UI (E672), vitamine D3 1.400 UI (E671), vitamine E sous forme d'ac\u00e9tate de rac-alpha-tocoph\u00e9ryle (3a700) 500 mg, E1 Fe sous forme de sulfate de fer (II), monohydrat\u00e9 : 50 mg, E2 I sous forme d'iodate de calcium, anhydre :1,5 mg, E4 Cu comme sulfate de cuivre (II), pentahydrat\u00e9 : 5,0 mg, E5 Mn comme oxyde de mangan\u00e8se (II) : 35 mg, E6 Zn comme oxyde de zinc : 65 mg, E8 Se comme s\u00e9l\u00e9nite de sodium : 0,2 mg.<\/p>","protected":false},"featured_media":8798,"comment_status":"closed","ping_status":"open","template":"","meta":[],"product_brand":[189],"product_cat":[190,86],"product_tag":[2121,3926,3925,3747,2095],"class_list":{"0":"post-6481","1":"product","2":"type-product","3":"status-publish","4":"has-post-thumbnail","6":"product_brand-yourdog","7":"product_cat-droogvoer-hond","8":"product_cat-honden","9":"product_tag-aan","10":"product_tag-bourbonnais","11":"product_tag-braque","12":"product_tag-yourdog","13":"product_tag-zijn","14":"product_shipping_class-pakket","16":"first","17":"instock","18":"purchasable","19":"product-type-simple"},"_links":{"self":[{"href":"https:\/\/zoonatie.be\/fr\/wp-json\/wp\/v2\/product\/6481","targetHints":{"allow":["GET"]}}],"collection":[{"href":"https:\/\/zoonatie.be\/fr\/wp-json\/wp\/v2\/product"}],"about":[{"href":"https:\/\/zoonatie.be\/fr\/wp-json\/wp\/v2\/types\/product"}],"replies":[{"embeddable":true,"href":"https:\/\/zoonatie.be\/fr\/wp-json\/wp\/v2\/comments?post=6481"}],"version-history":[{"count":0,"href":"https:\/\/zoonatie.be\/fr\/wp-json\/wp\/v2\/product\/6481\/revisions"}],"wp:featuredmedia":[{"embeddable":true,"href":"https:\/\/zoonatie.be\/fr\/wp-json\/wp\/v2\/media\/8798"}],"wp:attachment":[{"href":"https:\/\/zoonatie.be\/fr\/wp-json\/wp\/v2\/media?parent=6481"}],"wp:term":[{"taxonomy":"product_brand","embeddable":true,"href":"https:\/\/zoonatie.be\/fr\/wp-json\/wp\/v2\/product_brand?post=6481"},{"taxonomy":"product_cat","embeddable":true,"href":"https:\/\/zoonatie.be\/fr\/wp-json\/wp\/v2\/product_cat?post=6481"},{"taxonomy":"product_tag","embeddable":true,"href":"https:\/\/zoonatie.be\/fr\/wp-json\/wp\/v2\/product_tag?post=6481"}],"curies":[{"name":"wp","href":"https:\/\/api.w.org\/{rel}","templated":true}]}}