{"id":6561,"date":"2025-09-18T15:07:58","date_gmt":"2025-09-18T15:07:58","guid":{"rendered":"https:\/\/zoonatie.be\/product\/yourdog-engelse-cocker-spaniel-volwassen-3-kg\/"},"modified":"2025-09-22T16:49:29","modified_gmt":"2025-09-22T16:49:29","slug":"yourdog-engelse-cocker-spaniel-volwassen-3-kg","status":"publish","type":"product","link":"https:\/\/zoonatie.be\/fr\/produit\/yourdog-engelse-cocker-spaniel-volwassen-3-kg\/","title":{"rendered":"YOURDOG ENGELSE COCKER SPANI\u00cbL VOLWASSEN"},"content":{"rendered":"<p>Yourdog English cocker spaniel prend soin de la sant\u00e9 holistique et du bien-\u00eatre de votre chien. Toutes les vari\u00e9t\u00e9s Yourdog contiennent du buffle et du poulet savoureux. Nous les associons \u00e0 des l\u00e9gumes, des fruits et des herbes soigneusement s\u00e9lectionn\u00e9s pour cr\u00e9er l'aliment id\u00e9al pour votre cocker anglais.<\/p>\n<p><strong>Pourquoi Yourdog English cocker spaniel <\/strong><\/p>\n<ul>\n<li>Riche en buffles et en volailles<\/li>\n<li>Sp\u00e9cialement con\u00e7u pour le cocker anglais<\/li>\n<li>Contient de l'ortie, du c\u00e9leri et de la banane<\/li>\n<li>Favorise un pelage sain et brillant<\/li>\n<li>Maintenir une flore intestinale saine<\/li>\n<li>Sans parfums, colorants ou ar\u00f4mes artificiels<\/li>\n<li>Convient \u00e9galement au cocker anglais sensible<\/li>\n<\/ul>\n<p><strong>Nos ingr\u00e9dients<\/strong><\/p>\n<p>Pour fabriquer nos aliments, 10,6 kg de viande sont d\u00e9shydrat\u00e9s pour un sac de 12 kg afin de faciliter leur incorporation dans nos croquettes. Avec la bonne quantit\u00e9 de l\u00e9gumes, de fruits et d'herbes, Yourdog est un choix sain et nutritif pour les chiens.<\/p>\n<p><i>Buffalo<\/i><\/p>\n<p>Chez Yourdog, nous utilisons de la viande de buffle \u00e9lev\u00e9e en libert\u00e9 et nourrie \u00e0 l'herbe. Connue pour sa saveur cr\u00e9meuse et fra\u00eeche et sa couleur riche, la viande de buffle regorge de vitamines et de min\u00e9raux. Avec une teneur en cholest\u00e9rol et en graisse plus faible et moins de calories, cette viande tendre est pleine de bienfaits pour la sant\u00e9.<\/p>\n<\/p>\n<p><i>Volaille<\/i><\/p>\n<p>Chez Yourdog, nous utilisons du canard, du poulet et de la dinde qui, ensemble, donnent une saveur et un ar\u00f4me d\u00e9licieux aux croquettes. Les prot\u00e9ines hautement digestibles de la volaille assurent une bonne construction musculaire et sont riches en vitamines et en min\u00e9raux.<\/p>\n<\/p>\n<p><i>L\u00e9gumes<\/i><\/p>\n<p>Pour fournir aux chiens des nutriments pr\u00e9cieux suppl\u00e9mentaires, des l\u00e9gumes tr\u00e8s sains ont \u00e9t\u00e9 ajout\u00e9s \u00e0 notre alimentation. Ainsi, les l\u00e9gumes ne sont pas seulement nutritifs, ils ont aussi d'autres propri\u00e9t\u00e9s b\u00e9n\u00e9fiques pour la sant\u00e9. Les fibres brutes contenues dans les l\u00e9gumes sont b\u00e9n\u00e9fiques pour les intestins et peuvent notamment contribuer \u00e0 la digestion.<\/p>\n<\/p>\n<p><i>Fruits<\/i><\/p>\n<p>Nous ajoutons une combinaison unique de fruits \u00e0 Yourdog, ce qui donne au chien tous les antioxydants naturels essentiels. Les fruits peuvent donc \u00eatre b\u00e9n\u00e9fiques pour le syst\u00e8me immunitaire du chien, mais ils peuvent aussi contribuer \u00e0 lui donner une haleine fra\u00eeche ou \u00e0 maintenir une bonne digestion. Ces ingr\u00e9dients naturels favorisent la sant\u00e9 du chien.<\/p>\n<p><i>Herbes<\/i><\/p>\n<p>Les herbes saines qui enrichissent notre alimentation proviennent de plantes d'Europe. L'utilisation d'herbes, de racines, de fleurs, de plantes et d'algues, entre autres, remonte \u00e0 des milliers d'ann\u00e9es. Ces ingr\u00e9dients favorisent les processus naturels de l'organisme du chien, comme la digestion. Chaque ingr\u00e9dient que nous ajoutons \u00e0 nos aliments pour chiens est soigneusement s\u00e9lectionn\u00e9 pour ses propri\u00e9t\u00e9s positives. En fonction de la taille, de la race ou du groupe de races du chien, les ingr\u00e9dients font l'objet d'une attention particuli\u00e8re. L'utilisation d'herbes, de racines, de fleurs et de plantes permet d'att\u00e9nuer les probl\u00e8mes sp\u00e9cifiques \u00e0 la race.<\/p>\n<\/p>\n<p><strong>L\u00e9gumes, herbes et fruits sp\u00e9cifiques au cocker anglais<\/strong><\/p>\n<p>Nous avons soigneusement \u00e9tudi\u00e9 les caract\u00e9ristiques de la race du cocker anglais. Nous avons \u00e9galement \u00e9tudi\u00e9 les caract\u00e9ristiques de la section de race FCI et du groupe de race FCI auquel appartient le cocker anglais. Sur la base de ces recherches et en consultation avec des nutritionnistes n\u00e9erlandais de renom, nous avons s\u00e9lectionn\u00e9 des ingr\u00e9dients qui contribuent de mani\u00e8re optimale \u00e0 la sant\u00e9 et au bien-\u00eatre du cocker anglais.<\/p>\n<p>Ortie <\/p>\n<p>L'ortie est un genre de plante dont la grande ortie et la petite ortie se trouvent aux Pays-Bas et en Belgique. L'ortie est connue pour ses propri\u00e9t\u00e9s nettoyantes et purificatrices du sang. Selon diverses sources, l'ortie est bact\u00e9ricide et convient donc parfaitement aux maladies infectieuses. Les feuilles sont \u00e9galement indiqu\u00e9es en cas de diarrh\u00e9e ou d'autres troubles digestifs.<\/p>\n<p>L'ortie soutient le fonctionnement du foie et des reins en stimulant la d\u00e9composition des d\u00e9chets. En outre, elle favorise la croissance de la vessie et des poils du chien.<\/p>\n<p>L'ortie contient \u00e9galement de la silice, ou silicium. Il s'agit d'un mat\u00e9riau de construction qui fait partie du tissu conjonctif des os, des tendons, des ligaments, de la peau, des cheveux et des ongles, entre autres. Le silicium favorise la production naturelle de la peau (cellules) et contribue \u00e0 maintenir une peau saine.<\/p>\n<\/p>\n<p>Chez Yourdog, nous ajoutons de l'ortie \u00e0 nos aliments pour chiens parce qu'elle peut contribuer \u00e0 pr\u00e9venir les probl\u00e8mes sp\u00e9cifiques \u00e0 la race en ce qui concerne le pelage, la peau et les os du chien, ainsi qu'\u00e0 pr\u00e9venir les probl\u00e8mes digestifs et\/ou urinaires.<\/p>\n<p>C\u00e9leri <\/p>\n<p>Le c\u00e9leri est une plante de la famille des ombellif\u00e8res. La plante se trouve souvent le long de la c\u00f4te sur des sols humides.<\/p>\n<p>Riche en vitamines A, C et K, le c\u00e9leri contient \u00e9galement beaucoup d'acide folique et de potassium. En outre, le c\u00e9leri est d\u00e9pourvu de graisse, riche en fibres et tr\u00e8s peu calorique.<\/p>\n<\/p>\n<p>Nous ajoutons du c\u00e9leri \u00e0 nos aliments pour chiens parce qu'il peut contribuer \u00e0 soutenir le syst\u00e8me immunitaire et la digestion de l'animal. Il peut \u00e9galement avoir un impact positif sur la peau et le pelage, sur le fonctionnement des muscles et des nerfs gr\u00e2ce \u00e0 la vitamine A et sur la solidit\u00e9 des os gr\u00e2ce \u00e0 la vitamine K.<\/p>\n<\/p>\n<p>Banane <\/p>\n<p>Le bananier pousse dans les r\u00e9gions tropicales o\u00f9 les temp\u00e9ratures ne descendent pas en dessous de 10 degr\u00e9s Celsius. Il existe m\u00eame des preuves que la banane aurait \u00e9t\u00e9 cultiv\u00e9e en Nouvelle-Guin\u00e9e il y a environ 7 000 ans. Le nom est d\u00e9riv\u00e9 du mot Obanaana de la langue du peuple Wolof.<\/p>\n<p>Les bananes sont riches en vitamines et en min\u00e9raux. Elles contiennent notamment des vitamines A, C et B11 (acide folique), ainsi que des min\u00e9raux tels que le potassium, le magn\u00e9sium, le fer et le zinc. La vitamine C, antioxydant naturel, peut renforcer l'immunit\u00e9. La vitamine B11, ou acide folique, peut soutenir le syst\u00e8me immunitaire et contribuer au bon fonctionnement du syst\u00e8me nerveux. Elle peut \u00e9galement r\u00e9duire le risque de maladies cardiovasculaires. Le potassium peut \u00e9galement contribuer \u00e0 abaisser la tension art\u00e9rielle chez les chiens souffrant d'hypertension, le magn\u00e9sium peut aider \u00e0 d\u00e9tendre les muscles et favoriser la croissance osseuse. En outre, la banane contient beaucoup de bonnes fibres et favorise la pr\u00e9sence de bonnes bact\u00e9ries dans les intestins.<\/p>\n<p><strong>Chiot, adulte ou personne \u00e2g\u00e9e ?<\/strong><\/p>\n<p>Pour vous aider \u00e0 faire le bon choix parmi nos vari\u00e9t\u00e9s de nourriture pour chiens cocker anglais, vous pouvez suivre les conseils suivants. Si votre cocker anglais a moins de 11 mois, choisissez la variante Puppy. Pour un cocker anglais \u00e2g\u00e9 de plus de 7 ans, nous recommandons la variante Yourdog English cocker spaniel senior. Si votre chien a plus de 11 mois et moins de 7 ans, vous pouvez choisir la variante Adulte.<\/p>\n<\/p>\n<p><strong>Garantie d'app\u00e9tence <\/strong><\/p>\n<p>Nous sommes convaincus de la qualit\u00e9 de nos aliments. C'est pourquoi nous offrons une garantie d'app\u00e9tence sur tous les emballages Yourdog. Si votre cocker anglais ne semble toujours pas appr\u00e9cier ses croquettes Yourdog, contactez-nous. Nous vous aiderons \u00e0 analyser les probl\u00e8mes. Si nous ne parvenons pas \u00e0 trouver une solution ensemble, nous vous rembourserons le prix d'achat.<\/p>\n<\/p>\n<p><strong>Conseils nutritionnels<\/strong><\/p>\n<table>\n<tr>\n<td>Poids corporel (kg)<\/td>\n<td>Quantit\u00e9 journali\u00e8re (g)<\/td>\n<\/tr>\n<tr>\n<td>10 &#8211; 20<\/td>\n<td>190 &#8211; 315<\/td>\n<\/tr>\n<tr>\n<td>20 &#8211; 40<\/td>\n<td>315 &#8211; 525<\/td>\n<\/tr>\n<tr>\n<td>40 &#8211; 60<\/td>\n<td>525 &#8211; 750<\/td>\n<\/tr>\n<\/table>\n<p><strong>Conseils pour le passage \u00e0 l'euro<\/strong><\/p>\n<p>Si vous passez d'une autre marque d'aliments \u00e0 Yourdog, nous vous recommandons de suivre les \u00e9tapes suivantes. Pour la premi\u00e8re \u00e9tape, donnez 25% Yourdog et 75% de l'ancienne nourriture. Le chien peut s'y habituer pendant deux jours. Ensuite, donnez-lui 50% Yourdog et 50% de l'ancienne nourriture pour chiens. Il est important de laisser le chien s'y habituer pendant deux ou trois jours. M\u00e9langez ensuite 75% Yourdog et 25% de l'ancienne nourriture pour chiens. Le chien est maintenant presque enti\u00e8rement pass\u00e9 \u00e0 Yourdog. Continuez ainsi pendant 2 jours. Vous pouvez ensuite, \u00e0 votre convenance, commencer \u00e0 donner 100% de nourriture Yourdog pour cocker anglais.<\/p>\n<p><strong>Conseils de stockage<\/strong><\/p>\n<p>Apr\u00e8s ouverture de l'emballage Yourdog, les aliments sont expos\u00e9s \u00e0 l'oxyg\u00e8ne, \u00e0 l'humidit\u00e9 et \u00e0 la lumi\u00e8re, ce qui peut affecter leur dur\u00e9e de conservation et leur go\u00fbt. Il est donc important de conserver les aliments correctement apr\u00e8s l'ouverture du sac, de pr\u00e9f\u00e9rence dans une bo\u00eete de stockage herm\u00e9tique ou un tonneau dans un endroit sec, frais et sombre. Il est pr\u00e9f\u00e9rable de ne pas mettre les aliments en vrac dans le tonneau, mais de les mettre dans le tonneau avec le sac entier, que vous refermerez le mieux possible.<\/p>\n<p><strong>Composition<\/strong><\/p>\n<p>Ma\u00efs, poulet s\u00e9ch\u00e9 (23%), orge, pois, buffle s\u00e9ch\u00e9 (3,5%), graisse de volaille, chlorure de choline, glucosamine, chondro\u00eftine, m\u00e9lange de l\u00e9gumes (y compris c\u00e9leri), m\u00e9lange de fruits (y compris banane), m\u00e9lange d'herbes (y compris ortie). <\/p>\n<\/p>\n<p><strong>Constituants analytiques<\/strong><\/p>\n<p>Ruw eiwit 25%&#44; ruw vet 9%&#44; ruwe celstof 3&#44;9%&#44; ruw as 6%&#44; Calcium 1&#44;4%&#44; Fosfor 1&#44;1%<\/p>\n<p><strong>Valeurs nutritionnelles<\/strong><\/p>\n<p>Vitamine A 20 000 UI (E672), vitamine D3 1.400 UI (E671), vitamine E sous forme d'ac\u00e9tate de rac-alpha-tocoph\u00e9ryle (3a700) 500 mg, E1 Fe sous forme de sulfate de fer (II), monohydrat\u00e9 : 50 mg, E2 I sous forme d'iodate de calcium, anhydre :1,5 mg, E4 Cu comme sulfate de cuivre (II), pentahydrat\u00e9 : 5,0 mg, E5 Mn comme oxyde de mangan\u00e8se (II) : 35 mg, E6 Zn comme oxyde de zinc : 65 mg, E8 Se comme s\u00e9l\u00e9nite de sodium : 0,2 mg.<\/p>","protected":false},"excerpt":{"rendered":"<p>Yourdog English cocker spaniel prend soin de la sant\u00e9 holistique et du bien-\u00eatre de votre chien. Toutes les vari\u00e9t\u00e9s Yourdog contiennent du buffle et du poulet savoureux. Nous les associons \u00e0 des l\u00e9gumes, des fruits et des herbes soigneusement s\u00e9lectionn\u00e9s pour cr\u00e9er l'aliment id\u00e9al pour votre cocker anglais.<\/p>\n<p><strong>Pourquoi Yourdog English cocker spaniel <\/strong><\/p>\n<ul>\n<li>Riche en buffles et en volailles<\/li>\n<li>Sp\u00e9cialement con\u00e7u pour le cocker anglais<\/li>\n<li>Contient de l'ortie, du c\u00e9leri et de la banane<\/li>\n<li>Favorise un pelage sain et brillant<\/li>\n<li>Maintenir une flore intestinale saine<\/li>\n<li>Sans parfums, colorants ou ar\u00f4mes artificiels<\/li>\n<li>Convient \u00e9galement au cocker anglais sensible<\/li>\n<\/ul>\n<p><strong>Nos ingr\u00e9dients<\/strong><\/p>\n<p>Pour fabriquer nos aliments, 10,6 kg de viande sont d\u00e9shydrat\u00e9s pour un sac de 12 kg afin de faciliter leur incorporation dans nos croquettes. Avec la bonne quantit\u00e9 de l\u00e9gumes, de fruits et d'herbes, Yourdog est un choix sain et nutritif pour les chiens.<\/p>\n<p><i>Buffalo<\/i><\/p>\n<p>Chez Yourdog, nous utilisons de la viande de buffle \u00e9lev\u00e9e en libert\u00e9 et nourrie \u00e0 l'herbe. Connue pour sa saveur cr\u00e9meuse et fra\u00eeche et sa couleur riche, la viande de buffle regorge de vitamines et de min\u00e9raux. Avec une teneur en cholest\u00e9rol et en graisse plus faible et moins de calories, cette viande tendre est pleine de bienfaits pour la sant\u00e9.<\/p>\n<\/p>\n<p><i>Volaille<\/i><\/p>\n<p>Chez Yourdog, nous utilisons du canard, du poulet et de la dinde qui, ensemble, donnent une saveur et un ar\u00f4me d\u00e9licieux aux croquettes. Les prot\u00e9ines hautement digestibles de la volaille assurent une bonne construction musculaire et sont riches en vitamines et en min\u00e9raux.<\/p>\n<\/p>\n<p><i>L\u00e9gumes<\/i><\/p>\n<p>Pour fournir aux chiens des nutriments pr\u00e9cieux suppl\u00e9mentaires, des l\u00e9gumes tr\u00e8s sains ont \u00e9t\u00e9 ajout\u00e9s \u00e0 notre alimentation. Ainsi, les l\u00e9gumes ne sont pas seulement nutritifs, ils ont aussi d'autres propri\u00e9t\u00e9s b\u00e9n\u00e9fiques pour la sant\u00e9. Les fibres brutes contenues dans les l\u00e9gumes sont b\u00e9n\u00e9fiques pour les intestins et peuvent notamment contribuer \u00e0 la digestion.<\/p>\n<\/p>\n<p><i>Fruits<\/i><\/p>\n<p>Nous ajoutons une combinaison unique de fruits \u00e0 Yourdog, ce qui donne au chien tous les antioxydants naturels essentiels. Les fruits peuvent donc \u00eatre b\u00e9n\u00e9fiques pour le syst\u00e8me immunitaire du chien, mais ils peuvent aussi contribuer \u00e0 lui donner une haleine fra\u00eeche ou \u00e0 maintenir une bonne digestion. Ces ingr\u00e9dients naturels favorisent la sant\u00e9 du chien.<\/p>\n<p><i>Herbes<\/i><\/p>\n<p>Les herbes saines qui enrichissent notre alimentation proviennent de plantes d'Europe. L'utilisation d'herbes, de racines, de fleurs, de plantes et d'algues, entre autres, remonte \u00e0 des milliers d'ann\u00e9es. Ces ingr\u00e9dients favorisent les processus naturels de l'organisme du chien, comme la digestion. Chaque ingr\u00e9dient que nous ajoutons \u00e0 nos aliments pour chiens est soigneusement s\u00e9lectionn\u00e9 pour ses propri\u00e9t\u00e9s positives. En fonction de la taille, de la race ou du groupe de races du chien, les ingr\u00e9dients font l'objet d'une attention particuli\u00e8re. L'utilisation d'herbes, de racines, de fleurs et de plantes permet d'att\u00e9nuer les probl\u00e8mes sp\u00e9cifiques \u00e0 la race.<\/p>\n<\/p>\n<p><strong>L\u00e9gumes, herbes et fruits sp\u00e9cifiques au cocker anglais<\/strong><\/p>\n<p>Nous avons soigneusement \u00e9tudi\u00e9 les caract\u00e9ristiques de la race du cocker anglais. Nous avons \u00e9galement \u00e9tudi\u00e9 les caract\u00e9ristiques de la section de race FCI et du groupe de race FCI auquel appartient le cocker anglais. Sur la base de ces recherches et en consultation avec des nutritionnistes n\u00e9erlandais de renom, nous avons s\u00e9lectionn\u00e9 des ingr\u00e9dients qui contribuent de mani\u00e8re optimale \u00e0 la sant\u00e9 et au bien-\u00eatre du cocker anglais.<\/p>\n<p>Ortie <\/p>\n<p>L'ortie est un genre de plante dont la grande ortie et la petite ortie se trouvent aux Pays-Bas et en Belgique. L'ortie est connue pour ses propri\u00e9t\u00e9s nettoyantes et purificatrices du sang. Selon diverses sources, l'ortie est bact\u00e9ricide et convient donc parfaitement aux maladies infectieuses. Les feuilles sont \u00e9galement indiqu\u00e9es en cas de diarrh\u00e9e ou d'autres troubles digestifs.<\/p>\n<p>L'ortie soutient le fonctionnement du foie et des reins en stimulant la d\u00e9composition des d\u00e9chets. En outre, elle favorise la croissance de la vessie et des poils du chien.<\/p>\n<p>L'ortie contient \u00e9galement de la silice, ou silicium. Il s'agit d'un mat\u00e9riau de construction qui fait partie du tissu conjonctif des os, des tendons, des ligaments, de la peau, des cheveux et des ongles, entre autres. Le silicium favorise la production naturelle de la peau (cellules) et contribue \u00e0 maintenir une peau saine.<\/p>\n<\/p>\n<p>Chez Yourdog, nous ajoutons de l'ortie \u00e0 nos aliments pour chiens parce qu'elle peut contribuer \u00e0 pr\u00e9venir les probl\u00e8mes sp\u00e9cifiques \u00e0 la race en ce qui concerne le pelage, la peau et les os du chien, ainsi qu'\u00e0 pr\u00e9venir les probl\u00e8mes digestifs et\/ou urinaires.<\/p>\n<p>C\u00e9leri <\/p>\n<p>Le c\u00e9leri est une plante de la famille des ombellif\u00e8res. La plante se trouve souvent le long de la c\u00f4te sur des sols humides.<\/p>\n<p>Riche en vitamines A, C et K, le c\u00e9leri contient \u00e9galement beaucoup d'acide folique et de potassium. En outre, le c\u00e9leri est d\u00e9pourvu de graisse, riche en fibres et tr\u00e8s peu calorique.<\/p>\n<\/p>\n<p>Nous ajoutons du c\u00e9leri \u00e0 nos aliments pour chiens parce qu'il peut contribuer \u00e0 soutenir le syst\u00e8me immunitaire et la digestion de l'animal. Il peut \u00e9galement avoir un impact positif sur la peau et le pelage, sur le fonctionnement des muscles et des nerfs gr\u00e2ce \u00e0 la vitamine A et sur la solidit\u00e9 des os gr\u00e2ce \u00e0 la vitamine K.<\/p>\n<\/p>\n<p>Banane <\/p>\n<p>Le bananier pousse dans les r\u00e9gions tropicales o\u00f9 les temp\u00e9ratures ne descendent pas en dessous de 10 degr\u00e9s Celsius. Il existe m\u00eame des preuves que la banane aurait \u00e9t\u00e9 cultiv\u00e9e en Nouvelle-Guin\u00e9e il y a environ 7 000 ans. Le nom est d\u00e9riv\u00e9 du mot Obanaana de la langue du peuple Wolof.<\/p>\n<p>Les bananes sont riches en vitamines et en min\u00e9raux. Elles contiennent notamment des vitamines A, C et B11 (acide folique), ainsi que des min\u00e9raux tels que le potassium, le magn\u00e9sium, le fer et le zinc. La vitamine C, antioxydant naturel, peut renforcer l'immunit\u00e9. La vitamine B11, ou acide folique, peut soutenir le syst\u00e8me immunitaire et contribuer au bon fonctionnement du syst\u00e8me nerveux. Elle peut \u00e9galement r\u00e9duire le risque de maladies cardiovasculaires. Le potassium peut \u00e9galement contribuer \u00e0 abaisser la tension art\u00e9rielle chez les chiens souffrant d'hypertension, le magn\u00e9sium peut aider \u00e0 d\u00e9tendre les muscles et favoriser la croissance osseuse. En outre, la banane contient beaucoup de bonnes fibres et favorise la pr\u00e9sence de bonnes bact\u00e9ries dans les intestins.<\/p>\n<p><strong>Chiot, adulte ou personne \u00e2g\u00e9e ?<\/strong><\/p>\n<p>Pour vous aider \u00e0 faire le bon choix parmi nos vari\u00e9t\u00e9s de nourriture pour chiens cocker anglais, vous pouvez suivre les conseils suivants. Si votre cocker anglais a moins de 11 mois, choisissez la variante Puppy. Pour un cocker anglais \u00e2g\u00e9 de plus de 7 ans, nous recommandons la variante Yourdog English cocker spaniel senior. Si votre chien a plus de 11 mois et moins de 7 ans, vous pouvez choisir la variante Adulte.<\/p>\n<\/p>\n<p><strong>Garantie d'app\u00e9tence <\/strong><\/p>\n<p>Nous sommes convaincus de la qualit\u00e9 de nos aliments. C'est pourquoi nous offrons une garantie d'app\u00e9tence sur tous les emballages Yourdog. Si votre cocker anglais ne semble toujours pas appr\u00e9cier ses croquettes Yourdog, contactez-nous. Nous vous aiderons \u00e0 analyser les probl\u00e8mes. Si nous ne parvenons pas \u00e0 trouver une solution ensemble, nous vous rembourserons le prix d'achat.<\/p>\n<\/p>\n<p><strong>Conseils nutritionnels<\/strong><\/p>\n<table>\n<tr>\n<td>Poids corporel (kg)<\/td>\n<td>Quantit\u00e9 journali\u00e8re (g)<\/td>\n<\/tr>\n<tr>\n<td>10 &#8211; 20<\/td>\n<td>190 &#8211; 315<\/td>\n<\/tr>\n<tr>\n<td>20 &#8211; 40<\/td>\n<td>315 &#8211; 525<\/td>\n<\/tr>\n<tr>\n<td>40 &#8211; 60<\/td>\n<td>525 &#8211; 750<\/td>\n<\/tr>\n<\/table>\n<p><strong>Conseils pour le passage \u00e0 l'euro<\/strong><\/p>\n<p>Si vous passez d'une autre marque d'aliments \u00e0 Yourdog, nous vous recommandons de suivre les \u00e9tapes suivantes. Pour la premi\u00e8re \u00e9tape, donnez 25% Yourdog et 75% de l'ancienne nourriture. Le chien peut s'y habituer pendant deux jours. Ensuite, donnez-lui 50% Yourdog et 50% de l'ancienne nourriture pour chiens. Il est important de laisser le chien s'y habituer pendant deux ou trois jours. M\u00e9langez ensuite 75% Yourdog et 25% de l'ancienne nourriture pour chiens. Le chien est maintenant presque enti\u00e8rement pass\u00e9 \u00e0 Yourdog. Continuez ainsi pendant 2 jours. Vous pouvez ensuite, \u00e0 votre convenance, commencer \u00e0 donner 100% de nourriture Yourdog pour cocker anglais.<\/p>\n<p><strong>Conseils de stockage<\/strong><\/p>\n<p>Apr\u00e8s ouverture de l'emballage Yourdog, les aliments sont expos\u00e9s \u00e0 l'oxyg\u00e8ne, \u00e0 l'humidit\u00e9 et \u00e0 la lumi\u00e8re, ce qui peut affecter leur dur\u00e9e de conservation et leur go\u00fbt. Il est donc important de conserver les aliments correctement apr\u00e8s l'ouverture du sac, de pr\u00e9f\u00e9rence dans une bo\u00eete de stockage herm\u00e9tique ou un tonneau dans un endroit sec, frais et sombre. Il est pr\u00e9f\u00e9rable de ne pas mettre les aliments en vrac dans le tonneau, mais de les mettre dans le tonneau avec le sac entier, que vous refermerez le mieux possible.<\/p>\n<p><strong>Composition<\/strong><\/p>\n<p>Ma\u00efs, poulet s\u00e9ch\u00e9 (23%), orge, pois, buffle s\u00e9ch\u00e9 (3,5%), graisse de volaille, chlorure de choline, glucosamine, chondro\u00eftine, m\u00e9lange de l\u00e9gumes (y compris c\u00e9leri), m\u00e9lange de fruits (y compris banane), m\u00e9lange d'herbes (y compris ortie). <\/p>\n<\/p>\n<p><strong>Constituants analytiques<\/strong><\/p>\n<p>Ruw eiwit 25%&#44; ruw vet 9%&#44; ruwe celstof 3&#44;9%&#44; ruw as 6%&#44; Calcium 1&#44;4%&#44; Fosfor 1&#44;1%<\/p>\n<p><strong>Valeurs nutritionnelles<\/strong><\/p>\n<p>Vitamine A 20 000 UI (E672), vitamine D3 1.400 UI (E671), vitamine E sous forme d'ac\u00e9tate de rac-alpha-tocoph\u00e9ryle (3a700) 500 mg, E1 Fe sous forme de sulfate de fer (II), monohydrat\u00e9 : 50 mg, E2 I sous forme d'iodate de calcium, anhydre :1,5 mg, E4 Cu comme sulfate de cuivre (II), pentahydrat\u00e9 : 5,0 mg, E5 Mn comme oxyde de mangan\u00e8se (II) : 35 mg, E6 Zn comme oxyde de zinc : 65 mg, E8 Se comme s\u00e9l\u00e9nite de sodium : 0,2 mg.<\/p>","protected":false},"featured_media":8892,"comment_status":"closed","ping_status":"open","template":"","meta":[],"product_brand":[189],"product_cat":[190,86],"product_tag":[2121,3828,3816,3784,3747],"class_list":{"0":"post-6561","1":"product","2":"type-product","3":"status-publish","4":"has-post-thumbnail","6":"product_brand-yourdog","7":"product_cat-droogvoer-hond","8":"product_cat-honden","9":"product_tag-aan","10":"product_tag-cocker","11":"product_tag-engelse","12":"product_tag-spani","13":"product_tag-yourdog","14":"product_shipping_class-pakket","16":"first","17":"instock","18":"purchasable","19":"product-type-simple"},"_links":{"self":[{"href":"https:\/\/zoonatie.be\/fr\/wp-json\/wp\/v2\/product\/6561","targetHints":{"allow":["GET"]}}],"collection":[{"href":"https:\/\/zoonatie.be\/fr\/wp-json\/wp\/v2\/product"}],"about":[{"href":"https:\/\/zoonatie.be\/fr\/wp-json\/wp\/v2\/types\/product"}],"replies":[{"embeddable":true,"href":"https:\/\/zoonatie.be\/fr\/wp-json\/wp\/v2\/comments?post=6561"}],"version-history":[{"count":0,"href":"https:\/\/zoonatie.be\/fr\/wp-json\/wp\/v2\/product\/6561\/revisions"}],"wp:featuredmedia":[{"embeddable":true,"href":"https:\/\/zoonatie.be\/fr\/wp-json\/wp\/v2\/media\/8892"}],"wp:attachment":[{"href":"https:\/\/zoonatie.be\/fr\/wp-json\/wp\/v2\/media?parent=6561"}],"wp:term":[{"taxonomy":"product_brand","embeddable":true,"href":"https:\/\/zoonatie.be\/fr\/wp-json\/wp\/v2\/product_brand?post=6561"},{"taxonomy":"product_cat","embeddable":true,"href":"https:\/\/zoonatie.be\/fr\/wp-json\/wp\/v2\/product_cat?post=6561"},{"taxonomy":"product_tag","embeddable":true,"href":"https:\/\/zoonatie.be\/fr\/wp-json\/wp\/v2\/product_tag?post=6561"}],"curies":[{"name":"wp","href":"https:\/\/api.w.org\/{rel}","templated":true}]}}