{"id":6639,"date":"2025-09-18T15:07:58","date_gmt":"2025-09-18T15:07:58","guid":{"rendered":"https:\/\/zoonatie.be\/product\/yourdog-eurasier-volwassen-3-kg\/"},"modified":"2025-09-22T16:49:38","modified_gmt":"2025-09-22T16:49:38","slug":"yourdog-eurasier-volwassen-3-kg","status":"publish","type":"product","link":"https:\/\/zoonatie.be\/fr\/produit\/yourdog-eurasier-volwassen-3-kg\/","title":{"rendered":"YOURDOG EURASI\u00cbR VOLWASSEN"},"content":{"rendered":"<p>Yourdog Eurasi&#235;r zorgt voor de holistische gezondheid en het welzijn van jouw hond. Alle Yourdog varianten bevatten smaakvolle buffel en kip. Wij combineren dit met zorgvuldig geselecteerde groenten&#44; fruit en kruiden om zo te komen tot de perfecte voeding voor jouw Eurasi&#235;r.<\/p>\n<p><strong>Waarom Yourdog Eurasi&#235;r <\/strong><\/p>\n<ul>\n<li>Riche en buffles et en volailles<\/li>\n<li>Speciaal gemaakt voor de Eurasi&#235;r<\/li>\n<li>Bevat Brandnetel&#44; Spirulina en Appel<\/li>\n<li>Favorise un pelage sain et brillant<\/li>\n<li>Maintenir une flore intestinale saine<\/li>\n<li>Sans parfums, colorants ou ar\u00f4mes artificiels<\/li>\n<li>Ook geschikt voor de gevoelige Eurasi&#235;r<\/li>\n<\/ul>\n<p><strong>Nos ingr\u00e9dients<\/strong><\/p>\n<p>Pour fabriquer nos aliments, 10,6 kg de viande sont d\u00e9shydrat\u00e9s pour un sac de 12 kg afin de faciliter leur incorporation dans nos croquettes. Avec la bonne quantit\u00e9 de l\u00e9gumes, de fruits et d'herbes, Yourdog est un choix sain et nutritif pour les chiens.<\/p>\n<p><i>Buffalo<\/i><\/p>\n<p>Chez Yourdog, nous utilisons de la viande de buffle \u00e9lev\u00e9e en libert\u00e9 et nourrie \u00e0 l'herbe. Connue pour sa saveur cr\u00e9meuse et fra\u00eeche et sa couleur riche, la viande de buffle regorge de vitamines et de min\u00e9raux. Avec une teneur en cholest\u00e9rol et en graisse plus faible et moins de calories, cette viande tendre est pleine de bienfaits pour la sant\u00e9.<\/p>\n<\/p>\n<p><i>Volaille<\/i><\/p>\n<p>Chez Yourdog, nous utilisons du canard, du poulet et de la dinde qui, ensemble, donnent une saveur et un ar\u00f4me d\u00e9licieux aux croquettes. Les prot\u00e9ines hautement digestibles de la volaille assurent une bonne construction musculaire et sont riches en vitamines et en min\u00e9raux.<\/p>\n<\/p>\n<p><i>L\u00e9gumes<\/i><\/p>\n<p>Pour fournir aux chiens des nutriments pr\u00e9cieux suppl\u00e9mentaires, des l\u00e9gumes tr\u00e8s sains ont \u00e9t\u00e9 ajout\u00e9s \u00e0 notre alimentation. Ainsi, les l\u00e9gumes ne sont pas seulement nutritifs, ils ont aussi d'autres propri\u00e9t\u00e9s b\u00e9n\u00e9fiques pour la sant\u00e9. Les fibres brutes contenues dans les l\u00e9gumes sont b\u00e9n\u00e9fiques pour les intestins et peuvent notamment contribuer \u00e0 la digestion.<\/p>\n<\/p>\n<p><i>Fruits<\/i><\/p>\n<p>Nous ajoutons une combinaison unique de fruits \u00e0 Yourdog, ce qui donne au chien tous les antioxydants naturels essentiels. Les fruits peuvent donc \u00eatre b\u00e9n\u00e9fiques pour le syst\u00e8me immunitaire du chien, mais ils peuvent aussi contribuer \u00e0 lui donner une haleine fra\u00eeche ou \u00e0 maintenir une bonne digestion. Ces ingr\u00e9dients naturels favorisent la sant\u00e9 du chien.<\/p>\n<p><i>Herbes<\/i><\/p>\n<p>Les herbes saines qui enrichissent notre alimentation proviennent de plantes d'Europe. L'utilisation d'herbes, de racines, de fleurs, de plantes et d'algues, entre autres, remonte \u00e0 des milliers d'ann\u00e9es. Ces ingr\u00e9dients favorisent les processus naturels de l'organisme du chien, comme la digestion. Chaque ingr\u00e9dient que nous ajoutons \u00e0 nos aliments pour chiens est soigneusement s\u00e9lectionn\u00e9 pour ses propri\u00e9t\u00e9s positives. En fonction de la taille, de la race ou du groupe de races du chien, les ingr\u00e9dients font l'objet d'une attention particuli\u00e8re. L'utilisation d'herbes, de racines, de fleurs et de plantes permet d'att\u00e9nuer les probl\u00e8mes sp\u00e9cifiques \u00e0 la race.<\/p>\n<\/p>\n<p><strong>Eurasi&#235;r specifieke groente&#44; kruiden en fruit<\/strong><\/p>\n<p>Wij hebben zorgvuldig de raseigenschappen van de Eurasi&#235;r onderzocht. Ook hebben we onderzoek gedaan naar de eigenschappen van de FCI-ras sectie en de FCI-rasgroep waar de Eurasi&#235;r toe behoort. Uit deze onderzoeken zijn&#44; in overleg met vooraanstaande Nederlandse voedingsdeskundige&#44; ingredi&#235;nten geselecteerd die de gezondheid en het welzijn van de Eurasi&#235;r optimaal ten goede komen.<\/p>\n<p>Ortie <\/p>\n<p>L'ortie est un genre de plante dont la grande ortie et la petite ortie se trouvent aux Pays-Bas et en Belgique. L'ortie est connue pour ses propri\u00e9t\u00e9s nettoyantes et purificatrices du sang. Selon diverses sources, l'ortie est bact\u00e9ricide et convient donc parfaitement aux maladies infectieuses. Les feuilles sont \u00e9galement indiqu\u00e9es en cas de diarrh\u00e9e ou d'autres troubles digestifs.<\/p>\n<p>L'ortie soutient le fonctionnement du foie et des reins en stimulant la d\u00e9composition des d\u00e9chets. En outre, elle favorise la croissance de la vessie et des poils du chien.<\/p>\n<p>L'ortie contient \u00e9galement de la silice, ou silicium. Il s'agit d'un mat\u00e9riau de construction qui fait partie du tissu conjonctif des os, des tendons, des ligaments, de la peau, des cheveux et des ongles, entre autres. Le silicium favorise la production naturelle de la peau (cellules) et contribue \u00e0 maintenir une peau saine.<\/p>\n<\/p>\n<p>Chez Yourdog, nous ajoutons de l'ortie \u00e0 nos aliments pour chiens parce qu'elle peut contribuer \u00e0 pr\u00e9venir les probl\u00e8mes sp\u00e9cifiques \u00e0 la race en ce qui concerne le pelage, la peau et les os du chien, ainsi qu'\u00e0 pr\u00e9venir les probl\u00e8mes digestifs et\/ou urinaires.<\/p>\n<p>Spirulina <\/p>\n<p>Spirulina is een voedingssupplement met een uitzonderlijk hoge voedingswaarde&#44; vervaardigd uit blauwgroene alg die te vinden is in tropische en subtropische gebieden. Het behoort tot de familie van de microalgen. Wist je dat spirulina kan worden gekweekt in de ruimte en voor 60 tot 70% uit eiwitten bestaat?<\/p>\n<p>Het is rijk aan vitamines&#44; waaronder B12&#44; mineralen&#44; zoals calcium&#44; ijzer&#44; zink&#44; magnesium en kalium en alle essenti&#235;le aminozuren. Spirulina kan in algehele zin bijdragen aan de gezondheid en het welzijn van de hond. Hiernaast kan het bijdragen aan de ondersteuning van het immuunsysteem en het bevorderen van een gezonde huid en glanzende vacht. Het alg heeft tevens een ontgiftende werking en bevordert de spijsvertering.<\/p>\n<p>Appel <\/p>\n<p>De appelboom is een boom uit het geslacht Malus&#44; waaraan de vooral op het noordelijk halfrond algemeen bekende handappels groeien. De appel groeit in de gematigde streken.<\/p>\n<p>Voedingsvezels hebben een veelzijdige werking in het spijsverteringskanaal. Ze zijn in staat vocht te absorberen&#44; waardoor de ontlasting zacht en soepel wordt. Tevens zorgen voedingsvezels voor een toename van het volume in de darmen. Dit stimuleert niet alleen de werking van de ingewanden&#44; maar zorgt ook voor een grondige afvoer van afvalstoffen.<\/p>\n<p>Appels zitten bomvol vitaminen&#44; mineralen&#44; antioxidanten en vezels. Hiernaast zijn appels rijk aan pectine. Pectine is een oplosbare vezel die bijdraagt aan het ondersteunen van een gezonde darmflora. Ook draagt het bij aan de smakelijkheid van de brokken en zijn appels laag in calorie&#235;n.<\/p>\n<\/p>\n<p>Rijk aan vitamine A en C. Vitamine A is goed voor de huid en vacht en versterkt het immuunsysteem. Vitamine C zorgt voor de ontwikkeling van spier en bot tijdens de jonge jaren.<\/p>\n<p><strong>Chiot, adulte ou personne \u00e2g\u00e9e ?<\/strong><\/p>\n<p>Om je te helpen bij het maken van de juiste keuze tussen onze varianten Eurasi&#235;r hondenvoer kun je gebruik maken van de volgende richtlijnen. Is jouw Eurasi&#235;r jonger dan 11 maanden&#44; kies dan voor de Puppy variant. Voor een Eurasi&#235;r ouder dan 7 jaar adviseren we de Yourdog Eurasi&#235;r senior. Is jouw hond ouder dan 11 maanden en jonger dan 7 jaar&#44; dan kun je de Adult variant kiezen.<\/p>\n<\/p>\n<p><strong>Garantie d'app\u00e9tence <\/strong><\/p>\n<p>Wij zijn overtuigd van de kwaliteit van onze voeding. Daarom geven wij op alle Yourdog verpakkingen een smakelijkheidsgarantie. Lijkt jouw Eurasi&#235;r zijn Yourdog hondenvoer toch niet lekker te vinden&#44; neem dan contact met ons op. Wij helpen je bij het analyseren van de problemen. Komen we er samen niet uit dan krijg je van ons het aankoopbedrag terug.<\/p>\n<\/p>\n<p><strong>Conseils nutritionnels<\/strong><\/p>\n<table>\n<tr>\n<td>Poids corporel (kg)<\/td>\n<td>Quantit\u00e9 journali\u00e8re (g)<\/td>\n<\/tr>\n<tr>\n<td>10 &#8211; 20<\/td>\n<td>190 &#8211; 315<\/td>\n<\/tr>\n<tr>\n<td>20 &#8211; 40<\/td>\n<td>315 &#8211; 525<\/td>\n<\/tr>\n<tr>\n<td>40 &#8211; 60<\/td>\n<td>525 &#8211; 750<\/td>\n<\/tr>\n<\/table>\n<p><strong>Conseils pour le passage \u00e0 l'euro<\/strong><\/p>\n<p>Stap je over op Yourdog vanaf een ander voermerk dan adviseren wij de volgende stappen te volgen. Voor de eerste stap voer je 25% Yourdog en 75% van het oude hondenvoer. De hond kan hier gedurende twee dagen aan wennen. Vervolgens voer je 50% Yourdog en 50% van het oude hondenvoer. Het is belangrijk dat je de hond ook hier weer twee of drie dagen aan laat wennen. Daarna meng je 75% Yourdog en 25% van het oude hondenvoer. De hond is nu bijna helemaal over op Yourdog. Doe dit gedurende 2 dagen. Naar eigen inzicht kun je hierna 100% Yourdog Eurasi&#235;r hondenvoer gaan voeren.<\/p>\n<p><strong>Conseils de stockage<\/strong><\/p>\n<p>Apr\u00e8s ouverture de l'emballage Yourdog, les aliments sont expos\u00e9s \u00e0 l'oxyg\u00e8ne, \u00e0 l'humidit\u00e9 et \u00e0 la lumi\u00e8re, ce qui peut affecter leur dur\u00e9e de conservation et leur go\u00fbt. Il est donc important de conserver les aliments correctement apr\u00e8s l'ouverture du sac, de pr\u00e9f\u00e9rence dans une bo\u00eete de stockage herm\u00e9tique ou un tonneau dans un endroit sec, frais et sombre. Il est pr\u00e9f\u00e9rable de ne pas mettre les aliments en vrac dans le tonneau, mais de les mettre dans le tonneau avec le sac entier, que vous refermerez le mieux possible.<\/p>\n<p><strong>Composition<\/strong><\/p>\n<p>Ma&#239;s&#44; gedroogde kip (23%)&#44; gerst&#44; erwten&#44; gedroogde buffel (3.5%)&#44; gevogeltevet&#44; choline chloride&#44; glucosamine&#44; chondroitine&#44; groentemix (met o.a. wortel)&#44; fruitmix (met o.a. appel)&#44; kruidenmix (met o.a. brandnetel&#44; spirulina) <\/p>\n<\/p>\n<p><strong>Constituants analytiques<\/strong><\/p>\n<p>Ruw eiwit 25%&#44; ruw vet 9%&#44; ruwe celstof 3&#44;9%&#44; ruw as 6%&#44; Calcium 1&#44;4%&#44; Fosfor 1&#44;1%<\/p>\n<p><strong>Valeurs nutritionnelles<\/strong><\/p>\n<p>Vitamine A 20 000 UI (E672), vitamine D3 1.400 UI (E671), vitamine E sous forme d'ac\u00e9tate de rac-alpha-tocoph\u00e9ryle (3a700) 500 mg, E1 Fe sous forme de sulfate de fer (II), monohydrat\u00e9 : 50 mg, E2 I sous forme d'iodate de calcium, anhydre :1,5 mg, E4 Cu comme sulfate de cuivre (II), pentahydrat\u00e9 : 5,0 mg, E5 Mn comme oxyde de mangan\u00e8se (II) : 35 mg, E6 Zn comme oxyde de zinc : 65 mg, E8 Se comme s\u00e9l\u00e9nite de sodium : 0,2 mg.<\/p>","protected":false},"excerpt":{"rendered":"<p>Yourdog Eurasi&#235;r zorgt voor de holistische gezondheid en het welzijn van jouw hond. Alle Yourdog varianten bevatten smaakvolle buffel en kip. Wij combineren dit met zorgvuldig geselecteerde groenten&#44; fruit en kruiden om zo te komen tot de perfecte voeding voor jouw Eurasi&#235;r.<\/p>\n<p><strong>Waarom Yourdog Eurasi&#235;r <\/strong><\/p>\n<ul>\n<li>Riche en buffles et en volailles<\/li>\n<li>Speciaal gemaakt voor de Eurasi&#235;r<\/li>\n<li>Bevat Brandnetel&#44; Spirulina en Appel<\/li>\n<li>Favorise un pelage sain et brillant<\/li>\n<li>Maintenir une flore intestinale saine<\/li>\n<li>Sans parfums, colorants ou ar\u00f4mes artificiels<\/li>\n<li>Ook geschikt voor de gevoelige Eurasi&#235;r<\/li>\n<\/ul>\n<p><strong>Nos ingr\u00e9dients<\/strong><\/p>\n<p>Pour fabriquer nos aliments, 10,6 kg de viande sont d\u00e9shydrat\u00e9s pour un sac de 12 kg afin de faciliter leur incorporation dans nos croquettes. Avec la bonne quantit\u00e9 de l\u00e9gumes, de fruits et d'herbes, Yourdog est un choix sain et nutritif pour les chiens.<\/p>\n<p><i>Buffalo<\/i><\/p>\n<p>Chez Yourdog, nous utilisons de la viande de buffle \u00e9lev\u00e9e en libert\u00e9 et nourrie \u00e0 l'herbe. Connue pour sa saveur cr\u00e9meuse et fra\u00eeche et sa couleur riche, la viande de buffle regorge de vitamines et de min\u00e9raux. Avec une teneur en cholest\u00e9rol et en graisse plus faible et moins de calories, cette viande tendre est pleine de bienfaits pour la sant\u00e9.<\/p>\n<\/p>\n<p><i>Volaille<\/i><\/p>\n<p>Chez Yourdog, nous utilisons du canard, du poulet et de la dinde qui, ensemble, donnent une saveur et un ar\u00f4me d\u00e9licieux aux croquettes. Les prot\u00e9ines hautement digestibles de la volaille assurent une bonne construction musculaire et sont riches en vitamines et en min\u00e9raux.<\/p>\n<\/p>\n<p><i>L\u00e9gumes<\/i><\/p>\n<p>Pour fournir aux chiens des nutriments pr\u00e9cieux suppl\u00e9mentaires, des l\u00e9gumes tr\u00e8s sains ont \u00e9t\u00e9 ajout\u00e9s \u00e0 notre alimentation. Ainsi, les l\u00e9gumes ne sont pas seulement nutritifs, ils ont aussi d'autres propri\u00e9t\u00e9s b\u00e9n\u00e9fiques pour la sant\u00e9. Les fibres brutes contenues dans les l\u00e9gumes sont b\u00e9n\u00e9fiques pour les intestins et peuvent notamment contribuer \u00e0 la digestion.<\/p>\n<\/p>\n<p><i>Fruits<\/i><\/p>\n<p>Nous ajoutons une combinaison unique de fruits \u00e0 Yourdog, ce qui donne au chien tous les antioxydants naturels essentiels. Les fruits peuvent donc \u00eatre b\u00e9n\u00e9fiques pour le syst\u00e8me immunitaire du chien, mais ils peuvent aussi contribuer \u00e0 lui donner une haleine fra\u00eeche ou \u00e0 maintenir une bonne digestion. Ces ingr\u00e9dients naturels favorisent la sant\u00e9 du chien.<\/p>\n<p><i>Herbes<\/i><\/p>\n<p>Les herbes saines qui enrichissent notre alimentation proviennent de plantes d'Europe. L'utilisation d'herbes, de racines, de fleurs, de plantes et d'algues, entre autres, remonte \u00e0 des milliers d'ann\u00e9es. Ces ingr\u00e9dients favorisent les processus naturels de l'organisme du chien, comme la digestion. Chaque ingr\u00e9dient que nous ajoutons \u00e0 nos aliments pour chiens est soigneusement s\u00e9lectionn\u00e9 pour ses propri\u00e9t\u00e9s positives. En fonction de la taille, de la race ou du groupe de races du chien, les ingr\u00e9dients font l'objet d'une attention particuli\u00e8re. L'utilisation d'herbes, de racines, de fleurs et de plantes permet d'att\u00e9nuer les probl\u00e8mes sp\u00e9cifiques \u00e0 la race.<\/p>\n<\/p>\n<p><strong>Eurasi&#235;r specifieke groente&#44; kruiden en fruit<\/strong><\/p>\n<p>Wij hebben zorgvuldig de raseigenschappen van de Eurasi&#235;r onderzocht. Ook hebben we onderzoek gedaan naar de eigenschappen van de FCI-ras sectie en de FCI-rasgroep waar de Eurasi&#235;r toe behoort. Uit deze onderzoeken zijn&#44; in overleg met vooraanstaande Nederlandse voedingsdeskundige&#44; ingredi&#235;nten geselecteerd die de gezondheid en het welzijn van de Eurasi&#235;r optimaal ten goede komen.<\/p>\n<p>Ortie <\/p>\n<p>L'ortie est un genre de plante dont la grande ortie et la petite ortie se trouvent aux Pays-Bas et en Belgique. L'ortie est connue pour ses propri\u00e9t\u00e9s nettoyantes et purificatrices du sang. Selon diverses sources, l'ortie est bact\u00e9ricide et convient donc parfaitement aux maladies infectieuses. Les feuilles sont \u00e9galement indiqu\u00e9es en cas de diarrh\u00e9e ou d'autres troubles digestifs.<\/p>\n<p>L'ortie soutient le fonctionnement du foie et des reins en stimulant la d\u00e9composition des d\u00e9chets. En outre, elle favorise la croissance de la vessie et des poils du chien.<\/p>\n<p>L'ortie contient \u00e9galement de la silice, ou silicium. Il s'agit d'un mat\u00e9riau de construction qui fait partie du tissu conjonctif des os, des tendons, des ligaments, de la peau, des cheveux et des ongles, entre autres. Le silicium favorise la production naturelle de la peau (cellules) et contribue \u00e0 maintenir une peau saine.<\/p>\n<\/p>\n<p>Chez Yourdog, nous ajoutons de l'ortie \u00e0 nos aliments pour chiens parce qu'elle peut contribuer \u00e0 pr\u00e9venir les probl\u00e8mes sp\u00e9cifiques \u00e0 la race en ce qui concerne le pelage, la peau et les os du chien, ainsi qu'\u00e0 pr\u00e9venir les probl\u00e8mes digestifs et\/ou urinaires.<\/p>\n<p>Spirulina <\/p>\n<p>Spirulina is een voedingssupplement met een uitzonderlijk hoge voedingswaarde&#44; vervaardigd uit blauwgroene alg die te vinden is in tropische en subtropische gebieden. Het behoort tot de familie van de microalgen. Wist je dat spirulina kan worden gekweekt in de ruimte en voor 60 tot 70% uit eiwitten bestaat?<\/p>\n<p>Het is rijk aan vitamines&#44; waaronder B12&#44; mineralen&#44; zoals calcium&#44; ijzer&#44; zink&#44; magnesium en kalium en alle essenti&#235;le aminozuren. Spirulina kan in algehele zin bijdragen aan de gezondheid en het welzijn van de hond. Hiernaast kan het bijdragen aan de ondersteuning van het immuunsysteem en het bevorderen van een gezonde huid en glanzende vacht. Het alg heeft tevens een ontgiftende werking en bevordert de spijsvertering.<\/p>\n<p>Appel <\/p>\n<p>De appelboom is een boom uit het geslacht Malus&#44; waaraan de vooral op het noordelijk halfrond algemeen bekende handappels groeien. De appel groeit in de gematigde streken.<\/p>\n<p>Voedingsvezels hebben een veelzijdige werking in het spijsverteringskanaal. Ze zijn in staat vocht te absorberen&#44; waardoor de ontlasting zacht en soepel wordt. Tevens zorgen voedingsvezels voor een toename van het volume in de darmen. Dit stimuleert niet alleen de werking van de ingewanden&#44; maar zorgt ook voor een grondige afvoer van afvalstoffen.<\/p>\n<p>Appels zitten bomvol vitaminen&#44; mineralen&#44; antioxidanten en vezels. Hiernaast zijn appels rijk aan pectine. Pectine is een oplosbare vezel die bijdraagt aan het ondersteunen van een gezonde darmflora. Ook draagt het bij aan de smakelijkheid van de brokken en zijn appels laag in calorie&#235;n.<\/p>\n<\/p>\n<p>Rijk aan vitamine A en C. Vitamine A is goed voor de huid en vacht en versterkt het immuunsysteem. Vitamine C zorgt voor de ontwikkeling van spier en bot tijdens de jonge jaren.<\/p>\n<p><strong>Chiot, adulte ou personne \u00e2g\u00e9e ?<\/strong><\/p>\n<p>Om je te helpen bij het maken van de juiste keuze tussen onze varianten Eurasi&#235;r hondenvoer kun je gebruik maken van de volgende richtlijnen. Is jouw Eurasi&#235;r jonger dan 11 maanden&#44; kies dan voor de Puppy variant. Voor een Eurasi&#235;r ouder dan 7 jaar adviseren we de Yourdog Eurasi&#235;r senior. Is jouw hond ouder dan 11 maanden en jonger dan 7 jaar&#44; dan kun je de Adult variant kiezen.<\/p>\n<\/p>\n<p><strong>Garantie d'app\u00e9tence <\/strong><\/p>\n<p>Wij zijn overtuigd van de kwaliteit van onze voeding. Daarom geven wij op alle Yourdog verpakkingen een smakelijkheidsgarantie. Lijkt jouw Eurasi&#235;r zijn Yourdog hondenvoer toch niet lekker te vinden&#44; neem dan contact met ons op. Wij helpen je bij het analyseren van de problemen. Komen we er samen niet uit dan krijg je van ons het aankoopbedrag terug.<\/p>\n<\/p>\n<p><strong>Conseils nutritionnels<\/strong><\/p>\n<table>\n<tr>\n<td>Poids corporel (kg)<\/td>\n<td>Quantit\u00e9 journali\u00e8re (g)<\/td>\n<\/tr>\n<tr>\n<td>10 &#8211; 20<\/td>\n<td>190 &#8211; 315<\/td>\n<\/tr>\n<tr>\n<td>20 &#8211; 40<\/td>\n<td>315 &#8211; 525<\/td>\n<\/tr>\n<tr>\n<td>40 &#8211; 60<\/td>\n<td>525 &#8211; 750<\/td>\n<\/tr>\n<\/table>\n<p><strong>Conseils pour le passage \u00e0 l'euro<\/strong><\/p>\n<p>Stap je over op Yourdog vanaf een ander voermerk dan adviseren wij de volgende stappen te volgen. Voor de eerste stap voer je 25% Yourdog en 75% van het oude hondenvoer. De hond kan hier gedurende twee dagen aan wennen. Vervolgens voer je 50% Yourdog en 50% van het oude hondenvoer. Het is belangrijk dat je de hond ook hier weer twee of drie dagen aan laat wennen. Daarna meng je 75% Yourdog en 25% van het oude hondenvoer. De hond is nu bijna helemaal over op Yourdog. Doe dit gedurende 2 dagen. Naar eigen inzicht kun je hierna 100% Yourdog Eurasi&#235;r hondenvoer gaan voeren.<\/p>\n<p><strong>Conseils de stockage<\/strong><\/p>\n<p>Apr\u00e8s ouverture de l'emballage Yourdog, les aliments sont expos\u00e9s \u00e0 l'oxyg\u00e8ne, \u00e0 l'humidit\u00e9 et \u00e0 la lumi\u00e8re, ce qui peut affecter leur dur\u00e9e de conservation et leur go\u00fbt. Il est donc important de conserver les aliments correctement apr\u00e8s l'ouverture du sac, de pr\u00e9f\u00e9rence dans une bo\u00eete de stockage herm\u00e9tique ou un tonneau dans un endroit sec, frais et sombre. Il est pr\u00e9f\u00e9rable de ne pas mettre les aliments en vrac dans le tonneau, mais de les mettre dans le tonneau avec le sac entier, que vous refermerez le mieux possible.<\/p>\n<p><strong>Composition<\/strong><\/p>\n<p>Ma&#239;s&#44; gedroogde kip (23%)&#44; gerst&#44; erwten&#44; gedroogde buffel (3.5%)&#44; gevogeltevet&#44; choline chloride&#44; glucosamine&#44; chondroitine&#44; groentemix (met o.a. wortel)&#44; fruitmix (met o.a. appel)&#44; kruidenmix (met o.a. brandnetel&#44; spirulina) <\/p>\n<\/p>\n<p><strong>Constituants analytiques<\/strong><\/p>\n<p>Ruw eiwit 25%&#44; ruw vet 9%&#44; ruwe celstof 3&#44;9%&#44; ruw as 6%&#44; Calcium 1&#44;4%&#44; Fosfor 1&#44;1%<\/p>\n<p><strong>Valeurs nutritionnelles<\/strong><\/p>\n<p>Vitamine A 20 000 UI (E672), vitamine D3 1.400 UI (E671), vitamine E sous forme d'ac\u00e9tate de rac-alpha-tocoph\u00e9ryle (3a700) 500 mg, E1 Fe sous forme de sulfate de fer (II), monohydrat\u00e9 : 50 mg, E2 I sous forme d'iodate de calcium, anhydre :1,5 mg, E4 Cu comme sulfate de cuivre (II), pentahydrat\u00e9 : 5,0 mg, E5 Mn comme oxyde de mangan\u00e8se (II) : 35 mg, E6 Zn comme oxyde de zinc : 65 mg, E8 Se comme s\u00e9l\u00e9nite de sodium : 0,2 mg.<\/p>","protected":false},"featured_media":8914,"comment_status":"closed","ping_status":"open","template":"","meta":[],"product_brand":[189],"product_cat":[190,86],"product_tag":[2121,3965,203,3747,2095],"class_list":{"0":"post-6639","1":"product","2":"type-product","3":"status-publish","4":"has-post-thumbnail","6":"product_brand-yourdog","7":"product_cat-droogvoer-hond","8":"product_cat-honden","9":"product_tag-aan","10":"product_tag-eurasi","11":"product_tag-hond","12":"product_tag-yourdog","13":"product_tag-zijn","14":"product_shipping_class-pakket","16":"first","17":"instock","18":"purchasable","19":"product-type-simple"},"_links":{"self":[{"href":"https:\/\/zoonatie.be\/fr\/wp-json\/wp\/v2\/product\/6639","targetHints":{"allow":["GET"]}}],"collection":[{"href":"https:\/\/zoonatie.be\/fr\/wp-json\/wp\/v2\/product"}],"about":[{"href":"https:\/\/zoonatie.be\/fr\/wp-json\/wp\/v2\/types\/product"}],"replies":[{"embeddable":true,"href":"https:\/\/zoonatie.be\/fr\/wp-json\/wp\/v2\/comments?post=6639"}],"version-history":[{"count":0,"href":"https:\/\/zoonatie.be\/fr\/wp-json\/wp\/v2\/product\/6639\/revisions"}],"wp:featuredmedia":[{"embeddable":true,"href":"https:\/\/zoonatie.be\/fr\/wp-json\/wp\/v2\/media\/8914"}],"wp:attachment":[{"href":"https:\/\/zoonatie.be\/fr\/wp-json\/wp\/v2\/media?parent=6639"}],"wp:term":[{"taxonomy":"product_brand","embeddable":true,"href":"https:\/\/zoonatie.be\/fr\/wp-json\/wp\/v2\/product_brand?post=6639"},{"taxonomy":"product_cat","embeddable":true,"href":"https:\/\/zoonatie.be\/fr\/wp-json\/wp\/v2\/product_cat?post=6639"},{"taxonomy":"product_tag","embeddable":true,"href":"https:\/\/zoonatie.be\/fr\/wp-json\/wp\/v2\/product_tag?post=6639"}],"curies":[{"name":"wp","href":"https:\/\/api.w.org\/{rel}","templated":true}]}}