{"id":6803,"date":"2025-09-18T15:08:20","date_gmt":"2025-09-18T15:08:20","guid":{"rendered":"https:\/\/zoonatie.be\/product\/yourdog-briard-pup-3-kg\/"},"modified":"2025-09-22T16:49:54","modified_gmt":"2025-09-22T16:49:54","slug":"yourdog-briard-pup-3-kg","status":"publish","type":"product","link":"https:\/\/zoonatie.be\/fr\/produit\/yourdog-briard-pup-3-kg\/","title":{"rendered":"YOURDOG BRIARD PUP"},"content":{"rendered":"<p>Yourdog Briard zorgt voor de holistische gezondheid en het welzijn van jouw hond. Alle Yourdog varianten bevatten smaakvolle buffel en kip. Wij combineren dit met zorgvuldig geselecteerde groenten&#44; fruit en kruiden om zo te komen tot de perfecte voeding voor jouw Briard.<\/p>\n<p><strong>Waarom Yourdog Briard <\/strong><\/p>\n<ul>\n<li>Riche en buffles et en volailles<\/li>\n<li>Speciaal gemaakt voor de Briard<\/li>\n<li>Bevat Goudsbloem&#44; Appel en Wortel<\/li>\n<li>Favorise un pelage sain et brillant<\/li>\n<li>Maintenir une flore intestinale saine<\/li>\n<li>Sans parfums, colorants ou ar\u00f4mes artificiels<\/li>\n<li>Ook geschikt voor de gevoelige Briard<\/li>\n<\/ul>\n<p><strong>Nos ingr\u00e9dients<\/strong><\/p>\n<p>Pour fabriquer nos aliments, 10,6 kg de viande sont d\u00e9shydrat\u00e9s pour un sac de 12 kg afin de faciliter leur incorporation dans nos croquettes. Avec la bonne quantit\u00e9 de l\u00e9gumes, de fruits et d'herbes, Yourdog est un choix sain et nutritif pour les chiens.<\/p>\n<p><i>Buffalo<\/i><\/p>\n<p>Chez Yourdog, nous utilisons de la viande de buffle \u00e9lev\u00e9e en libert\u00e9 et nourrie \u00e0 l'herbe. Connue pour sa saveur cr\u00e9meuse et fra\u00eeche et sa couleur riche, la viande de buffle regorge de vitamines et de min\u00e9raux. Avec une teneur en cholest\u00e9rol et en graisse plus faible et moins de calories, cette viande tendre est pleine de bienfaits pour la sant\u00e9.<\/p>\n<\/p>\n<p><i>Volaille<\/i><\/p>\n<p>Chez Yourdog, nous utilisons du canard, du poulet et de la dinde qui, ensemble, donnent une saveur et un ar\u00f4me d\u00e9licieux aux croquettes. Les prot\u00e9ines hautement digestibles de la volaille assurent une bonne construction musculaire et sont riches en vitamines et en min\u00e9raux.<\/p>\n<\/p>\n<p><i>L\u00e9gumes<\/i><\/p>\n<p>Pour fournir aux chiens des nutriments pr\u00e9cieux suppl\u00e9mentaires, des l\u00e9gumes tr\u00e8s sains ont \u00e9t\u00e9 ajout\u00e9s \u00e0 notre alimentation. Ainsi, les l\u00e9gumes ne sont pas seulement nutritifs, ils ont aussi d'autres propri\u00e9t\u00e9s b\u00e9n\u00e9fiques pour la sant\u00e9. Les fibres brutes contenues dans les l\u00e9gumes sont b\u00e9n\u00e9fiques pour les intestins et peuvent notamment contribuer \u00e0 la digestion.<\/p>\n<\/p>\n<p><i>Fruits<\/i><\/p>\n<p>Nous ajoutons une combinaison unique de fruits \u00e0 Yourdog, ce qui donne au chien tous les antioxydants naturels essentiels. Les fruits peuvent donc \u00eatre b\u00e9n\u00e9fiques pour le syst\u00e8me immunitaire du chien, mais ils peuvent aussi contribuer \u00e0 lui donner une haleine fra\u00eeche ou \u00e0 maintenir une bonne digestion. Ces ingr\u00e9dients naturels favorisent la sant\u00e9 du chien.<\/p>\n<p><i>Herbes<\/i><\/p>\n<p>Les herbes saines qui enrichissent notre alimentation proviennent de plantes d'Europe. L'utilisation d'herbes, de racines, de fleurs, de plantes et d'algues, entre autres, remonte \u00e0 des milliers d'ann\u00e9es. Ces ingr\u00e9dients favorisent les processus naturels de l'organisme du chien, comme la digestion. Chaque ingr\u00e9dient que nous ajoutons \u00e0 nos aliments pour chiens est soigneusement s\u00e9lectionn\u00e9 pour ses propri\u00e9t\u00e9s positives. En fonction de la taille, de la race ou du groupe de races du chien, les ingr\u00e9dients font l'objet d'une attention particuli\u00e8re. L'utilisation d'herbes, de racines, de fleurs et de plantes permet d'att\u00e9nuer les probl\u00e8mes sp\u00e9cifiques \u00e0 la race.<\/p>\n<\/p>\n<p><strong>Briard specifieke groente&#44; kruiden en fruit<\/strong><\/p>\n<p>Wij hebben zorgvuldig de raseigenschappen van de Briard onderzocht. Ook hebben we onderzoek gedaan naar de eigenschappen van de FCI-ras sectie en de FCI-rasgroep waar de Briard toe behoort. Uit deze onderzoeken zijn&#44; in overleg met vooraanstaande Nederlandse voedingsdeskundige&#44; ingredi&#235;nten geselecteerd die de gezondheid en het welzijn van de Briard optimaal ten goede komen.<\/p>\n<p>Goudsbloem <\/p>\n<p>De goudsbloem (calendula) is een plant die&#44; net als de guldenroede&#44; behoort tot de composietenfamilie. Calendula is een gecultiveerde bloem; hij wordt sinds jaar en dag om zijn diverse geneeskrachtige eigenschappen gebruikt. De oorspronkelijk calendulasoort stond waarschijnlijk in Azi&#235; en Oost-Europa&#44; maar deze akkergoudsbloem komt in het wild nauwelijks meer voor. Goudsbloem is ook voor mensen een eetbare plant en is rijk aan voedingsstoffen.<\/p>\n<p>Er is veel informatie te vinden over de positieve werking van calendula. Calendula kan door ons worden toegevoegd aan het hondenvoer omdat dit een positieve bijdrage zou kunnen leveren aan het voorkomen van rasspecifieke klachten in relatie tot de huid&#44; mond&#44; keel&#44; spijsvertering&#44; ogen en voeten. Vooral goed voor herstel van de huid en slijmvliezen&#44; het werkt ontstekingsremmend en heeft een regenererende werking. Het kan ook krampen tijdens het verteringsproces voorkomen.<\/p>\n<p>Calendula wordt voornamelijk als uitwendig verzorgingsproduct gebruikt voor onder andere schrammetjes of huidproblemen. Maar het kan ook inwendig gebruikt worden vanwege de regenererende eigenschappen.<\/p>\n<p>Appel <\/p>\n<p>De appelboom is een boom uit het geslacht Malus&#44; waaraan de vooral op het noordelijk halfrond algemeen bekende handappels groeien. De appel groeit in de gematigde streken.<\/p>\n<p>Voedingsvezels hebben een veelzijdige werking in het spijsverteringskanaal. Ze zijn in staat vocht te absorberen&#44; waardoor de ontlasting zacht en soepel wordt. Tevens zorgen voedingsvezels voor een toename van het volume in de darmen. Dit stimuleert niet alleen de werking van de ingewanden&#44; maar zorgt ook voor een grondige afvoer van afvalstoffen.<\/p>\n<p>Appels zitten bomvol vitaminen&#44; mineralen&#44; antioxidanten en vezels. Hiernaast zijn appels rijk aan pectine. Pectine is een oplosbare vezel die bijdraagt aan het ondersteunen van een gezonde darmflora. Ook draagt het bij aan de smakelijkheid van de brokken en zijn appels laag in calorie&#235;n.<\/p>\n<\/p>\n<p>Rijk aan vitamine A en C. Vitamine A is goed voor de huid en vacht en versterkt het immuunsysteem. Vitamine C zorgt voor de ontwikkeling van spier en bot tijdens de jonge jaren.<\/p>\n<p>Wortel <\/p>\n<p>De wortel zoals wij die nu kennen&#44; oftewel de oranje wortel&#44; is het resultaat van vele jaren aan kruisingen. De eerste witte wortels kwamen oorspronkelijk uit Iran en werden in de 17e eeuw door de VOC naar Nederland gebracht.<\/p>\n<\/p>\n<p>Wortels zijn een belangrijke bron van vitamines en vezels. Zo bevatten wortels retinol (vitamine A1) en beta-carotine&#44; wat in het lichaam wordt omgezet in vitamine A. Dit is belangrijk voor de opbouw van haarvaten en de gezondheid van alle cellen. De vezels in een wortel dragen bij aan de spijsvertering van de hond. Daarnaast zijn wortels laag in calorie&#235;n en goed voor vacht en huid.<\/p>\n<\/p>\n<p>Bij Yourdog voegen wij wortel toe aan het hondenvoer omdat dit een positieve bijdrage kan leveren aan het voorkomen van rasspecifieke klachten in relatie tot de vacht en huid van de hond. Maar ook ter bevordering van goed zicht en een gezonde spijsvertering.<\/p>\n<\/p>\n<p><strong>Chiot, adulte ou personne \u00e2g\u00e9e ?<\/strong><\/p>\n<p>Om je te helpen bij het maken van de juiste keuze tussen onze varianten Briard hondenvoer kun je gebruik maken van de volgende richtlijnen. Is jouw Briard jonger dan 11 maanden&#44; kies dan voor de Puppy variant. Voor een Briard ouder dan 7 jaar adviseren we de Yourdog Briard senior. Is jouw hond ouder dan 11 maanden en jonger dan 7 jaar&#44; dan kun je de Adult variant kiezen.<\/p>\n<\/p>\n<p><strong>Garantie d'app\u00e9tence <\/strong><\/p>\n<p>Wij zijn overtuigd van de kwaliteit van onze voeding. Daarom geven wij op alle Yourdog verpakkingen een smakelijkheidsgarantie. Lijkt jouw Briard zijn Yourdog hondenvoer toch niet lekker te vinden&#44; neem dan contact met ons op. Wij helpen je bij het analyseren van de problemen. Komen we er samen niet uit dan krijg je van ons het aankoopbedrag terug.<\/p>\n<\/p>\n<p><strong>Conseils nutritionnels<\/strong><\/p>\n<table>\n<tr>\n<td><\/td>\n<td>Leeftijd in maanden<\/td>\n<\/tr>\n<tr>\n<td>Volwassen gewicht (kg)<\/td>\n<td>1<\/td>\n<td>2<\/td>\n<td>3<\/td>\n<td>4<\/td>\n<td>6<\/td>\n<td>12<\/td>\n<td>18<\/td>\n<\/tr>\n<tr>\n<td>2.5<\/td>\n<td>30<\/td>\n<td>60<\/td>\n<td>70<\/td>\n<td>65<\/td>\n<td>55<\/td>\n<td>x<\/td>\n<\/tr>\n<tr>\n<td>5<\/td>\n<td>55<\/td>\n<td>100<\/td>\n<td>100<\/td>\n<td>115<\/td>\n<td>110<\/td>\n<td>95<\/td>\n<td>x<\/td>\n<\/tr>\n<tr>\n<td>7.5<\/td>\n<td>75<\/td>\n<td>135<\/td>\n<td>140<\/td>\n<td>155<\/td>\n<td>145<\/td>\n<td>125<\/td>\n<td>x<\/td>\n<\/tr>\n<tr>\n<td>15<\/td>\n<td>100<\/td>\n<td>180<\/td>\n<td>235<\/td>\n<td>235<\/td>\n<td>290<\/td>\n<td>265<\/td>\n<td>215<\/td>\n<\/tr>\n<tr>\n<td>25<\/td>\n<td>105<\/td>\n<td>190<\/td>\n<td>285<\/td>\n<td>305<\/td>\n<td>380<\/td>\n<td>385<\/td>\n<td>315<\/td>\n<\/tr>\n<tr>\n<td>30<\/td>\n<td>110<\/td>\n<td>215<\/td>\n<td>320<\/td>\n<td>410<\/td>\n<td>425<\/td>\n<td>395<\/td>\n<td>360<\/td>\n<\/tr>\n<tr>\n<td>35<\/td>\n<td>115<\/td>\n<td>230<\/td>\n<td>345<\/td>\n<td>445<\/td>\n<td>470<\/td>\n<td>440<\/td>\n<td>405<\/td>\n<\/tr>\n<tr>\n<td>45<\/td>\n<td>135<\/td>\n<td>250<\/td>\n<td>385<\/td>\n<td>500<\/td>\n<td>550<\/td>\n<td>530<\/td>\n<td>485<\/td>\n<\/tr>\n<tr>\n<td>60<\/td>\n<td>140<\/td>\n<td>265<\/td>\n<td>420<\/td>\n<td>560<\/td>\n<td>665<\/td>\n<td>815<\/td>\n<td>605<\/td>\n<\/tr>\n<tr>\n<td>80<\/td>\n<td>150<\/td>\n<td>255<\/td>\n<td>460<\/td>\n<td>580<\/td>\n<td>760<\/td>\n<td>1010<\/td>\n<td>750<\/td>\n<\/tr>\n<\/table>\n<p><strong>Conseils pour le passage \u00e0 l'euro<\/strong><\/p>\n<p>Stap je over op Yourdog vanaf een ander voermerk dan adviseren wij de volgende stappen te volgen. Voor de eerste stap voer je 25% Yourdog en 75% van het oude hondenvoer. De hond kan hier gedurende twee dagen aan wennen. Vervolgens voer je 50% Yourdog en 50% van het oude hondenvoer. Het is belangrijk dat je de hond ook hier weer twee of drie dagen aan laat wennen. Daarna meng je 75% Yourdog en 25% van het oude hondenvoer. De hond is nu bijna helemaal over op Yourdog. Doe dit gedurende 2 dagen. Naar eigen inzicht kun je hierna 100% Yourdog Briard hondenvoer gaan voeren.<\/p>\n<p><strong>Conseils de stockage<\/strong><\/p>\n<p>Apr\u00e8s ouverture de l'emballage Yourdog, les aliments sont expos\u00e9s \u00e0 l'oxyg\u00e8ne, \u00e0 l'humidit\u00e9 et \u00e0 la lumi\u00e8re, ce qui peut affecter leur dur\u00e9e de conservation et leur go\u00fbt. Il est donc important de conserver les aliments correctement apr\u00e8s l'ouverture du sac, de pr\u00e9f\u00e9rence dans une bo\u00eete de stockage herm\u00e9tique ou un tonneau dans un endroit sec, frais et sombre. Il est pr\u00e9f\u00e9rable de ne pas mettre les aliments en vrac dans le tonneau, mais de les mettre dans le tonneau avec le sac entier, que vous refermerez le mieux possible.<\/p>\n<p><strong>Composition<\/strong><\/p>\n<p>Ma&#239;s&#44; gedroogde kip (30%)&#44; gevogeltevet&#44; erwten&#44; gedroogde buffel (3.5%)&#44; choline chloride&#44; glucosamine&#44; chondroitine&#44; groentemix (met o.a. wortel)&#44; fruitmix (met o.a. appel)&#44; kruidenmix (met o.a. goudsbloem) <\/p>\n<p><strong>Constituants analytiques<\/strong><\/p>\n<p>Ruw eiwit 28%&#44; ruw vet 16%&#44; ruwe celstof 3&#44;3%&#44; ruw as 6&#44;8%&#44; Calcium 1&#44;7%&#44; Fosfor 1&#44;3%<\/p>\n<p><strong>Valeurs nutritionnelles<\/strong><\/p>\n<p>Vitamine A 20.000 IE (E672)&#44; vitamine D3 1.400 IE (E671)&#44; vitamine E als all rac-alpha-tocopherylacetat (3a700) 500 mg&#44; E1 Fe als ijzer(II)sulfaat&#44; monohydraat: 50 mg&#44; E2 I als calciumjodaat&#44; watervrij:1&#44;5 mg&#44; E4 Cu als koper(II)sulfaat&#44; pentahydraat: 5&#44;0 mg&#44; E5 Mn als mangaan(II)oxide: 35 mg&#44; E6 Zn als zinkoxide: 70 mg&#44; E8 Se als natriumseleniet: 0&#44;2 mg.<\/p>","protected":false},"excerpt":{"rendered":"<p>Yourdog Briard zorgt voor de holistische gezondheid en het welzijn van jouw hond. Alle Yourdog varianten bevatten smaakvolle buffel en kip. Wij combineren dit met zorgvuldig geselecteerde groenten&#44; fruit en kruiden om zo te komen tot de perfecte voeding voor jouw Briard.<\/p>\n<p><strong>Waarom Yourdog Briard <\/strong><\/p>\n<ul>\n<li>Riche en buffles et en volailles<\/li>\n<li>Speciaal gemaakt voor de Briard<\/li>\n<li>Bevat Goudsbloem&#44; Appel en Wortel<\/li>\n<li>Favorise un pelage sain et brillant<\/li>\n<li>Maintenir une flore intestinale saine<\/li>\n<li>Sans parfums, colorants ou ar\u00f4mes artificiels<\/li>\n<li>Ook geschikt voor de gevoelige Briard<\/li>\n<\/ul>\n<p><strong>Nos ingr\u00e9dients<\/strong><\/p>\n<p>Pour fabriquer nos aliments, 10,6 kg de viande sont d\u00e9shydrat\u00e9s pour un sac de 12 kg afin de faciliter leur incorporation dans nos croquettes. Avec la bonne quantit\u00e9 de l\u00e9gumes, de fruits et d'herbes, Yourdog est un choix sain et nutritif pour les chiens.<\/p>\n<p><i>Buffalo<\/i><\/p>\n<p>Chez Yourdog, nous utilisons de la viande de buffle \u00e9lev\u00e9e en libert\u00e9 et nourrie \u00e0 l'herbe. Connue pour sa saveur cr\u00e9meuse et fra\u00eeche et sa couleur riche, la viande de buffle regorge de vitamines et de min\u00e9raux. Avec une teneur en cholest\u00e9rol et en graisse plus faible et moins de calories, cette viande tendre est pleine de bienfaits pour la sant\u00e9.<\/p>\n<\/p>\n<p><i>Volaille<\/i><\/p>\n<p>Chez Yourdog, nous utilisons du canard, du poulet et de la dinde qui, ensemble, donnent une saveur et un ar\u00f4me d\u00e9licieux aux croquettes. Les prot\u00e9ines hautement digestibles de la volaille assurent une bonne construction musculaire et sont riches en vitamines et en min\u00e9raux.<\/p>\n<\/p>\n<p><i>L\u00e9gumes<\/i><\/p>\n<p>Pour fournir aux chiens des nutriments pr\u00e9cieux suppl\u00e9mentaires, des l\u00e9gumes tr\u00e8s sains ont \u00e9t\u00e9 ajout\u00e9s \u00e0 notre alimentation. Ainsi, les l\u00e9gumes ne sont pas seulement nutritifs, ils ont aussi d'autres propri\u00e9t\u00e9s b\u00e9n\u00e9fiques pour la sant\u00e9. Les fibres brutes contenues dans les l\u00e9gumes sont b\u00e9n\u00e9fiques pour les intestins et peuvent notamment contribuer \u00e0 la digestion.<\/p>\n<\/p>\n<p><i>Fruits<\/i><\/p>\n<p>Nous ajoutons une combinaison unique de fruits \u00e0 Yourdog, ce qui donne au chien tous les antioxydants naturels essentiels. Les fruits peuvent donc \u00eatre b\u00e9n\u00e9fiques pour le syst\u00e8me immunitaire du chien, mais ils peuvent aussi contribuer \u00e0 lui donner une haleine fra\u00eeche ou \u00e0 maintenir une bonne digestion. Ces ingr\u00e9dients naturels favorisent la sant\u00e9 du chien.<\/p>\n<p><i>Herbes<\/i><\/p>\n<p>Les herbes saines qui enrichissent notre alimentation proviennent de plantes d'Europe. L'utilisation d'herbes, de racines, de fleurs, de plantes et d'algues, entre autres, remonte \u00e0 des milliers d'ann\u00e9es. Ces ingr\u00e9dients favorisent les processus naturels de l'organisme du chien, comme la digestion. Chaque ingr\u00e9dient que nous ajoutons \u00e0 nos aliments pour chiens est soigneusement s\u00e9lectionn\u00e9 pour ses propri\u00e9t\u00e9s positives. En fonction de la taille, de la race ou du groupe de races du chien, les ingr\u00e9dients font l'objet d'une attention particuli\u00e8re. L'utilisation d'herbes, de racines, de fleurs et de plantes permet d'att\u00e9nuer les probl\u00e8mes sp\u00e9cifiques \u00e0 la race.<\/p>\n<\/p>\n<p><strong>Briard specifieke groente&#44; kruiden en fruit<\/strong><\/p>\n<p>Wij hebben zorgvuldig de raseigenschappen van de Briard onderzocht. Ook hebben we onderzoek gedaan naar de eigenschappen van de FCI-ras sectie en de FCI-rasgroep waar de Briard toe behoort. Uit deze onderzoeken zijn&#44; in overleg met vooraanstaande Nederlandse voedingsdeskundige&#44; ingredi&#235;nten geselecteerd die de gezondheid en het welzijn van de Briard optimaal ten goede komen.<\/p>\n<p>Goudsbloem <\/p>\n<p>De goudsbloem (calendula) is een plant die&#44; net als de guldenroede&#44; behoort tot de composietenfamilie. Calendula is een gecultiveerde bloem; hij wordt sinds jaar en dag om zijn diverse geneeskrachtige eigenschappen gebruikt. De oorspronkelijk calendulasoort stond waarschijnlijk in Azi&#235; en Oost-Europa&#44; maar deze akkergoudsbloem komt in het wild nauwelijks meer voor. Goudsbloem is ook voor mensen een eetbare plant en is rijk aan voedingsstoffen.<\/p>\n<p>Er is veel informatie te vinden over de positieve werking van calendula. Calendula kan door ons worden toegevoegd aan het hondenvoer omdat dit een positieve bijdrage zou kunnen leveren aan het voorkomen van rasspecifieke klachten in relatie tot de huid&#44; mond&#44; keel&#44; spijsvertering&#44; ogen en voeten. Vooral goed voor herstel van de huid en slijmvliezen&#44; het werkt ontstekingsremmend en heeft een regenererende werking. Het kan ook krampen tijdens het verteringsproces voorkomen.<\/p>\n<p>Calendula wordt voornamelijk als uitwendig verzorgingsproduct gebruikt voor onder andere schrammetjes of huidproblemen. Maar het kan ook inwendig gebruikt worden vanwege de regenererende eigenschappen.<\/p>\n<p>Appel <\/p>\n<p>De appelboom is een boom uit het geslacht Malus&#44; waaraan de vooral op het noordelijk halfrond algemeen bekende handappels groeien. De appel groeit in de gematigde streken.<\/p>\n<p>Voedingsvezels hebben een veelzijdige werking in het spijsverteringskanaal. Ze zijn in staat vocht te absorberen&#44; waardoor de ontlasting zacht en soepel wordt. Tevens zorgen voedingsvezels voor een toename van het volume in de darmen. Dit stimuleert niet alleen de werking van de ingewanden&#44; maar zorgt ook voor een grondige afvoer van afvalstoffen.<\/p>\n<p>Appels zitten bomvol vitaminen&#44; mineralen&#44; antioxidanten en vezels. Hiernaast zijn appels rijk aan pectine. Pectine is een oplosbare vezel die bijdraagt aan het ondersteunen van een gezonde darmflora. Ook draagt het bij aan de smakelijkheid van de brokken en zijn appels laag in calorie&#235;n.<\/p>\n<\/p>\n<p>Rijk aan vitamine A en C. Vitamine A is goed voor de huid en vacht en versterkt het immuunsysteem. Vitamine C zorgt voor de ontwikkeling van spier en bot tijdens de jonge jaren.<\/p>\n<p>Wortel <\/p>\n<p>De wortel zoals wij die nu kennen&#44; oftewel de oranje wortel&#44; is het resultaat van vele jaren aan kruisingen. De eerste witte wortels kwamen oorspronkelijk uit Iran en werden in de 17e eeuw door de VOC naar Nederland gebracht.<\/p>\n<\/p>\n<p>Wortels zijn een belangrijke bron van vitamines en vezels. Zo bevatten wortels retinol (vitamine A1) en beta-carotine&#44; wat in het lichaam wordt omgezet in vitamine A. Dit is belangrijk voor de opbouw van haarvaten en de gezondheid van alle cellen. De vezels in een wortel dragen bij aan de spijsvertering van de hond. Daarnaast zijn wortels laag in calorie&#235;n en goed voor vacht en huid.<\/p>\n<\/p>\n<p>Bij Yourdog voegen wij wortel toe aan het hondenvoer omdat dit een positieve bijdrage kan leveren aan het voorkomen van rasspecifieke klachten in relatie tot de vacht en huid van de hond. Maar ook ter bevordering van goed zicht en een gezonde spijsvertering.<\/p>\n<\/p>\n<p><strong>Chiot, adulte ou personne \u00e2g\u00e9e ?<\/strong><\/p>\n<p>Om je te helpen bij het maken van de juiste keuze tussen onze varianten Briard hondenvoer kun je gebruik maken van de volgende richtlijnen. Is jouw Briard jonger dan 11 maanden&#44; kies dan voor de Puppy variant. Voor een Briard ouder dan 7 jaar adviseren we de Yourdog Briard senior. Is jouw hond ouder dan 11 maanden en jonger dan 7 jaar&#44; dan kun je de Adult variant kiezen.<\/p>\n<\/p>\n<p><strong>Garantie d'app\u00e9tence <\/strong><\/p>\n<p>Wij zijn overtuigd van de kwaliteit van onze voeding. Daarom geven wij op alle Yourdog verpakkingen een smakelijkheidsgarantie. Lijkt jouw Briard zijn Yourdog hondenvoer toch niet lekker te vinden&#44; neem dan contact met ons op. Wij helpen je bij het analyseren van de problemen. Komen we er samen niet uit dan krijg je van ons het aankoopbedrag terug.<\/p>\n<\/p>\n<p><strong>Conseils nutritionnels<\/strong><\/p>\n<table>\n<tr>\n<td><\/td>\n<td>Leeftijd in maanden<\/td>\n<\/tr>\n<tr>\n<td>Volwassen gewicht (kg)<\/td>\n<td>1<\/td>\n<td>2<\/td>\n<td>3<\/td>\n<td>4<\/td>\n<td>6<\/td>\n<td>12<\/td>\n<td>18<\/td>\n<\/tr>\n<tr>\n<td>2.5<\/td>\n<td>30<\/td>\n<td>60<\/td>\n<td>70<\/td>\n<td>65<\/td>\n<td>55<\/td>\n<td>x<\/td>\n<\/tr>\n<tr>\n<td>5<\/td>\n<td>55<\/td>\n<td>100<\/td>\n<td>100<\/td>\n<td>115<\/td>\n<td>110<\/td>\n<td>95<\/td>\n<td>x<\/td>\n<\/tr>\n<tr>\n<td>7.5<\/td>\n<td>75<\/td>\n<td>135<\/td>\n<td>140<\/td>\n<td>155<\/td>\n<td>145<\/td>\n<td>125<\/td>\n<td>x<\/td>\n<\/tr>\n<tr>\n<td>15<\/td>\n<td>100<\/td>\n<td>180<\/td>\n<td>235<\/td>\n<td>235<\/td>\n<td>290<\/td>\n<td>265<\/td>\n<td>215<\/td>\n<\/tr>\n<tr>\n<td>25<\/td>\n<td>105<\/td>\n<td>190<\/td>\n<td>285<\/td>\n<td>305<\/td>\n<td>380<\/td>\n<td>385<\/td>\n<td>315<\/td>\n<\/tr>\n<tr>\n<td>30<\/td>\n<td>110<\/td>\n<td>215<\/td>\n<td>320<\/td>\n<td>410<\/td>\n<td>425<\/td>\n<td>395<\/td>\n<td>360<\/td>\n<\/tr>\n<tr>\n<td>35<\/td>\n<td>115<\/td>\n<td>230<\/td>\n<td>345<\/td>\n<td>445<\/td>\n<td>470<\/td>\n<td>440<\/td>\n<td>405<\/td>\n<\/tr>\n<tr>\n<td>45<\/td>\n<td>135<\/td>\n<td>250<\/td>\n<td>385<\/td>\n<td>500<\/td>\n<td>550<\/td>\n<td>530<\/td>\n<td>485<\/td>\n<\/tr>\n<tr>\n<td>60<\/td>\n<td>140<\/td>\n<td>265<\/td>\n<td>420<\/td>\n<td>560<\/td>\n<td>665<\/td>\n<td>815<\/td>\n<td>605<\/td>\n<\/tr>\n<tr>\n<td>80<\/td>\n<td>150<\/td>\n<td>255<\/td>\n<td>460<\/td>\n<td>580<\/td>\n<td>760<\/td>\n<td>1010<\/td>\n<td>750<\/td>\n<\/tr>\n<\/table>\n<p><strong>Conseils pour le passage \u00e0 l'euro<\/strong><\/p>\n<p>Stap je over op Yourdog vanaf een ander voermerk dan adviseren wij de volgende stappen te volgen. Voor de eerste stap voer je 25% Yourdog en 75% van het oude hondenvoer. De hond kan hier gedurende twee dagen aan wennen. Vervolgens voer je 50% Yourdog en 50% van het oude hondenvoer. Het is belangrijk dat je de hond ook hier weer twee of drie dagen aan laat wennen. Daarna meng je 75% Yourdog en 25% van het oude hondenvoer. De hond is nu bijna helemaal over op Yourdog. Doe dit gedurende 2 dagen. Naar eigen inzicht kun je hierna 100% Yourdog Briard hondenvoer gaan voeren.<\/p>\n<p><strong>Conseils de stockage<\/strong><\/p>\n<p>Apr\u00e8s ouverture de l'emballage Yourdog, les aliments sont expos\u00e9s \u00e0 l'oxyg\u00e8ne, \u00e0 l'humidit\u00e9 et \u00e0 la lumi\u00e8re, ce qui peut affecter leur dur\u00e9e de conservation et leur go\u00fbt. Il est donc important de conserver les aliments correctement apr\u00e8s l'ouverture du sac, de pr\u00e9f\u00e9rence dans une bo\u00eete de stockage herm\u00e9tique ou un tonneau dans un endroit sec, frais et sombre. Il est pr\u00e9f\u00e9rable de ne pas mettre les aliments en vrac dans le tonneau, mais de les mettre dans le tonneau avec le sac entier, que vous refermerez le mieux possible.<\/p>\n<p><strong>Composition<\/strong><\/p>\n<p>Ma&#239;s&#44; gedroogde kip (30%)&#44; gevogeltevet&#44; erwten&#44; gedroogde buffel (3.5%)&#44; choline chloride&#44; glucosamine&#44; chondroitine&#44; groentemix (met o.a. wortel)&#44; fruitmix (met o.a. appel)&#44; kruidenmix (met o.a. goudsbloem) <\/p>\n<p><strong>Constituants analytiques<\/strong><\/p>\n<p>Ruw eiwit 28%&#44; ruw vet 16%&#44; ruwe celstof 3&#44;3%&#44; ruw as 6&#44;8%&#44; Calcium 1&#44;7%&#44; Fosfor 1&#44;3%<\/p>\n<p><strong>Valeurs nutritionnelles<\/strong><\/p>\n<p>Vitamine A 20.000 IE (E672)&#44; vitamine D3 1.400 IE (E671)&#44; vitamine E als all rac-alpha-tocopherylacetat (3a700) 500 mg&#44; E1 Fe als ijzer(II)sulfaat&#44; monohydraat: 50 mg&#44; E2 I als calciumjodaat&#44; watervrij:1&#44;5 mg&#44; E4 Cu als koper(II)sulfaat&#44; pentahydraat: 5&#44;0 mg&#44; E5 Mn als mangaan(II)oxide: 35 mg&#44; E6 Zn als zinkoxide: 70 mg&#44; E8 Se als natriumseleniet: 0&#44;2 mg.<\/p>","protected":false},"featured_media":8807,"comment_status":"closed","ping_status":"open","template":"","meta":[],"product_brand":[189],"product_cat":[190,86],"product_tag":[2121,4006,203,3747,2095],"class_list":{"0":"post-6803","1":"product","2":"type-product","3":"status-publish","4":"has-post-thumbnail","6":"product_brand-yourdog","7":"product_cat-droogvoer-hond","8":"product_cat-honden","9":"product_tag-aan","10":"product_tag-briard","11":"product_tag-hond","12":"product_tag-yourdog","13":"product_tag-zijn","14":"product_shipping_class-pakket","16":"first","17":"instock","18":"purchasable","19":"product-type-simple"},"_links":{"self":[{"href":"https:\/\/zoonatie.be\/fr\/wp-json\/wp\/v2\/product\/6803","targetHints":{"allow":["GET"]}}],"collection":[{"href":"https:\/\/zoonatie.be\/fr\/wp-json\/wp\/v2\/product"}],"about":[{"href":"https:\/\/zoonatie.be\/fr\/wp-json\/wp\/v2\/types\/product"}],"replies":[{"embeddable":true,"href":"https:\/\/zoonatie.be\/fr\/wp-json\/wp\/v2\/comments?post=6803"}],"version-history":[{"count":0,"href":"https:\/\/zoonatie.be\/fr\/wp-json\/wp\/v2\/product\/6803\/revisions"}],"wp:featuredmedia":[{"embeddable":true,"href":"https:\/\/zoonatie.be\/fr\/wp-json\/wp\/v2\/media\/8807"}],"wp:attachment":[{"href":"https:\/\/zoonatie.be\/fr\/wp-json\/wp\/v2\/media?parent=6803"}],"wp:term":[{"taxonomy":"product_brand","embeddable":true,"href":"https:\/\/zoonatie.be\/fr\/wp-json\/wp\/v2\/product_brand?post=6803"},{"taxonomy":"product_cat","embeddable":true,"href":"https:\/\/zoonatie.be\/fr\/wp-json\/wp\/v2\/product_cat?post=6803"},{"taxonomy":"product_tag","embeddable":true,"href":"https:\/\/zoonatie.be\/fr\/wp-json\/wp\/v2\/product_tag?post=6803"}],"curies":[{"name":"wp","href":"https:\/\/api.w.org\/{rel}","templated":true}]}}