{"id":7127,"date":"2025-09-18T15:08:42","date_gmt":"2025-09-18T15:08:42","guid":{"rendered":"https:\/\/zoonatie.be\/product\/yourdog-amerikaanse-stafford-pup-3-kg\/"},"modified":"2025-09-22T16:50:32","modified_gmt":"2025-09-22T16:50:32","slug":"yourdog-amerikaanse-stafford-pup-3-kg","status":"publish","type":"product","link":"https:\/\/zoonatie.be\/fr\/produit\/yourdog-amerikaanse-stafford-pup-3-kg\/","title":{"rendered":"YOURDOG AMERIKAANSE STAFFORD PUP"},"content":{"rendered":"<p>Yourdog Amerikaanse stafford zorgt voor de holistische gezondheid en het welzijn van jouw hond. Alle Yourdog varianten bevatten smaakvolle buffel en kip. Wij combineren dit met zorgvuldig geselecteerde groenten&#44; fruit en kruiden om zo te komen tot de perfecte voeding voor jouw Amerikaanse stafford.<\/p>\n<p><strong>Waarom Yourdog Amerikaanse stafford <\/strong><\/p>\n<ul>\n<li>Riche en buffles et en volailles<\/li>\n<li>Speciaal gemaakt voor de Amerikaanse stafford<\/li>\n<li>Bevat Tijm&#44; Echinacea en Frambozen<\/li>\n<li>Favorise un pelage sain et brillant<\/li>\n<li>Maintenir une flore intestinale saine<\/li>\n<li>Sans parfums, colorants ou ar\u00f4mes artificiels<\/li>\n<li>Ook geschikt voor de gevoelige Amerikaanse stafford<\/li>\n<\/ul>\n<p><strong>Nos ingr\u00e9dients<\/strong><\/p>\n<p>Pour fabriquer nos aliments, 10,6 kg de viande sont d\u00e9shydrat\u00e9s pour un sac de 12 kg afin de faciliter leur incorporation dans nos croquettes. Avec la bonne quantit\u00e9 de l\u00e9gumes, de fruits et d'herbes, Yourdog est un choix sain et nutritif pour les chiens.<\/p>\n<p><i>Buffalo<\/i><\/p>\n<p>Chez Yourdog, nous utilisons de la viande de buffle \u00e9lev\u00e9e en libert\u00e9 et nourrie \u00e0 l'herbe. Connue pour sa saveur cr\u00e9meuse et fra\u00eeche et sa couleur riche, la viande de buffle regorge de vitamines et de min\u00e9raux. Avec une teneur en cholest\u00e9rol et en graisse plus faible et moins de calories, cette viande tendre est pleine de bienfaits pour la sant\u00e9.<\/p>\n<\/p>\n<p><i>Volaille<\/i><\/p>\n<p>Chez Yourdog, nous utilisons du canard, du poulet et de la dinde qui, ensemble, donnent une saveur et un ar\u00f4me d\u00e9licieux aux croquettes. Les prot\u00e9ines hautement digestibles de la volaille assurent une bonne construction musculaire et sont riches en vitamines et en min\u00e9raux.<\/p>\n<\/p>\n<p><i>L\u00e9gumes<\/i><\/p>\n<p>Pour fournir aux chiens des nutriments pr\u00e9cieux suppl\u00e9mentaires, des l\u00e9gumes tr\u00e8s sains ont \u00e9t\u00e9 ajout\u00e9s \u00e0 notre alimentation. Ainsi, les l\u00e9gumes ne sont pas seulement nutritifs, ils ont aussi d'autres propri\u00e9t\u00e9s b\u00e9n\u00e9fiques pour la sant\u00e9. Les fibres brutes contenues dans les l\u00e9gumes sont b\u00e9n\u00e9fiques pour les intestins et peuvent notamment contribuer \u00e0 la digestion.<\/p>\n<\/p>\n<p><i>Fruits<\/i><\/p>\n<p>Nous ajoutons une combinaison unique de fruits \u00e0 Yourdog, ce qui donne au chien tous les antioxydants naturels essentiels. Les fruits peuvent donc \u00eatre b\u00e9n\u00e9fiques pour le syst\u00e8me immunitaire du chien, mais ils peuvent aussi contribuer \u00e0 lui donner une haleine fra\u00eeche ou \u00e0 maintenir une bonne digestion. Ces ingr\u00e9dients naturels favorisent la sant\u00e9 du chien.<\/p>\n<p><i>Herbes<\/i><\/p>\n<p>Les herbes saines qui enrichissent notre alimentation proviennent de plantes d'Europe. L'utilisation d'herbes, de racines, de fleurs, de plantes et d'algues, entre autres, remonte \u00e0 des milliers d'ann\u00e9es. Ces ingr\u00e9dients favorisent les processus naturels de l'organisme du chien, comme la digestion. Chaque ingr\u00e9dient que nous ajoutons \u00e0 nos aliments pour chiens est soigneusement s\u00e9lectionn\u00e9 pour ses propri\u00e9t\u00e9s positives. En fonction de la taille, de la race ou du groupe de races du chien, les ingr\u00e9dients font l'objet d'une attention particuli\u00e8re. L'utilisation d'herbes, de racines, de fleurs et de plantes permet d'att\u00e9nuer les probl\u00e8mes sp\u00e9cifiques \u00e0 la race.<\/p>\n<\/p>\n<p><strong>Amerikaanse stafford specifieke groente&#44; kruiden en fruit<\/strong><\/p>\n<p>Wij hebben zorgvuldig de raseigenschappen van de Amerikaanse stafford onderzocht. Ook hebben we onderzoek gedaan naar de eigenschappen van de FCI-ras sectie en de FCI-rasgroep waar de Amerikaanse stafford toe behoort. Uit deze onderzoeken zijn&#44; in overleg met vooraanstaande Nederlandse voedingsdeskundige&#44; ingredi&#235;nten geselecteerd die de gezondheid en het welzijn van de Amerikaanse stafford optimaal ten goede komen.<\/p>\n<p>Tijm <\/p>\n<p>Tijm is een geslacht uit de lipbloemenfamilie. Het omvat kruidachtige of houtachtige planten met een zeer aromatische geur. Tijm is door de Grieken en Romeinen gebruikt als geneeskruid tegen longziekten&#44; reumatiek&#44; verlamming&#44; maagkramp&#44; gezwellen&#44; hoofdpijn&#44; koliek en zenuwzwakten.<\/p>\n<p>De geneeskrachtige eigenschappen van tijm worden bevestigd door de hoge waarden aan vitamine K die het bevat. Daarnaast bevat tijm ook veel ijzer&#44; maar ook de mineralen calcium en mangaan in. Het bevat ook het aminozuur tryptofaan en een aanmerkelijke hoeveelheid vezels.<\/p>\n<\/p>\n<p>Tijm werkt ontstekingsremmend en heeft een krachtige antibacteri&#235;le en schimmeldodende werking. Hiernaast stimuleert het de aanmaak van witte bloedlichaampjes en versterkt het het afweersysteem. Tijm is rijk aan antioxidanten en bestrijdt effectief vrije radicalen.<\/p>\n<\/p>\n<p>Bij Yourdog voegen wij tijm toe aan ons hondenvoer omdat het een positieve bijdrage zou kunnen leveren aan het voorkomen van rasspecifieke klachten in relatie tot reuma&#44; verlamming&#44; maag en zenuwen. Tijm is daarnaast ook een natuurlijke bacteriebestrijder.<\/p>\n<p>Echinacea <\/p>\n<p>Echinacea komt uit de plantenfamilie asteraceae&#44; welke van nature oorspronkelijk uit het oosten van Noord-Amerika voorkomt. Aan een aantal planten uit deze familie wordt medicinale eigenschappen toegeschreven. Zo wordt de plant in verband gebracht met het versterken van het immuunsysteem en infecties aan de luchtwegen.<\/p>\n<\/p>\n<p>Het is uit onderzoek gebleken dat echinacea een ontstekingsremmende werking kan hebben bij honden. Via bloedonderzoek is ook aangetoond dat het een positief effect heeft op de gezondheid en weerstand van honden. Zo kan het verkoudheidsklachten zoals een druipneus en hoesten verminderen.<\/p>\n<p>Bij Yourdog voegen we echinacea toe aan ons hondenvoer omdat dit een positieve bijdrage kan leveren aan het versterken van de weerstand van de hond en kan bijdragen aan de algehele gezondheid.<\/p>\n<p>Frambozen <\/p>\n<p>De framboos is een plant uit de rozenfamilie en behoort tot het geslacht Rubus. De teelt van frambozen gaat al terug tot de middeleeuwen en komt van nature voor in heel Europa.<\/p>\n<p>Frambozen bevatten veel stoffen die de gezondheid van de hond kunnen ondersteunen&#44; zoals vitaminen zoals vitamine C&#44; mineralen zoals mangaan en antioxidanten. Verder zijn frambozen laag in suiker en calorie&#235;n en rijk aan goede vezels.<\/p>\n<p>Framboos wordt toegevoegd aan ons hondenvoer vanwege de ontstekingsremmende eigenschappen en het kan een positieve bijdrage leveren aan de werking van het immuunsysteem. Tevens kunnen frambozen bijdragen aan het behoud van het gezichtsvermogen en een gezond hart- en vaatstelsel.<\/p>\n<p><strong>Chiot, adulte ou personne \u00e2g\u00e9e ?<\/strong><\/p>\n<p>Om je te helpen bij het maken van de juiste keuze tussen onze varianten Amerikaanse stafford hondenvoer kun je gebruik maken van de volgende richtlijnen. Is jouw Amerikaanse stafford jonger dan 11 maanden&#44; kies dan voor de Puppy variant. Voor een Amerikaanse stafford ouder dan 7 jaar adviseren we de Yourdog Amerikaanse stafford senior. Is jouw hond ouder dan 11 maanden en jonger dan 7 jaar&#44; dan kun je de Adult variant kiezen.<\/p>\n<\/p>\n<p><strong>Garantie d'app\u00e9tence <\/strong><\/p>\n<p>Wij zijn overtuigd van de kwaliteit van onze voeding. Daarom geven wij op alle Yourdog verpakkingen een smakelijkheidsgarantie. Lijkt jouw Amerikaanse stafford zijn Yourdog hondenvoer toch niet lekker te vinden&#44; neem dan contact met ons op. Wij helpen je bij het analyseren van de problemen. Komen we er samen niet uit dan krijg je van ons het aankoopbedrag terug.<\/p>\n<\/p>\n<p><strong>Conseils nutritionnels<\/strong><\/p>\n<table>\n<tr>\n<td><\/td>\n<td>Leeftijd in maanden<\/td>\n<\/tr>\n<tr>\n<td>Volwassen gewicht (kg)<\/td>\n<td>1<\/td>\n<td>2<\/td>\n<td>3<\/td>\n<td>4<\/td>\n<td>6<\/td>\n<td>12<\/td>\n<td>18<\/td>\n<\/tr>\n<tr>\n<td>2.5<\/td>\n<td>30<\/td>\n<td>60<\/td>\n<td>70<\/td>\n<td>65<\/td>\n<td>55<\/td>\n<td>x<\/td>\n<\/tr>\n<tr>\n<td>5<\/td>\n<td>55<\/td>\n<td>100<\/td>\n<td>100<\/td>\n<td>115<\/td>\n<td>110<\/td>\n<td>95<\/td>\n<td>x<\/td>\n<\/tr>\n<tr>\n<td>7.5<\/td>\n<td>75<\/td>\n<td>135<\/td>\n<td>140<\/td>\n<td>155<\/td>\n<td>145<\/td>\n<td>125<\/td>\n<td>x<\/td>\n<\/tr>\n<tr>\n<td>15<\/td>\n<td>100<\/td>\n<td>180<\/td>\n<td>235<\/td>\n<td>235<\/td>\n<td>290<\/td>\n<td>265<\/td>\n<td>215<\/td>\n<\/tr>\n<tr>\n<td>25<\/td>\n<td>105<\/td>\n<td>190<\/td>\n<td>285<\/td>\n<td>305<\/td>\n<td>380<\/td>\n<td>385<\/td>\n<td>315<\/td>\n<\/tr>\n<tr>\n<td>30<\/td>\n<td>110<\/td>\n<td>215<\/td>\n<td>320<\/td>\n<td>410<\/td>\n<td>425<\/td>\n<td>395<\/td>\n<td>360<\/td>\n<\/tr>\n<tr>\n<td>35<\/td>\n<td>115<\/td>\n<td>230<\/td>\n<td>345<\/td>\n<td>445<\/td>\n<td>470<\/td>\n<td>440<\/td>\n<td>405<\/td>\n<\/tr>\n<tr>\n<td>45<\/td>\n<td>135<\/td>\n<td>250<\/td>\n<td>385<\/td>\n<td>500<\/td>\n<td>550<\/td>\n<td>530<\/td>\n<td>485<\/td>\n<\/tr>\n<tr>\n<td>60<\/td>\n<td>140<\/td>\n<td>265<\/td>\n<td>420<\/td>\n<td>560<\/td>\n<td>665<\/td>\n<td>815<\/td>\n<td>605<\/td>\n<\/tr>\n<tr>\n<td>80<\/td>\n<td>150<\/td>\n<td>255<\/td>\n<td>460<\/td>\n<td>580<\/td>\n<td>760<\/td>\n<td>1010<\/td>\n<td>750<\/td>\n<\/tr>\n<\/table>\n<p><strong>Conseils pour le passage \u00e0 l'euro<\/strong><\/p>\n<p>Stap je over op Yourdog vanaf een ander voermerk dan adviseren wij de volgende stappen te volgen. Voor de eerste stap voer je 25% Yourdog en 75% van het oude hondenvoer. De hond kan hier gedurende twee dagen aan wennen. Vervolgens voer je 50% Yourdog en 50% van het oude hondenvoer. Het is belangrijk dat je de hond ook hier weer twee of drie dagen aan laat wennen. Daarna meng je 75% Yourdog en 25% van het oude hondenvoer. De hond is nu bijna helemaal over op Yourdog. Doe dit gedurende 2 dagen. Naar eigen inzicht kun je hierna 100% Yourdog Amerikaanse stafford hondenvoer gaan voeren.<\/p>\n<p><strong>Conseils de stockage<\/strong><\/p>\n<p>Apr\u00e8s ouverture de l'emballage Yourdog, les aliments sont expos\u00e9s \u00e0 l'oxyg\u00e8ne, \u00e0 l'humidit\u00e9 et \u00e0 la lumi\u00e8re, ce qui peut affecter leur dur\u00e9e de conservation et leur go\u00fbt. Il est donc important de conserver les aliments correctement apr\u00e8s l'ouverture du sac, de pr\u00e9f\u00e9rence dans une bo\u00eete de stockage herm\u00e9tique ou un tonneau dans un endroit sec, frais et sombre. Il est pr\u00e9f\u00e9rable de ne pas mettre les aliments en vrac dans le tonneau, mais de les mettre dans le tonneau avec le sac entier, que vous refermerez le mieux possible.<\/p>\n<p><strong>Composition<\/strong><\/p>\n<p>Ma&#239;s&#44; gedroogde kip (30%)&#44; gevogeltevet&#44; erwten&#44; gedroogde buffel (3.5%)&#44; choline chloride&#44; glucosamine&#44; chondroitine&#44; groentemix (met o.a. wortel)&#44; fruitmix (met o.a. frambozen)&#44; kruidenmix (met o.a. tijm&#44; echinacea) <\/p>\n<p><strong>Constituants analytiques<\/strong><\/p>\n<p>Ruw eiwit 28%&#44; ruw vet 16%&#44; ruwe celstof 3&#44;3%&#44; ruw as 6&#44;8%&#44; Calcium 1&#44;7%&#44; Fosfor 1&#44;3%<\/p>\n<p><strong>Valeurs nutritionnelles<\/strong><\/p>\n<p>Vitamine A 20.000 IE (E672)&#44; vitamine D3 1.400 IE (E671)&#44; vitamine E als all rac-alpha-tocopherylacetat (3a700) 500 mg&#44; E1 Fe als ijzer(II)sulfaat&#44; monohydraat: 50 mg&#44; E2 I als calciumjodaat&#44; watervrij:1&#44;5 mg&#44; E4 Cu als koper(II)sulfaat&#44; pentahydraat: 5&#44;0 mg&#44; E5 Mn als mangaan(II)oxide: 35 mg&#44; E6 Zn als zinkoxide: 70 mg&#44; E8 Se als natriumseleniet: 0&#44;2 mg.<\/p>","protected":false},"excerpt":{"rendered":"<p>Yourdog Amerikaanse stafford zorgt voor de holistische gezondheid en het welzijn van jouw hond. Alle Yourdog varianten bevatten smaakvolle buffel en kip. Wij combineren dit met zorgvuldig geselecteerde groenten&#44; fruit en kruiden om zo te komen tot de perfecte voeding voor jouw Amerikaanse stafford.<\/p>\n<p><strong>Waarom Yourdog Amerikaanse stafford <\/strong><\/p>\n<ul>\n<li>Riche en buffles et en volailles<\/li>\n<li>Speciaal gemaakt voor de Amerikaanse stafford<\/li>\n<li>Bevat Tijm&#44; Echinacea en Frambozen<\/li>\n<li>Favorise un pelage sain et brillant<\/li>\n<li>Maintenir une flore intestinale saine<\/li>\n<li>Sans parfums, colorants ou ar\u00f4mes artificiels<\/li>\n<li>Ook geschikt voor de gevoelige Amerikaanse stafford<\/li>\n<\/ul>\n<p><strong>Nos ingr\u00e9dients<\/strong><\/p>\n<p>Pour fabriquer nos aliments, 10,6 kg de viande sont d\u00e9shydrat\u00e9s pour un sac de 12 kg afin de faciliter leur incorporation dans nos croquettes. Avec la bonne quantit\u00e9 de l\u00e9gumes, de fruits et d'herbes, Yourdog est un choix sain et nutritif pour les chiens.<\/p>\n<p><i>Buffalo<\/i><\/p>\n<p>Chez Yourdog, nous utilisons de la viande de buffle \u00e9lev\u00e9e en libert\u00e9 et nourrie \u00e0 l'herbe. Connue pour sa saveur cr\u00e9meuse et fra\u00eeche et sa couleur riche, la viande de buffle regorge de vitamines et de min\u00e9raux. Avec une teneur en cholest\u00e9rol et en graisse plus faible et moins de calories, cette viande tendre est pleine de bienfaits pour la sant\u00e9.<\/p>\n<\/p>\n<p><i>Volaille<\/i><\/p>\n<p>Chez Yourdog, nous utilisons du canard, du poulet et de la dinde qui, ensemble, donnent une saveur et un ar\u00f4me d\u00e9licieux aux croquettes. Les prot\u00e9ines hautement digestibles de la volaille assurent une bonne construction musculaire et sont riches en vitamines et en min\u00e9raux.<\/p>\n<\/p>\n<p><i>L\u00e9gumes<\/i><\/p>\n<p>Pour fournir aux chiens des nutriments pr\u00e9cieux suppl\u00e9mentaires, des l\u00e9gumes tr\u00e8s sains ont \u00e9t\u00e9 ajout\u00e9s \u00e0 notre alimentation. Ainsi, les l\u00e9gumes ne sont pas seulement nutritifs, ils ont aussi d'autres propri\u00e9t\u00e9s b\u00e9n\u00e9fiques pour la sant\u00e9. Les fibres brutes contenues dans les l\u00e9gumes sont b\u00e9n\u00e9fiques pour les intestins et peuvent notamment contribuer \u00e0 la digestion.<\/p>\n<\/p>\n<p><i>Fruits<\/i><\/p>\n<p>Nous ajoutons une combinaison unique de fruits \u00e0 Yourdog, ce qui donne au chien tous les antioxydants naturels essentiels. Les fruits peuvent donc \u00eatre b\u00e9n\u00e9fiques pour le syst\u00e8me immunitaire du chien, mais ils peuvent aussi contribuer \u00e0 lui donner une haleine fra\u00eeche ou \u00e0 maintenir une bonne digestion. Ces ingr\u00e9dients naturels favorisent la sant\u00e9 du chien.<\/p>\n<p><i>Herbes<\/i><\/p>\n<p>Les herbes saines qui enrichissent notre alimentation proviennent de plantes d'Europe. L'utilisation d'herbes, de racines, de fleurs, de plantes et d'algues, entre autres, remonte \u00e0 des milliers d'ann\u00e9es. Ces ingr\u00e9dients favorisent les processus naturels de l'organisme du chien, comme la digestion. Chaque ingr\u00e9dient que nous ajoutons \u00e0 nos aliments pour chiens est soigneusement s\u00e9lectionn\u00e9 pour ses propri\u00e9t\u00e9s positives. En fonction de la taille, de la race ou du groupe de races du chien, les ingr\u00e9dients font l'objet d'une attention particuli\u00e8re. L'utilisation d'herbes, de racines, de fleurs et de plantes permet d'att\u00e9nuer les probl\u00e8mes sp\u00e9cifiques \u00e0 la race.<\/p>\n<\/p>\n<p><strong>Amerikaanse stafford specifieke groente&#44; kruiden en fruit<\/strong><\/p>\n<p>Wij hebben zorgvuldig de raseigenschappen van de Amerikaanse stafford onderzocht. Ook hebben we onderzoek gedaan naar de eigenschappen van de FCI-ras sectie en de FCI-rasgroep waar de Amerikaanse stafford toe behoort. Uit deze onderzoeken zijn&#44; in overleg met vooraanstaande Nederlandse voedingsdeskundige&#44; ingredi&#235;nten geselecteerd die de gezondheid en het welzijn van de Amerikaanse stafford optimaal ten goede komen.<\/p>\n<p>Tijm <\/p>\n<p>Tijm is een geslacht uit de lipbloemenfamilie. Het omvat kruidachtige of houtachtige planten met een zeer aromatische geur. Tijm is door de Grieken en Romeinen gebruikt als geneeskruid tegen longziekten&#44; reumatiek&#44; verlamming&#44; maagkramp&#44; gezwellen&#44; hoofdpijn&#44; koliek en zenuwzwakten.<\/p>\n<p>De geneeskrachtige eigenschappen van tijm worden bevestigd door de hoge waarden aan vitamine K die het bevat. Daarnaast bevat tijm ook veel ijzer&#44; maar ook de mineralen calcium en mangaan in. Het bevat ook het aminozuur tryptofaan en een aanmerkelijke hoeveelheid vezels.<\/p>\n<\/p>\n<p>Tijm werkt ontstekingsremmend en heeft een krachtige antibacteri&#235;le en schimmeldodende werking. Hiernaast stimuleert het de aanmaak van witte bloedlichaampjes en versterkt het het afweersysteem. Tijm is rijk aan antioxidanten en bestrijdt effectief vrije radicalen.<\/p>\n<\/p>\n<p>Bij Yourdog voegen wij tijm toe aan ons hondenvoer omdat het een positieve bijdrage zou kunnen leveren aan het voorkomen van rasspecifieke klachten in relatie tot reuma&#44; verlamming&#44; maag en zenuwen. Tijm is daarnaast ook een natuurlijke bacteriebestrijder.<\/p>\n<p>Echinacea <\/p>\n<p>Echinacea komt uit de plantenfamilie asteraceae&#44; welke van nature oorspronkelijk uit het oosten van Noord-Amerika voorkomt. Aan een aantal planten uit deze familie wordt medicinale eigenschappen toegeschreven. Zo wordt de plant in verband gebracht met het versterken van het immuunsysteem en infecties aan de luchtwegen.<\/p>\n<\/p>\n<p>Het is uit onderzoek gebleken dat echinacea een ontstekingsremmende werking kan hebben bij honden. Via bloedonderzoek is ook aangetoond dat het een positief effect heeft op de gezondheid en weerstand van honden. Zo kan het verkoudheidsklachten zoals een druipneus en hoesten verminderen.<\/p>\n<p>Bij Yourdog voegen we echinacea toe aan ons hondenvoer omdat dit een positieve bijdrage kan leveren aan het versterken van de weerstand van de hond en kan bijdragen aan de algehele gezondheid.<\/p>\n<p>Frambozen <\/p>\n<p>De framboos is een plant uit de rozenfamilie en behoort tot het geslacht Rubus. De teelt van frambozen gaat al terug tot de middeleeuwen en komt van nature voor in heel Europa.<\/p>\n<p>Frambozen bevatten veel stoffen die de gezondheid van de hond kunnen ondersteunen&#44; zoals vitaminen zoals vitamine C&#44; mineralen zoals mangaan en antioxidanten. Verder zijn frambozen laag in suiker en calorie&#235;n en rijk aan goede vezels.<\/p>\n<p>Framboos wordt toegevoegd aan ons hondenvoer vanwege de ontstekingsremmende eigenschappen en het kan een positieve bijdrage leveren aan de werking van het immuunsysteem. Tevens kunnen frambozen bijdragen aan het behoud van het gezichtsvermogen en een gezond hart- en vaatstelsel.<\/p>\n<p><strong>Chiot, adulte ou personne \u00e2g\u00e9e ?<\/strong><\/p>\n<p>Om je te helpen bij het maken van de juiste keuze tussen onze varianten Amerikaanse stafford hondenvoer kun je gebruik maken van de volgende richtlijnen. Is jouw Amerikaanse stafford jonger dan 11 maanden&#44; kies dan voor de Puppy variant. Voor een Amerikaanse stafford ouder dan 7 jaar adviseren we de Yourdog Amerikaanse stafford senior. Is jouw hond ouder dan 11 maanden en jonger dan 7 jaar&#44; dan kun je de Adult variant kiezen.<\/p>\n<\/p>\n<p><strong>Garantie d'app\u00e9tence <\/strong><\/p>\n<p>Wij zijn overtuigd van de kwaliteit van onze voeding. Daarom geven wij op alle Yourdog verpakkingen een smakelijkheidsgarantie. Lijkt jouw Amerikaanse stafford zijn Yourdog hondenvoer toch niet lekker te vinden&#44; neem dan contact met ons op. Wij helpen je bij het analyseren van de problemen. Komen we er samen niet uit dan krijg je van ons het aankoopbedrag terug.<\/p>\n<\/p>\n<p><strong>Conseils nutritionnels<\/strong><\/p>\n<table>\n<tr>\n<td><\/td>\n<td>Leeftijd in maanden<\/td>\n<\/tr>\n<tr>\n<td>Volwassen gewicht (kg)<\/td>\n<td>1<\/td>\n<td>2<\/td>\n<td>3<\/td>\n<td>4<\/td>\n<td>6<\/td>\n<td>12<\/td>\n<td>18<\/td>\n<\/tr>\n<tr>\n<td>2.5<\/td>\n<td>30<\/td>\n<td>60<\/td>\n<td>70<\/td>\n<td>65<\/td>\n<td>55<\/td>\n<td>x<\/td>\n<\/tr>\n<tr>\n<td>5<\/td>\n<td>55<\/td>\n<td>100<\/td>\n<td>100<\/td>\n<td>115<\/td>\n<td>110<\/td>\n<td>95<\/td>\n<td>x<\/td>\n<\/tr>\n<tr>\n<td>7.5<\/td>\n<td>75<\/td>\n<td>135<\/td>\n<td>140<\/td>\n<td>155<\/td>\n<td>145<\/td>\n<td>125<\/td>\n<td>x<\/td>\n<\/tr>\n<tr>\n<td>15<\/td>\n<td>100<\/td>\n<td>180<\/td>\n<td>235<\/td>\n<td>235<\/td>\n<td>290<\/td>\n<td>265<\/td>\n<td>215<\/td>\n<\/tr>\n<tr>\n<td>25<\/td>\n<td>105<\/td>\n<td>190<\/td>\n<td>285<\/td>\n<td>305<\/td>\n<td>380<\/td>\n<td>385<\/td>\n<td>315<\/td>\n<\/tr>\n<tr>\n<td>30<\/td>\n<td>110<\/td>\n<td>215<\/td>\n<td>320<\/td>\n<td>410<\/td>\n<td>425<\/td>\n<td>395<\/td>\n<td>360<\/td>\n<\/tr>\n<tr>\n<td>35<\/td>\n<td>115<\/td>\n<td>230<\/td>\n<td>345<\/td>\n<td>445<\/td>\n<td>470<\/td>\n<td>440<\/td>\n<td>405<\/td>\n<\/tr>\n<tr>\n<td>45<\/td>\n<td>135<\/td>\n<td>250<\/td>\n<td>385<\/td>\n<td>500<\/td>\n<td>550<\/td>\n<td>530<\/td>\n<td>485<\/td>\n<\/tr>\n<tr>\n<td>60<\/td>\n<td>140<\/td>\n<td>265<\/td>\n<td>420<\/td>\n<td>560<\/td>\n<td>665<\/td>\n<td>815<\/td>\n<td>605<\/td>\n<\/tr>\n<tr>\n<td>80<\/td>\n<td>150<\/td>\n<td>255<\/td>\n<td>460<\/td>\n<td>580<\/td>\n<td>760<\/td>\n<td>1010<\/td>\n<td>750<\/td>\n<\/tr>\n<\/table>\n<p><strong>Conseils pour le passage \u00e0 l'euro<\/strong><\/p>\n<p>Stap je over op Yourdog vanaf een ander voermerk dan adviseren wij de volgende stappen te volgen. Voor de eerste stap voer je 25% Yourdog en 75% van het oude hondenvoer. De hond kan hier gedurende twee dagen aan wennen. Vervolgens voer je 50% Yourdog en 50% van het oude hondenvoer. Het is belangrijk dat je de hond ook hier weer twee of drie dagen aan laat wennen. Daarna meng je 75% Yourdog en 25% van het oude hondenvoer. De hond is nu bijna helemaal over op Yourdog. Doe dit gedurende 2 dagen. Naar eigen inzicht kun je hierna 100% Yourdog Amerikaanse stafford hondenvoer gaan voeren.<\/p>\n<p><strong>Conseils de stockage<\/strong><\/p>\n<p>Apr\u00e8s ouverture de l'emballage Yourdog, les aliments sont expos\u00e9s \u00e0 l'oxyg\u00e8ne, \u00e0 l'humidit\u00e9 et \u00e0 la lumi\u00e8re, ce qui peut affecter leur dur\u00e9e de conservation et leur go\u00fbt. Il est donc important de conserver les aliments correctement apr\u00e8s l'ouverture du sac, de pr\u00e9f\u00e9rence dans une bo\u00eete de stockage herm\u00e9tique ou un tonneau dans un endroit sec, frais et sombre. Il est pr\u00e9f\u00e9rable de ne pas mettre les aliments en vrac dans le tonneau, mais de les mettre dans le tonneau avec le sac entier, que vous refermerez le mieux possible.<\/p>\n<p><strong>Composition<\/strong><\/p>\n<p>Ma&#239;s&#44; gedroogde kip (30%)&#44; gevogeltevet&#44; erwten&#44; gedroogde buffel (3.5%)&#44; choline chloride&#44; glucosamine&#44; chondroitine&#44; groentemix (met o.a. wortel)&#44; fruitmix (met o.a. frambozen)&#44; kruidenmix (met o.a. tijm&#44; echinacea) <\/p>\n<p><strong>Constituants analytiques<\/strong><\/p>\n<p>Ruw eiwit 28%&#44; ruw vet 16%&#44; ruwe celstof 3&#44;3%&#44; ruw as 6&#44;8%&#44; Calcium 1&#44;7%&#44; Fosfor 1&#44;3%<\/p>\n<p><strong>Valeurs nutritionnelles<\/strong><\/p>\n<p>Vitamine A 20.000 IE (E672)&#44; vitamine D3 1.400 IE (E671)&#44; vitamine E als all rac-alpha-tocopherylacetat (3a700) 500 mg&#44; E1 Fe als ijzer(II)sulfaat&#44; monohydraat: 50 mg&#44; E2 I als calciumjodaat&#44; watervrij:1&#44;5 mg&#44; E4 Cu als koper(II)sulfaat&#44; pentahydraat: 5&#44;0 mg&#44; E5 Mn als mangaan(II)oxide: 35 mg&#44; E6 Zn als zinkoxide: 70 mg&#44; E8 Se als natriumseleniet: 0&#44;2 mg.<\/p>","protected":false},"featured_media":8692,"comment_status":"closed","ping_status":"open","template":"","meta":[],"product_brand":[189],"product_cat":[190,86],"product_tag":[2121,3827,203,3841,3747],"class_list":{"0":"post-7127","1":"product","2":"type-product","3":"status-publish","4":"has-post-thumbnail","6":"product_brand-yourdog","7":"product_cat-droogvoer-hond","8":"product_cat-honden","9":"product_tag-aan","10":"product_tag-amerikaanse","11":"product_tag-hond","12":"product_tag-stafford","13":"product_tag-yourdog","14":"product_shipping_class-pakket","16":"first","17":"instock","18":"purchasable","19":"product-type-simple"},"_links":{"self":[{"href":"https:\/\/zoonatie.be\/fr\/wp-json\/wp\/v2\/product\/7127","targetHints":{"allow":["GET"]}}],"collection":[{"href":"https:\/\/zoonatie.be\/fr\/wp-json\/wp\/v2\/product"}],"about":[{"href":"https:\/\/zoonatie.be\/fr\/wp-json\/wp\/v2\/types\/product"}],"replies":[{"embeddable":true,"href":"https:\/\/zoonatie.be\/fr\/wp-json\/wp\/v2\/comments?post=7127"}],"version-history":[{"count":0,"href":"https:\/\/zoonatie.be\/fr\/wp-json\/wp\/v2\/product\/7127\/revisions"}],"wp:featuredmedia":[{"embeddable":true,"href":"https:\/\/zoonatie.be\/fr\/wp-json\/wp\/v2\/media\/8692"}],"wp:attachment":[{"href":"https:\/\/zoonatie.be\/fr\/wp-json\/wp\/v2\/media?parent=7127"}],"wp:term":[{"taxonomy":"product_brand","embeddable":true,"href":"https:\/\/zoonatie.be\/fr\/wp-json\/wp\/v2\/product_brand?post=7127"},{"taxonomy":"product_cat","embeddable":true,"href":"https:\/\/zoonatie.be\/fr\/wp-json\/wp\/v2\/product_cat?post=7127"},{"taxonomy":"product_tag","embeddable":true,"href":"https:\/\/zoonatie.be\/fr\/wp-json\/wp\/v2\/product_tag?post=7127"}],"curies":[{"name":"wp","href":"https:\/\/api.w.org\/{rel}","templated":true}]}}